{"id":166642,"date":"2025-07-07T04:28:46","date_gmt":"2025-07-07T09:28:46","guid":{"rendered":"https:\/\/autointegrate.com\/?page_id=166642"},"modified":"2025-07-07T04:28:46","modified_gmt":"2025-07-07T09:28:46","slug":"comment-sinscrire-2","status":"publish","type":"page","link":"https:\/\/autointegrate.com\/fr\/comment-sinscrire-2\/","title":{"rendered":"Comment s\u2019inscrire"},"content":{"rendered":"<div class=\"wpb-content-wrapper\"><p>[vc_row heading_color=\u00a0\u00bblight\u00a0\u00bb bg_type=\u00a0\u00bbimage\u00a0\u00bb bg_image=\u00a0\u00bb2341&Prime; bg_image_size=\u00a0\u00bbfull\u00a0\u00bb padding_top_multiplier=\u00a0\u00bb\u00a0\u00bb padding_bottom_multiplier=\u00a0\u00bb\u00a0\u00bb columns_gap=\u00a0\u00bb20&Prime; equal_column_height=\u00a0\u00bbequal-column\u00a0\u00bb separator_bottom=\u00a0\u00bbcurve-left-separator\u00a0\u00bb separator_bottom_size=\u00a0\u00bb120px\u00a0\u00bb font_color=\u00a0\u00bb#ffffff\u00a0\u00bb][vc_column width=\u00a0\u00bb7\/12&Prime; tablet_width=\u00a0\u00bb3-4&Prime; tablet_sm_width=\u00a0\u00bb11-12&Prime;]<div class=\"grve-empty-space\" style=\"height: 180px;\"><\/div><h4 class=\"grve-element grve-title grve-align-left grve-animated-item grve-duration-very-fast grve-fade-in-down grve-h4 o2c-title-no-margin\" style=\"\" data-delay=\"100\"><span>COMMENT<\/span><\/h4><h1 class=\"grve-element grve-title grve-align-left grve-animated-item grve-duration-fast grve-fade-in-left grve-h1\" style=\"\" data-delay=\"100\"><span>INSCRIRE VOTRE GARAGE<\/span><\/h1><div class=\"grve-empty-space\" style=\"height: 140px;\"><\/div>[\/vc_column][vc_column vertical_content_position=\u00a0\u00bbbottom\u00a0\u00bb column_custom_position=\u00a0\u00bbyes\u00a0\u00bb width=\u00a0\u00bb5\/12&Prime; tablet_width=\u00a0\u00bb1-4&Prime; tablet_sm_width=\u00a0\u00bb1-12&Prime; mobile_width=\u00a0\u00bbhide\u00a0\u00bb][\/vc_column][\/vc_row][vc_row bwd_tbc4vd_show_weekday=\u00a0\u00bb\u00a0\u00bb section_id=\u00a0\u00bbRegisterContents\u00a0\u00bb][vc_column][vc_column_text css=\u00a0\u00bb\u00a0\u00bb]<span style=\"font-size: 18pt;\"><strong>Dans cet article\u00a0:<\/strong><\/span>[\/vc_column_text]<div class=\"grve-empty-space grve-height-1x\" style=\"\"><\/div>[vc_column_text css=\u00a0\u00bb\u00a0\u00bb]<\/p>\n<ul>\n<li><a href=\"https:\/\/autointegrate.com\/fr\/comment-sinscrire\/#GetInvite\">Comment recevoir une invitation \u00e0 m\u2019inscrire\u00a0?<\/a><\/li>\n<li><a href=\"https:\/\/autointegrate.com\/fr\/comment-sinscrire\/#HowRegister\">Comment s\u2019inscrire<\/a><\/li>\n<li><a href=\"https:\/\/autointegrate.com\/fr\/comment-sinscrire\/#RegistrationFAQ\">FAQ sur l\u2019inscription<\/a><\/li>\n<\/ul>\n<p>[\/vc_column_text]<div class=\"grve-empty-space grve-height-1x\" style=\"\"><\/div>[\/vc_column][\/vc_row][vc_row bwd_tbc4vd_show_weekday=\u00a0\u00bb\u00a0\u00bb section_id=\u00a0\u00bbGetInvite\u00a0\u00bb][vc_column][vc_column_text css=\u00a0\u00bb\u00a0\u00bb]<span style=\"font-size: 24pt;\"><strong>Comment recevoir une invitation\u00a0?<\/strong><\/span>[\/vc_column_text]<div class=\"grve-empty-space grve-height-1x\" style=\"\"><\/div>[vc_column_text css=\u00a0\u00bb\u00a0\u00bb]Pour vous inscrire \u00e0 Auto Integrate, vous aurez besoin d\u2019une invitation par e-mail. Pour recevoir cet e-mail, consultez notre <a href=\"https:\/\/www.autointegrate.com\/register\/\" target=\"_blank\" rel=\"noopener noreferrer\">Registration Page<\/a> (page d\u2019inscription) ou contactez la flotte ou le gestionnaire de flotte avec qui vous souhaitez travailler et demandez une invitation.<\/p>\n<p>L\u2019e-mail que vous recevrez pour vous inscrire \u00e0 Auto Integrate s\u2019intitulera \u00ab\u00a0Registration Invitation\u00a0\u00bb (Invitation \u00e0 vous inscrire) et ressemblera \u00e0 celui-ci\u00a0:[\/vc_column_text]<div class=\"grve-empty-space grve-height-1x\" style=\"\"><\/div><div class=\"grve-element grve-image grve-align-center\" style=\"\">  <div class=\"grve-image-wrapper\"><img loading=\"lazy\" decoding=\"async\" width=\"692\" height=\"650\" src=\"https:\/\/autointegrate.com\/wp-content\/uploads\/Invite-Email-Example-Resized-V3.png\" class=\"attachment-full size-full\" alt=\"\" \/>   <\/div><\/div><div class=\"grve-empty-space grve-height-1x\" style=\"\"><\/div>[vc_column_text css=\u00a0\u00bb\u00a0\u00bb]Once you receive this email, please click the link highlighted in blue titled &lsquo;Register with Auto Integrate here&rsquo;. If this does not work, please copy and paste the link below this text into your browser.[\/vc_column_text]<div class=\"grve-empty-space grve-height-1x\" style=\"\"><\/div>[\/vc_column][\/vc_row][vc_row bwd_tbc4vd_show_weekday=\u00a0\u00bb\u00a0\u00bb section_id=\u00a0\u00bbHowRegister\u00a0\u00bb][vc_column][vc_column_text css=\u00a0\u00bb\u00a0\u00bb]<span style=\"font-size: 24pt;\"><strong>Comment s\u2019inscrire<\/strong><\/span>[\/vc_column_text]<div class=\"grve-empty-space grve-height-1x\" style=\"\"><\/div>[vc_column_text css=\u00a0\u00bb\u00a0\u00bb]Une fois que vous aurez cliqu\u00e9 sur le lien pour vous inscrire, vous serez redirig\u00e9 vers une page avec les informations sur votre garage pr\u00e9remplies. Veuillez v\u00e9rifier toutes les informations pour en confirmer l\u2019exactitude. Les champs obligatoires sont indiqu\u00e9s par des ast\u00e9risques (*).<\/p>\n<p style=\"text-align: left;\">Les flottes se trouvent en bas de la page avec leurs conditions g\u00e9n\u00e9rales. Si vous souhaitez travailler avec une flotte, veuillez lire ses conditions g\u00e9n\u00e9rales dans leur int\u00e9gralit\u00e9 avant de cocher la case \u00ab\u00a0Read and Accept Terms\u00a0\u00bb (J\u2019ai lu et j\u2019accepte les conditions).<\/p>\n<p style=\"text-align: left;\">Une fois que vous serez satisfait des informations renseign\u00e9es, appuyez sur le bouton \u00ab\u00a0Finish\u00a0\u00bb (Terminer) en bas \u00e0 droite de la page.<\/p>\n<p style=\"text-align: left;\">Une fois approuv\u00e9 par la flotte, vous serez maintenant pr\u00eat \u00e0 travailler avec les clients de votre flotte via Auto Integrate.<\/p>\n<p>[\/vc_column_text]<div class=\"grve-empty-space grve-height-1x\" style=\"\"><\/div><div class=\"grve-element grve-image grve-align-center\" style=\"\">  <div class=\"grve-image-wrapper\"><img loading=\"lazy\" decoding=\"async\" width=\"895\" height=\"833\" src=\"https:\/\/autointegrate.com\/wp-content\/uploads\/Register-Page-Resized.png\" class=\"attachment-full size-full\" alt=\"\" srcset=\"https:\/\/autointegrate.com\/wp-content\/uploads\/Register-Page-Resized.png 895w, https:\/\/autointegrate.com\/wp-content\/uploads\/Register-Page-Resized-768x715.png 768w\" sizes=\"auto, (max-width: 895px) 100vw, 895px\" \/>   <\/div><\/div><div class=\"grve-empty-space grve-height-1x\" style=\"\"><\/div>[\/vc_column][\/vc_row][vc_row bwd_tbc4vd_show_weekday=\u00a0\u00bb\u00a0\u00bb section_id=\u00a0\u00bbRegistrationFAQ\u00a0\u00bb][vc_column][vc_column_text css=\u00a0\u00bb\u00a0\u00bb]<span style=\"font-size: 24pt;\"><strong>FAQ sur l\u2019inscription<\/strong><\/span>[\/vc_column_text]<div class=\"grve-empty-space grve-height-1x\" style=\"\"><\/div>[\/vc_column][\/vc_row][vc_row bwd_tbc4vd_show_weekday=\u00a0\u00bb\u00a0\u00bb bg_type=\u00a0\u00bbcolor\u00a0\u00bb padding_top_multiplier=\u00a0\u00bb\u00a0\u00bb padding_bottom_multiplier=\u00a0\u00bb4x\u00a0\u00bb][vc_column width=\u00a0\u00bb1\/2&Prime; tablet_sm_width=\u00a0\u00bb1&Prime;][vc_tta_accordion c_icon=\u00a0\u00bbchevron\u00a0\u00bb c_position=\u00a0\u00bbright\u00a0\u00bb active_section=\u00a0\u00bb0&Prime; heading_tag=\u00a0\u00bbh5&Prime; heading=\u00a0\u00bbh5&Prime; collapsible_all=\u00a0\u00bbtrue\u00a0\u00bb][vc_tta_section i_type=\u00a0\u00bblinecons\u00a0\u00bb i_icon_linecons=\u00a0\u00bbvc_li vc_li-search\u00a0\u00bb add_icon=\u00a0\u00bbtrue\u00a0\u00bb title=\u00a0\u00bbPourquoi vous inscrire \u00e0 la plateforme Auto Integrate\u00a0?\u00a0\u00bb tab_id=\u00a0\u00bb1543409085755-0ebec6f9-b26552de-725b\u00a0\u00bb][vc_column_text]L\u2019inscription \u00e0 la plateforme d\u2019AI pr\u00e9sente un certain nombre d\u2019avantages pour tous les utilisateurs. Certains des principaux avantages sont expliqu\u00e9s ci-dessous.[\/vc_column_text]<div class=\"grve-empty-space\" style=\"height: 30px;\"><\/div>[vc_row_inner][vc_column_inner]<div class=\"grve-element grve-box-icon grve-extra-small grve-side-icon grve-align-left\" style=\"margin-bottom: 10px;\"><div class=\"grve-wrapper-icon grve-no-shape\" style=\"\"><i class=\"grve-text-primary-1 vc_li vc_li-settings\"><\/i><\/div><div class=\"grve-box-content\"><div class=\"grve-box-title-wrapper\"><div class=\"grve-box-title grve-small-text\">Plus de travail de la part des entreprises de gestion de flotte qui utilisent AI : les utilisateurs de la flotte trouvent qu\u2019AI leur permet de gagner en efficacit\u00e9 et orientent donc souvent les conducteurs vers les fournisseurs r\u00e9f\u00e9renc\u00e9s sur la plateforme.<\/div><\/div><\/div><\/div><div class=\"grve-element grve-box-icon grve-extra-small grve-side-icon grve-align-left\" style=\"margin-bottom: 10px;\"><div class=\"grve-wrapper-icon grve-no-shape\" style=\"\"><i class=\"grve-text-primary-1 vc_li vc_li-settings\"><\/i><\/div><div class=\"grve-box-content\"><div class=\"grve-box-title-wrapper\"><div class=\"grve-box-title grve-small-text\">Une plus grande valeur du ticket gr\u00e2ce aux rappels d\u2019entretien pr\u00e9ventif<\/div><\/div><\/div><\/div><div class=\"grve-element grve-box-icon grve-extra-small grve-side-icon grve-align-left\" style=\"margin-bottom: 10px;\"><div class=\"grve-wrapper-icon grve-no-shape\" style=\"\"><i class=\"grve-text-primary-1 vc_li vc_li-settings\"><\/i><\/div><div class=\"grve-box-content\"><div class=\"grve-box-title-wrapper\"><div class=\"grve-box-title grve-small-text\">Plus rapide qu\u2019un traitement par t\u00e9l\u00e9phone - Finies les attentes interminables au t\u00e9l\u00e9phone<\/div><\/div><\/div><\/div><div class=\"grve-element grve-box-icon grve-extra-small grve-side-icon grve-align-left\" style=\"margin-bottom: 10px;\"><div class=\"grve-wrapper-icon grve-no-shape\" style=\"\"><i class=\"grve-text-primary-1 vc_li vc_li-settings\"><\/i><\/div><div class=\"grve-box-content\"><div class=\"grve-box-title-wrapper\"><div class=\"grve-box-title grve-small-text\">Auto Approval vous donne une autorisation instantan\u00e9e sur jusqu\u2019\u00e0 62 % des demandes de r\u00e9paration. Le reste est approuv\u00e9 en 4 minutes en moyenne.<\/div><\/div><\/div><\/div><div class=\"grve-element grve-box-icon grve-extra-small grve-side-icon grve-align-left\" style=\"margin-bottom: 10px;\"><div class=\"grve-wrapper-icon grve-no-shape\" style=\"\"><i class=\"grve-text-primary-1 vc_li vc_li-settings\"><\/i><\/div><div class=\"grve-box-content\"><div class=\"grve-box-title-wrapper\"><div class=\"grve-box-title grve-small-text\">Pas besoin de faxer ou d\u2019envoyer les factures par courrier pour \u00eatre pay\u00e9.<\/div><\/div><\/div><\/div><div class=\"grve-element grve-box-icon grve-extra-small grve-side-icon grve-align-left\" style=\"margin-bottom: 10px;\"><div class=\"grve-wrapper-icon grve-no-shape\" style=\"\"><i class=\"grve-text-primary-1 vc_li vc_li-settings\"><\/i><\/div><div class=\"grve-box-content\"><div class=\"grve-box-title-wrapper\"><div class=\"grve-box-title grve-small-text\">Des frais de paiement \u00e9lectronique inf\u00e9rieurs \u00e0 la plupart des frais de carte de cr\u00e9dit, normalement trait\u00e9s en seulement 48 heures<\/div><\/div><\/div><\/div><div class=\"grve-element grve-box-icon grve-extra-small grve-side-icon grve-align-left\" style=\"margin-bottom: 10px;\"><div class=\"grve-wrapper-icon grve-no-shape\" style=\"\"><i class=\"grve-text-primary-1 vc_li vc_li-settings\"><\/i><\/div><div class=\"grve-box-content\"><div class=\"grve-box-title-wrapper\"><div class=\"grve-box-title grve-small-text\">Votre facture est r\u00e9gl\u00e9e dans son int\u00e9gralit\u00e9. Le service client voit ce que vous voyez. Donc, le montant approuv\u00e9 est le montant pay\u00e9<\/div><\/div><\/div><\/div><div class=\"grve-element grve-box-icon grve-extra-small grve-side-icon grve-align-left\" style=\"margin-bottom: 10px;\"><div class=\"grve-wrapper-icon grve-no-shape\" style=\"\"><i class=\"grve-text-primary-1 vc_li vc_li-settings\"><\/i><\/div><div class=\"grve-box-content\"><div class=\"grve-box-title-wrapper\"><div class=\"grve-box-title grve-small-text\">Possibilit\u00e9 d\u2019afficher l\u2019historique du v\u00e9hicule<\/div><\/div><\/div><\/div><div class=\"grve-element grve-box-icon grve-extra-small grve-side-icon grve-align-left\" style=\"margin-bottom: 10px;\"><div class=\"grve-wrapper-icon grve-no-shape\" style=\"\"><i class=\"grve-text-primary-1 vc_li vc_li-settings\"><\/i><\/div><div class=\"grve-box-content\"><div class=\"grve-box-title-wrapper\"><div class=\"grve-box-title grve-small-text\">Suivez les demandes de r\u00e9paration en cours et archiv\u00e9s<\/div><\/div><\/div><\/div><div class=\"grve-element grve-box-icon grve-extra-small grve-side-icon grve-align-left\" style=\"margin-bottom: 10px;\"><div class=\"grve-wrapper-icon grve-no-shape\" style=\"\"><i class=\"grve-text-primary-1 vc_li vc_li-settings\"><\/i><\/div><div class=\"grve-box-content\"><div class=\"grve-box-title-wrapper\"><div class=\"grve-box-title grve-small-text\">Les soci\u00e9t\u00e9s de gestion de flotte peuvent toujours appeler si vous avez besoin d\u2019aide<\/div><\/div><\/div><\/div>[\/vc_column_inner][\/vc_row_inner][\/vc_tta_section][vc_tta_section i_type=\u00a0\u00bblinecons\u00a0\u00bb i_icon_linecons=\u00a0\u00bbvc_li vc_li-search\u00a0\u00bb add_icon=\u00a0\u00bbtrue\u00a0\u00bb title=\u00a0\u00bbQu\u2019est-ce qu\u2019une \u00ab\u00a0remise ind\u00e9pendante\u00a0\u00bb\u00a0?\u00a0\u00bb tab_id=\u00a0\u00bb1543409086078-fc6fffa1-136352de-725b\u00a0\u00bb][vc_column_text css=\u00a0\u00bb\u00a0\u00bb]\u00ab\u00a0Independent Rebate\u00a0\u00bb (Remise ind\u00e9pendante) d\u00e9signe un pourcentage de remise fixe qui sera d\u00e9duit du total de la demande de r\u00e9paration pour cette Flotte.[\/vc_column_text][\/vc_tta_section][vc_tta_section i_type=\u00a0\u00bblinecons\u00a0\u00bb i_icon_linecons=\u00a0\u00bbvc_li vc_li-search\u00a0\u00bb add_icon=\u00a0\u00bbtrue\u00a0\u00bb title=\u00a0\u00bbQue signifie MBE et WBE\u00a0?\u00a0\u00bb tab_id=\u00a0\u00bb1543409086152-0ffcc881-ccc652de-725b\u00a0\u00bb][vc_column_text css=\u00a0\u00bb\u00a0\u00bb]\u00ab\u00a0MBE\u00a0\u00bb signifie \u00ab\u00a0Minority Business Enterprise\u00a0\u00bb (Entreprise priv\u00e9e d\u00e9tenue par une minorit\u00e9) et \u00ab\u00a0WBE\u00a0\u00bb signifie \u00ab\u00a0Women Business Enterprise\u00a0\u00bb (Entreprise d\u00e9tenue par une femme).<\/p>\n<p>Si aucune de ces r\u00e9ponses ne s\u2019applique, laissez simplement ces deux cases d\u00e9coch\u00e9es.[\/vc_column_text]<div class=\"grve-empty-space\" style=\"height: 30px;\"><\/div>[\/vc_tta_section][\/vc_tta_accordion][\/vc_column][vc_column vertical_content_position=\u00a0\u00bbmiddle\u00a0\u00bb width=\u00a0\u00bb1\/2&Prime; tablet_sm_width=\u00a0\u00bb1&Prime;][vc_tta_accordion c_icon=\u00a0\u00bbchevron\u00a0\u00bb c_position=\u00a0\u00bbright\u00a0\u00bb active_section=\u00a0\u00bb0&Prime; heading_tag=\u00a0\u00bbh5&Prime; heading=\u00a0\u00bbh5&Prime; collapsible_all=\u00a0\u00bbtrue\u00a0\u00bb][vc_tta_section i_type=\u00a0\u00bblinecons\u00a0\u00bb i_icon_linecons=\u00a0\u00bbvc_li vc_li-search\u00a0\u00bb add_icon=\u00a0\u00bbtrue\u00a0\u00bb title=\u00a0\u00bbComment le paiement est-il g\u00e9r\u00e9\u00a0?\u00a0\u00bb tab_id=\u00a0\u00bb1543408136487-1006d8c9-00d452de-725b\u00a0\u00bb][vc_column_text]Le paiement continue d\u2019\u00eatre g\u00e9r\u00e9 par le gestionnaire de flotte\u00a0; Auto Integrate n\u2019\u00e9met aucun paiement.<\/p>\n<p>Vous devez poser votre question concernant le paiement des demandes de r\u00e9paration directement au gestionnaire de flotte.[\/vc_column_text]<div class=\"grve-empty-space\" style=\"height: 30px;\"><\/div>[\/vc_tta_section][vc_tta_section i_type=\u00a0\u00bblinecons\u00a0\u00bb i_icon_linecons=\u00a0\u00bbvc_li vc_li-search\u00a0\u00bb add_icon=\u00a0\u00bbtrue\u00a0\u00bb title=\u00a0\u00bbLes services Auto Integrate sont-ils payants\u00a0?\u00a0\u00bb tab_id=\u00a0\u00bb1543408821592-55aba543-2a9052de-725b\u00a0\u00bb][vc_column_text]Oui, certains gestionnaires de flotte facturent des frais raisonnables.<\/p>\n<p>Veuillez <a href=\"http:\/\/www.autointegrate.com\/contact-us\/\">contacter <\/a>notre \u00e9quipe d\u2019assistance pour plus d\u2019informations[\/vc_column_text][\/vc_tta_section][\/vc_tta_accordion][\/vc_column][\/vc_row][vc_row bwd_tbc4vd_show_weekday=\u00a0\u00bb\u00a0\u00bb section_id=\u00a0\u00bbAddingCatalog\u00a0\u00bb][vc_column width=\u00a0\u00bb1\/5&Prime;]<div class=\"grve-element grve-single-icon grve-align-left grve-medium\" style=\"\"><a href=\"https:\/\/autointegrate.com\/fr\/comment-sinscrire\/#GetInvite\" title=\"Retour en haut de page\">  <div class=\"grve-wrapper-icon grve-no-shape\" style=\"\"><i class=\"fas fa-undo-alt grve-text-primary-1\"><\/i><\/div><\/a><\/div>[\/vc_column][vc_column width=\u00a0\u00bb1\/5&Prime;][\/vc_column][vc_column width=\u00a0\u00bb1\/5&Prime;]<div class=\"grve-element grve-single-icon grve-align-center grve-medium\" style=\"\"><a href=\"https:\/\/autointegrate.com\/fr\/contenu-du-guide-de-lutilisateur-auto-integrate\/\" title=\"Demandes de r\u00e9paration\">  <div class=\"grve-wrapper-icon grve-no-shape\" style=\"\"><i class=\"fas fa-home grve-text-primary-1\"><\/i><\/div><\/a><\/div>[\/vc_column][vc_column width=\u00a0\u00bb1\/5&Prime;][\/vc_column][\/vc_row]<\/p>\n<\/div>","protected":false},"excerpt":{"rendered":"<p>[vc_row heading_color=\u00a0\u00bblight\u00a0\u00bb bg_type=\u00a0\u00bbimage\u00a0\u00bb bg_image=\u00a0\u00bb2341&Prime; bg_image_size=\u00a0\u00bbfull\u00a0\u00bb padding_top_multiplier=\u00a0\u00bb\u00a0\u00bb padding_bottom_multiplier=\u00a0\u00bb\u00a0\u00bb columns_gap=\u00a0\u00bb20&Prime; equal_column_height=\u00a0\u00bbequal-column\u00a0\u00bb separator_bottom=\u00a0\u00bbcurve-left-separator\u00a0\u00bb separator_bottom_size=\u00a0\u00bb120px\u00a0\u00bb font_color=\u00a0\u00bb#ffffff\u00a0\u00bb][vc_column width=\u00a0\u00bb7\/12&Prime; tablet_width=\u00a0\u00bb3-4&Prime; tablet_sm_width=\u00a0\u00bb11-12&Prime;][\/vc_column][vc_column vertical_content_position=\u00a0\u00bbbottom\u00a0\u00bb column_custom_position=\u00a0\u00bbyes\u00a0\u00bb width=\u00a0\u00bb5\/12&Prime; tablet_width=\u00a0\u00bb1-4&Prime; tablet_sm_width=\u00a0\u00bb1-12&Prime; mobile_width=\u00a0\u00bbhide\u00a0\u00bb][\/vc_column][\/vc_row][vc_row bwd_tbc4vd_show_weekday=\u00a0\u00bb\u00a0\u00bb section_id=\u00a0\u00bbRegisterContents\u00a0\u00bb][vc_column][vc_column_text css=\u00a0\u00bb\u00a0\u00bb]Dans cet article\u00a0:[\/vc_column_text][vc_column_text css=\u00a0\u00bb\u00a0\u00bb] Comment recevoir une invitation \u00e0 m\u2019inscrire\u00a0? Comment s\u2019inscrire FAQ sur l\u2019inscription [\/vc_column_text][\/vc_column][\/vc_row][vc_row bwd_tbc4vd_show_weekday=\u00a0\u00bb\u00a0\u00bb section_id=\u00a0\u00bbGetInvite\u00a0\u00bb][vc_column][vc_column_text css=\u00a0\u00bb\u00a0\u00bb]Comment recevoir une invitation\u00a0?[\/vc_column_text][vc_column_text css=\u00a0\u00bb\u00a0\u00bb]Pour vous inscrire \u00e0 Auto Integrate, vous aurez besoin d\u2019une [&hellip;]<\/p>\n","protected":false},"author":6,"featured_media":0,"parent":0,"menu_order":0,"comment_status":"closed","ping_status":"closed","template":"","meta":{"footnotes":""},"folder":[239],"class_list":["post-166642","page","type-page","status-publish","hentry"],"yoast_head":"<!-- This site is optimized with the Yoast SEO plugin v27.4 - https:\/\/yoast.com\/product\/yoast-seo-wordpress\/ -->\n<title>Comment inscrire votre garage | Auto\u00a0Integrate<\/title>\n<meta name=\"description\" content=\"Comment inscrire votre garage dans Auto Integrate.\" \/>\n<meta name=\"robots\" content=\"index, follow, max-snippet:-1, max-image-preview:large, max-video-preview:-1\" \/>\n<link rel=\"canonical\" href=\"https:\/\/autointegrate.com\/fr\/comment-sinscrire-2\/\" \/>\n<meta property=\"og:locale\" content=\"fr_FR\" \/>\n<meta property=\"og:type\" content=\"article\" \/>\n<meta property=\"og:title\" content=\"Comment inscrire votre garage | Auto\u00a0Integrate\" \/>\n<meta property=\"og:description\" content=\"Comment inscrire votre garage dans Auto Integrate.\" \/>\n<meta property=\"og:url\" content=\"https:\/\/autointegrate.com\/fr\/comment-sinscrire-2\/\" \/>\n<meta property=\"og:site_name\" content=\"Auto Integrate\" \/>\n<meta property=\"og:image\" content=\"https:\/\/autointegrate.com\/wp-content\/uploads\/featured_image1-1.jpg\" \/>\n\t<meta property=\"og:image:width\" content=\"1200\" \/>\n\t<meta property=\"og:image:height\" content=\"628\" \/>\n\t<meta property=\"og:image:type\" content=\"image\/jpeg\" \/>\n<meta name=\"twitter:card\" content=\"summary_large_image\" \/>\n<meta name=\"twitter:label1\" content=\"Dur\u00e9e de lecture estim\u00e9e\" \/>\n\t<meta name=\"twitter:data1\" content=\"8 minutes\" \/>\n<script type=\"application\/ld+json\" class=\"yoast-schema-graph\">{\"@context\":\"https:\\\/\\\/schema.org\",\"@graph\":[{\"@type\":\"WebPage\",\"@id\":\"https:\\\/\\\/autointegrate.com\\\/fr\\\/comment-sinscrire-2\\\/\",\"url\":\"https:\\\/\\\/autointegrate.com\\\/fr\\\/comment-sinscrire-2\\\/\",\"name\":\"Comment inscrire votre garage | Auto\u00a0Integrate\",\"isPartOf\":{\"@id\":\"https:\\\/\\\/autointegrate.com\\\/fr\\\/#website\"},\"datePublished\":\"2025-07-07T09:28:46+00:00\",\"description\":\"Comment inscrire votre garage dans Auto Integrate.\",\"breadcrumb\":{\"@id\":\"https:\\\/\\\/autointegrate.com\\\/fr\\\/comment-sinscrire-2\\\/#breadcrumb\"},\"inLanguage\":\"fr-FR\",\"potentialAction\":[{\"@type\":\"ReadAction\",\"target\":[\"https:\\\/\\\/autointegrate.com\\\/fr\\\/comment-sinscrire-2\\\/\"]}]},{\"@type\":\"BreadcrumbList\",\"@id\":\"https:\\\/\\\/autointegrate.com\\\/fr\\\/comment-sinscrire-2\\\/#breadcrumb\",\"itemListElement\":[{\"@type\":\"ListItem\",\"position\":1,\"name\":\"Home\",\"item\":\"https:\\\/\\\/autointegrate.com\\\/fr\\\/\"},{\"@type\":\"ListItem\",\"position\":2,\"name\":\"Comment s\u2019inscrire\"}]},{\"@type\":\"WebSite\",\"@id\":\"https:\\\/\\\/autointegrate.com\\\/fr\\\/#website\",\"url\":\"https:\\\/\\\/autointegrate.com\\\/fr\\\/\",\"name\":\"Auto Integrate\",\"description\":\"\",\"publisher\":{\"@id\":\"https:\\\/\\\/autointegrate.com\\\/fr\\\/#organization\"},\"potentialAction\":[{\"@type\":\"SearchAction\",\"target\":{\"@type\":\"EntryPoint\",\"urlTemplate\":\"https:\\\/\\\/autointegrate.com\\\/fr\\\/?s={search_term_string}\"},\"query-input\":{\"@type\":\"PropertyValueSpecification\",\"valueRequired\":true,\"valueName\":\"search_term_string\"}}],\"inLanguage\":\"fr-FR\"},{\"@type\":\"Organization\",\"@id\":\"https:\\\/\\\/autointegrate.com\\\/fr\\\/#organization\",\"name\":\"Auto Integrate LLC.\",\"url\":\"https:\\\/\\\/autointegrate.com\\\/fr\\\/\",\"logo\":{\"@type\":\"ImageObject\",\"inLanguage\":\"fr-FR\",\"@id\":\"https:\\\/\\\/autointegrate.com\\\/fr\\\/#\\\/schema\\\/logo\\\/image\\\/\",\"url\":\"https:\\\/\\\/autointegrate.com\\\/wp-content\\\/uploads\\\/Auto_Integrate_StickyLogo.png\",\"contentUrl\":\"https:\\\/\\\/autointegrate.com\\\/wp-content\\\/uploads\\\/Auto_Integrate_StickyLogo.png\",\"width\":200,\"height\":48,\"caption\":\"Auto Integrate LLC.\"},\"image\":{\"@id\":\"https:\\\/\\\/autointegrate.com\\\/fr\\\/#\\\/schema\\\/logo\\\/image\\\/\"}}]}<\/script>\n<!-- \/ Yoast SEO plugin. -->","yoast_head_json":{"title":"Comment inscrire votre garage | Auto\u00a0Integrate","description":"Comment inscrire votre garage dans Auto Integrate.","robots":{"index":"index","follow":"follow","max-snippet":"max-snippet:-1","max-image-preview":"max-image-preview:large","max-video-preview":"max-video-preview:-1"},"canonical":"https:\/\/autointegrate.com\/fr\/comment-sinscrire-2\/","og_locale":"fr_FR","og_type":"article","og_title":"Comment inscrire votre garage | Auto\u00a0Integrate","og_description":"Comment inscrire votre garage dans Auto Integrate.","og_url":"https:\/\/autointegrate.com\/fr\/comment-sinscrire-2\/","og_site_name":"Auto Integrate","og_image":[{"width":1200,"height":628,"url":"https:\/\/autointegrate.com\/wp-content\/uploads\/featured_image1-1.jpg","type":"image\/jpeg"}],"twitter_card":"summary_large_image","twitter_misc":{"Dur\u00e9e de lecture estim\u00e9e":"8 minutes"},"schema":{"@context":"https:\/\/schema.org","@graph":[{"@type":"WebPage","@id":"https:\/\/autointegrate.com\/fr\/comment-sinscrire-2\/","url":"https:\/\/autointegrate.com\/fr\/comment-sinscrire-2\/","name":"Comment inscrire votre garage | Auto\u00a0Integrate","isPartOf":{"@id":"https:\/\/autointegrate.com\/fr\/#website"},"datePublished":"2025-07-07T09:28:46+00:00","description":"Comment inscrire votre garage dans Auto Integrate.","breadcrumb":{"@id":"https:\/\/autointegrate.com\/fr\/comment-sinscrire-2\/#breadcrumb"},"inLanguage":"fr-FR","potentialAction":[{"@type":"ReadAction","target":["https:\/\/autointegrate.com\/fr\/comment-sinscrire-2\/"]}]},{"@type":"BreadcrumbList","@id":"https:\/\/autointegrate.com\/fr\/comment-sinscrire-2\/#breadcrumb","itemListElement":[{"@type":"ListItem","position":1,"name":"Home","item":"https:\/\/autointegrate.com\/fr\/"},{"@type":"ListItem","position":2,"name":"Comment s\u2019inscrire"}]},{"@type":"WebSite","@id":"https:\/\/autointegrate.com\/fr\/#website","url":"https:\/\/autointegrate.com\/fr\/","name":"Auto Integrate","description":"","publisher":{"@id":"https:\/\/autointegrate.com\/fr\/#organization"},"potentialAction":[{"@type":"SearchAction","target":{"@type":"EntryPoint","urlTemplate":"https:\/\/autointegrate.com\/fr\/?s={search_term_string}"},"query-input":{"@type":"PropertyValueSpecification","valueRequired":true,"valueName":"search_term_string"}}],"inLanguage":"fr-FR"},{"@type":"Organization","@id":"https:\/\/autointegrate.com\/fr\/#organization","name":"Auto Integrate LLC.","url":"https:\/\/autointegrate.com\/fr\/","logo":{"@type":"ImageObject","inLanguage":"fr-FR","@id":"https:\/\/autointegrate.com\/fr\/#\/schema\/logo\/image\/","url":"https:\/\/autointegrate.com\/wp-content\/uploads\/Auto_Integrate_StickyLogo.png","contentUrl":"https:\/\/autointegrate.com\/wp-content\/uploads\/Auto_Integrate_StickyLogo.png","width":200,"height":48,"caption":"Auto Integrate LLC."},"image":{"@id":"https:\/\/autointegrate.com\/fr\/#\/schema\/logo\/image\/"}}]}},"_links":{"self":[{"href":"https:\/\/autointegrate.com\/fr\/wp-json\/wp\/v2\/pages\/166642","targetHints":{"allow":["GET"]}}],"collection":[{"href":"https:\/\/autointegrate.com\/fr\/wp-json\/wp\/v2\/pages"}],"about":[{"href":"https:\/\/autointegrate.com\/fr\/wp-json\/wp\/v2\/types\/page"}],"author":[{"embeddable":true,"href":"https:\/\/autointegrate.com\/fr\/wp-json\/wp\/v2\/users\/6"}],"replies":[{"embeddable":true,"href":"https:\/\/autointegrate.com\/fr\/wp-json\/wp\/v2\/comments?post=166642"}],"version-history":[{"count":2,"href":"https:\/\/autointegrate.com\/fr\/wp-json\/wp\/v2\/pages\/166642\/revisions"}],"predecessor-version":[{"id":166644,"href":"https:\/\/autointegrate.com\/fr\/wp-json\/wp\/v2\/pages\/166642\/revisions\/166644"}],"wp:attachment":[{"href":"https:\/\/autointegrate.com\/fr\/wp-json\/wp\/v2\/media?parent=166642"}],"wp:term":[{"taxonomy":"folder","embeddable":true,"href":"https:\/\/autointegrate.com\/fr\/wp-json\/wp\/v2\/folder?post=166642"}],"curies":[{"name":"wp","href":"https:\/\/api.w.org\/{rel}","templated":true}]}}