{"id":165204,"date":"2019-08-23T11:16:40","date_gmt":"2019-08-23T16:16:40","guid":{"rendered":"https:\/\/autointegrate.com\/rgpd\/"},"modified":"2025-06-10T05:29:49","modified_gmt":"2025-06-10T10:29:49","slug":"rgpd","status":"publish","type":"page","link":"https:\/\/autointegrate.com\/fr\/rgpd\/","title":{"rendered":"RGPD"},"content":{"rendered":"<div class=\"wpb-content-wrapper\"><p>[vc_row bwd_tbc4vd_show_weekday=\u00a0\u00bb\u00a0\u00bb heading_color=\u00a0\u00bblight\u00a0\u00bb section_type=\u00a0\u00bbfullwidth\u00a0\u00bb bg_type=\u00a0\u00bbimage\u00a0\u00bb bg_image=\u00a0\u00bb123125&Prime; bg_image_type=\u00a0\u00bbhorizontal-parallax-lr\u00a0\u00bb padding_top_multiplier=\u00a0\u00bb2x\u00a0\u00bb columns_gap=\u00a0\u00bbnone\u00a0\u00bb font_color=\u00a0\u00bb#ffffff\u00a0\u00bb el_class=\u00a0\u00bbo2c-no-bottom-padding\u00a0\u00bb el_wrapper_class=\u00a0\u00bbo2c-no-bottom-padding\u00a0\u00bb][vc_column mobile_text_align=\u00a0\u00bbcenter\u00a0\u00bb css=\u00a0\u00bb.vc_custom_1680161197653{padding-right: 15% !important;padding-left: 15% !important;}\u00a0\u00bb][vc_row_inner][vc_column_inner desktop_hide=\u00a0\u00bbhide\u00a0\u00bb tablet_width=\u00a0\u00bbhide\u00a0\u00bb]<div class=\"grve-empty-space grve-height-2x\" style=\"\"><\/div>[\/vc_column_inner][\/vc_row_inner][vc_row_inner css=\u00a0\u00bb.vc_custom_1680164624782{padding-top: 7% !important;padding-bottom: 2% !important;}\u00a0\u00bb][vc_column_inner width=\u00a0\u00bb3\/5&Prime;]<div class=\"grve-empty-space grve-height-2x\" style=\"\"><\/div><h4 class=\"grve-element grve-title grve-align-left grve-animated-item grve-duration-very-fast grve-fade-in-down grve-h4 o2c-title-no-margin\" style=\"\" data-delay=\"100\"><span>LISTE DES<\/span><\/h4><h1 class=\"grve-element grve-title grve-align-left grve-animated-item grve-duration-fast grve-fade-in-left grve-h1\" style=\"\" data-delay=\"100\"><span>SOUS-TRAITANTS<\/span><\/h1>[\/vc_column_inner][vc_column_inner width=\u00a0\u00bb1\/5&Prime;][\/vc_column_inner][vc_column_inner width=\u00a0\u00bb1\/5&Prime;][\/vc_column_inner][\/vc_row_inner][\/vc_column][vc_column el_class=\u00a0\u00bbo2c-no-bottom-padding\u00a0\u00bb el_wrapper_class=\u00a0\u00bbo2c-no-bottom-padding\u00a0\u00bb]<div class=\"grve-element grve-image grve-align-center\" style=\"margin-bottom: 0px;\">  <div class=\"grve-image-wrapper\"><img loading=\"lazy\" decoding=\"async\" width=\"2700\" height=\"308\" src=\"https:\/\/autointegrate.com\/wp-content\/uploads\/inner-header-slash-2700.png\" class=\"attachment-full size-full\" alt=\"\" srcset=\"https:\/\/autointegrate.com\/wp-content\/uploads\/inner-header-slash-2700.png 1x,https:\/\/autointegrate.com\/wp-content\/uploads\/inner-header-slash-2700.png 2x\" \/>   <\/div><\/div>[\/vc_column][\/vc_row][vc_row bwd_tbc4vd_show_weekday=\u00a0\u00bb\u00a0\u00bb heading_color=\u00a0\u00bblight\u00a0\u00bb bg_type=\u00a0\u00bbcolor\u00a0\u00bb padding_top_multiplier=\u00a0\u00bb2x\u00a0\u00bb padding_bottom_multiplier=\u00a0\u00bb6x\u00a0\u00bb font_color=\u00a0\u00bb#ffffff\u00a0\u00bb bg_color=\u00a0\u00bb#151e3f\u00a0\u00bb][vc_column][vc_column_text el_class=\u00a0\u00bbo2c-hoverwhite\u00a0\u00bb]\u00c0 la date de ce document, Auto Integrate utilise les entreprises suivantes conformes au RGPD en tant que sous-traitants des donn\u00e9es\u00a0:<\/p>\n<ul>\n<li><a href=\"https:\/\/privacy.microsoft.com\/en-us\/privacystatement\">Microsoft Azure<\/a><\/li>\n<li><a href=\"https:\/\/aws.amazon.com\/privacy\/\">Amazon Web Services<\/a><\/li>\n<li><a href=\"https:\/\/privacy.microsoft.com\/en-gb\/privacystatement\">Office 365<\/a><\/li>\n<li><a href=\"https:\/\/newrelic.com\/termsandconditions\/privacy\">New Relic<\/a><\/li>\n<li><a href=\"https:\/\/www.red-gate.com\/website\/legal\">RedGate Software<\/a><\/li>\n<li><a href=\"https:\/\/www.bamboohr.com\/privacy-policy\/\">BambooHR<\/a><\/li>\n<\/ul>\n<h3>Questions<\/h3>\n<p>Veuillez <a href=\"https:\/\/www.autointegrate.com\/contact-us\/\">nous contacter<\/a> si vous avez des questions ou des pr\u00e9occupations concernant le RGPD et notre politique de protection des donn\u00e9es.<\/p>\n<p>Ce document a \u00e9t\u00e9 mis \u00e0 jour pour la derni\u00e8re fois le 03\/11\/2020.[\/vc_column_text][\/vc_column][\/vc_row][vc_row bwd_tbc4vd_show_weekday=\u00a0\u00bb\u00a0\u00bb heading_color=\u00a0\u00bblight\u00a0\u00bb section_type=\u00a0\u00bbfullwidth\u00a0\u00bb bg_type=\u00a0\u00bbimage\u00a0\u00bb bg_image=\u00a0\u00bb122437&Prime; bg_image_type=\u00a0\u00bbhorizontal-parallax-lr\u00a0\u00bb padding_top_multiplier=\u00a0\u00bb2x\u00a0\u00bb columns_gap=\u00a0\u00bbnone\u00a0\u00bb separator_top=\u00a0\u00bbtilt-right-separator\u00a0\u00bb separator_top_color=\u00a0\u00bb#151e3f\u00a0\u00bb font_color=\u00a0\u00bb#ffffff\u00a0\u00bb el_class=\u00a0\u00bbo2c-no-bottom-padding\u00a0\u00bb el_wrapper_class=\u00a0\u00bbo2c-no-bottom-padding\u00a0\u00bb][vc_column mobile_text_align=\u00a0\u00bbcenter\u00a0\u00bb css=\u00a0\u00bb.vc_custom_1680161197653{padding-right: 15% !important;padding-left: 15% !important;}\u00a0\u00bb][vc_row_inner][vc_column_inner desktop_hide=\u00a0\u00bbhide\u00a0\u00bb tablet_width=\u00a0\u00bbhide\u00a0\u00bb tablet_sm_width=\u00a0\u00bbhide\u00a0\u00bb]<div class=\"grve-empty-space grve-height-2x\" style=\"\"><\/div>[\/vc_column_inner][\/vc_row_inner][vc_row_inner css=\u00a0\u00bb.vc_custom_1680164624782{padding-top: 7% !important;padding-bottom: 2% !important;}\u00a0\u00bb][vc_column_inner width=\u00a0\u00bb3\/5&Prime;]<h4 class=\"grve-element grve-title grve-align-left grve-animated-item grve-duration-very-fast grve-fade-in-down grve-h4 o2c-title-no-margin\" style=\"margin-bottom: 0PXpx;\" data-delay=\"100\"><span>VOUS AVEZ<\/span><\/h4><h2 class=\"grve-element grve-title grve-align-left grve-animated-item grve-duration-fast grve-fade-in-up grve-h2\" style=\"\" data-delay=\"100\"><span>UNE DEMANDE OU REQU\u00caTE SP\u00c9CIFIQUE\u00a0?<\/span><\/h2>[vc_column_text text_style=\u00a0\u00bbleader-text\u00a0\u00bb]<\/p>\n<p style=\"text-align: left;\">Contactez nos op\u00e9rateurs pour discuter plus en d\u00e9tail de vos besoins<\/p>\n<p>[\/vc_column_text][\/vc_column_inner][vc_column_inner width=\u00a0\u00bb1\/5&Prime; tablet_sm_width=\u00a0\u00bbhide\u00a0\u00bb][\/vc_column_inner][vc_column_inner width=\u00a0\u00bb1\/5&Prime; tablet_sm_width=\u00a0\u00bb2-5&Prime;]<div class=\"grve-empty-space grve-height-1x\" style=\"\"><\/div><div class=\"grve-element grve-align-center grve-fluid-button\"><a href=\"https:\/\/autointegrate.com\/fr\/nous-contacter\/\" title=\"Nous contacter\" class=\"grve-btn grve-btn-small grve-shadow-large grve-round grve-bg-white grve-bg-hover-primary-2\" style=\"max-width: 250px;\"><span>NOUS CONTACTER<\/span><\/a><\/div>[\/vc_column_inner][\/vc_row_inner][vc_row_inner][vc_column_inner desktop_hide=\u00a0\u00bbhide\u00a0\u00bb tablet_width=\u00a0\u00bbhide\u00a0\u00bb tablet_sm_width=\u00a0\u00bbhide\u00a0\u00bb]<div class=\"grve-empty-space grve-height-2x\" style=\"\"><\/div>[\/vc_column_inner][\/vc_row_inner][\/vc_column][vc_column el_class=\u00a0\u00bbo2c-no-bottom-padding\u00a0\u00bb el_wrapper_class=\u00a0\u00bbo2c-no-bottom-padding\u00a0\u00bb]<div class=\"grve-element grve-image grve-align-center\" style=\"margin-bottom: 0px;\">  <div class=\"grve-image-wrapper\"><img loading=\"lazy\" decoding=\"async\" width=\"2700\" height=\"305\" src=\"https:\/\/autointegrate.com\/wp-content\/uploads\/2700-slash2-end-advert.png\" class=\"attachment-full size-full\" alt=\"\" srcset=\"https:\/\/autointegrate.com\/wp-content\/uploads\/2700-slash2-end-advert.png 2700w, https:\/\/autointegrate.com\/wp-content\/uploads\/2700-slash2-end-advert-768x87.png 768w, https:\/\/autointegrate.com\/wp-content\/uploads\/2700-slash2-end-advert-1536x174.png 1536w, https:\/\/autointegrate.com\/wp-content\/uploads\/2700-slash2-end-advert-1920x217.png 1920w\" sizes=\"auto, (max-width: 2700px) 100vw, 2700px\" \/>   <\/div><\/div>[\/vc_column][\/vc_row]<\/p>\n<\/div>","protected":false},"excerpt":{"rendered":"<p>[vc_row bwd_tbc4vd_show_weekday=\u00a0\u00bb\u00a0\u00bb heading_color=\u00a0\u00bblight\u00a0\u00bb section_type=\u00a0\u00bbfullwidth\u00a0\u00bb bg_type=\u00a0\u00bbimage\u00a0\u00bb bg_image=\u00a0\u00bb123125&Prime; bg_image_type=\u00a0\u00bbhorizontal-parallax-lr\u00a0\u00bb padding_top_multiplier=\u00a0\u00bb2x\u00a0\u00bb columns_gap=\u00a0\u00bbnone\u00a0\u00bb font_color=\u00a0\u00bb#ffffff\u00a0\u00bb el_class=\u00a0\u00bbo2c-no-bottom-padding\u00a0\u00bb el_wrapper_class=\u00a0\u00bbo2c-no-bottom-padding\u00a0\u00bb][vc_column mobile_text_align=\u00a0\u00bbcenter\u00a0\u00bb css=\u00a0\u00bb.vc_custom_1680161197653{padding-right: 15% !important;padding-left: 15% !important;}\u00a0\u00bb][vc_row_inner][vc_column_inner desktop_hide=\u00a0\u00bbhide\u00a0\u00bb tablet_width=\u00a0\u00bbhide\u00a0\u00bb][\/vc_column_inner][\/vc_row_inner][vc_row_inner css=\u00a0\u00bb.vc_custom_1680164624782{padding-top: 7% !important;padding-bottom: 2% !important;}\u00a0\u00bb][vc_column_inner width=\u00a0\u00bb3\/5&Prime;][\/vc_column_inner][vc_column_inner width=\u00a0\u00bb1\/5&Prime;][\/vc_column_inner][vc_column_inner width=\u00a0\u00bb1\/5&Prime;][\/vc_column_inner][\/vc_row_inner][\/vc_column][vc_column el_class=\u00a0\u00bbo2c-no-bottom-padding\u00a0\u00bb el_wrapper_class=\u00a0\u00bbo2c-no-bottom-padding\u00a0\u00bb][\/vc_column][\/vc_row][vc_row bwd_tbc4vd_show_weekday=\u00a0\u00bb\u00a0\u00bb heading_color=\u00a0\u00bblight\u00a0\u00bb bg_type=\u00a0\u00bbcolor\u00a0\u00bb padding_top_multiplier=\u00a0\u00bb2x\u00a0\u00bb padding_bottom_multiplier=\u00a0\u00bb6x\u00a0\u00bb font_color=\u00a0\u00bb#ffffff\u00a0\u00bb bg_color=\u00a0\u00bb#151e3f\u00a0\u00bb][vc_column][vc_column_text el_class=\u00a0\u00bbo2c-hoverwhite\u00a0\u00bb]\u00c0 la date de ce document, Auto Integrate utilise les entreprises suivantes conformes au RGPD en tant que [&hellip;]<\/p>\n","protected":false},"author":3,"featured_media":0,"parent":0,"menu_order":0,"comment_status":"closed","ping_status":"closed","template":"","meta":{"footnotes":""},"folder":[],"class_list":["post-165204","page","type-page","status-publish","hentry"],"yoast_head":"<!-- This site is optimized with the Yoast SEO plugin v27.4 - https:\/\/yoast.com\/product\/yoast-seo-wordpress\/ -->\n<title>RGPD - Auto Integrate<\/title>\n<meta name=\"robots\" content=\"index, follow, max-snippet:-1, max-image-preview:large, max-video-preview:-1\" \/>\n<link rel=\"canonical\" href=\"https:\/\/autointegrate.com\/fr\/rgpd\/\" \/>\n<meta property=\"og:locale\" content=\"fr_FR\" \/>\n<meta property=\"og:type\" content=\"article\" \/>\n<meta property=\"og:title\" content=\"RGPD - Auto Integrate\" \/>\n<meta property=\"og:description\" content=\"[vc_row bwd_tbc4vd_show_weekday=\u00a0\u00bb\u00a0\u00bb heading_color=\u00a0\u00bblight\u00a0\u00bb section_type=\u00a0\u00bbfullwidth\u00a0\u00bb bg_type=\u00a0\u00bbimage\u00a0\u00bb bg_image=\u00a0\u00bb123125&Prime; bg_image_type=\u00a0\u00bbhorizontal-parallax-lr\u00a0\u00bb padding_top_multiplier=\u00a0\u00bb2x\u00a0\u00bb columns_gap=\u00a0\u00bbnone\u00a0\u00bb font_color=\u00a0\u00bb#ffffff\u00a0\u00bb el_class=\u00a0\u00bbo2c-no-bottom-padding\u00a0\u00bb el_wrapper_class=\u00a0\u00bbo2c-no-bottom-padding\u00a0\u00bb][vc_column mobile_text_align=\u00a0\u00bbcenter\u00a0\u00bb css=\u00a0\u00bb.vc_custom_1680161197653{padding-right: 15% !important;padding-left: 15% !important;}\u00a0\u00bb][vc_row_inner][vc_column_inner desktop_hide=\u00a0\u00bbhide\u00a0\u00bb tablet_width=\u00a0\u00bbhide\u00a0\u00bb][\/vc_column_inner][\/vc_row_inner][vc_row_inner css=\u00a0\u00bb.vc_custom_1680164624782{padding-top: 7% !important;padding-bottom: 2% !important;}\u00a0\u00bb][vc_column_inner width=\u00a0\u00bb3\/5&Prime;][\/vc_column_inner][vc_column_inner width=\u00a0\u00bb1\/5&Prime;][\/vc_column_inner][vc_column_inner width=\u00a0\u00bb1\/5&Prime;][\/vc_column_inner][\/vc_row_inner][\/vc_column][vc_column el_class=\u00a0\u00bbo2c-no-bottom-padding\u00a0\u00bb el_wrapper_class=\u00a0\u00bbo2c-no-bottom-padding\u00a0\u00bb][\/vc_column][\/vc_row][vc_row bwd_tbc4vd_show_weekday=\u00a0\u00bb\u00a0\u00bb heading_color=\u00a0\u00bblight\u00a0\u00bb bg_type=\u00a0\u00bbcolor\u00a0\u00bb padding_top_multiplier=\u00a0\u00bb2x\u00a0\u00bb padding_bottom_multiplier=\u00a0\u00bb6x\u00a0\u00bb font_color=\u00a0\u00bb#ffffff\u00a0\u00bb bg_color=\u00a0\u00bb#151e3f\u00a0\u00bb][vc_column][vc_column_text el_class=\u00a0\u00bbo2c-hoverwhite\u00a0\u00bb]\u00c0 la date de ce document, Auto Integrate utilise les entreprises suivantes conformes au RGPD en tant que [&hellip;]\" \/>\n<meta property=\"og:url\" content=\"https:\/\/autointegrate.com\/fr\/rgpd\/\" \/>\n<meta property=\"og:site_name\" content=\"Auto Integrate\" \/>\n<meta property=\"article:modified_time\" content=\"2025-06-10T10:29:49+00:00\" \/>\n<meta property=\"og:image\" content=\"https:\/\/autointegrate.com\/wp-content\/uploads\/featured_image1-1.jpg\" \/>\n\t<meta property=\"og:image:width\" content=\"1200\" \/>\n\t<meta property=\"og:image:height\" content=\"628\" \/>\n\t<meta property=\"og:image:type\" content=\"image\/jpeg\" \/>\n<meta name=\"twitter:card\" content=\"summary_large_image\" \/>\n<meta name=\"twitter:label1\" content=\"Dur\u00e9e de lecture estim\u00e9e\" \/>\n\t<meta name=\"twitter:data1\" content=\"3 minutes\" \/>\n<script type=\"application\/ld+json\" class=\"yoast-schema-graph\">{\"@context\":\"https:\\\/\\\/schema.org\",\"@graph\":[{\"@type\":\"WebPage\",\"@id\":\"https:\\\/\\\/autointegrate.com\\\/fr\\\/rgpd\\\/\",\"url\":\"https:\\\/\\\/autointegrate.com\\\/fr\\\/rgpd\\\/\",\"name\":\"RGPD - Auto Integrate\",\"isPartOf\":{\"@id\":\"https:\\\/\\\/autointegrate.com\\\/fr\\\/#website\"},\"datePublished\":\"2019-08-23T16:16:40+00:00\",\"dateModified\":\"2025-06-10T10:29:49+00:00\",\"breadcrumb\":{\"@id\":\"https:\\\/\\\/autointegrate.com\\\/fr\\\/rgpd\\\/#breadcrumb\"},\"inLanguage\":\"fr-FR\",\"potentialAction\":[{\"@type\":\"ReadAction\",\"target\":[\"https:\\\/\\\/autointegrate.com\\\/fr\\\/rgpd\\\/\"]}]},{\"@type\":\"BreadcrumbList\",\"@id\":\"https:\\\/\\\/autointegrate.com\\\/fr\\\/rgpd\\\/#breadcrumb\",\"itemListElement\":[{\"@type\":\"ListItem\",\"position\":1,\"name\":\"Home\",\"item\":\"https:\\\/\\\/autointegrate.com\\\/fr\\\/\"},{\"@type\":\"ListItem\",\"position\":2,\"name\":\"RGPD\"}]},{\"@type\":\"WebSite\",\"@id\":\"https:\\\/\\\/autointegrate.com\\\/fr\\\/#website\",\"url\":\"https:\\\/\\\/autointegrate.com\\\/fr\\\/\",\"name\":\"Auto Integrate\",\"description\":\"\",\"publisher\":{\"@id\":\"https:\\\/\\\/autointegrate.com\\\/fr\\\/#organization\"},\"potentialAction\":[{\"@type\":\"SearchAction\",\"target\":{\"@type\":\"EntryPoint\",\"urlTemplate\":\"https:\\\/\\\/autointegrate.com\\\/fr\\\/?s={search_term_string}\"},\"query-input\":{\"@type\":\"PropertyValueSpecification\",\"valueRequired\":true,\"valueName\":\"search_term_string\"}}],\"inLanguage\":\"fr-FR\"},{\"@type\":\"Organization\",\"@id\":\"https:\\\/\\\/autointegrate.com\\\/fr\\\/#organization\",\"name\":\"Auto Integrate LLC.\",\"url\":\"https:\\\/\\\/autointegrate.com\\\/fr\\\/\",\"logo\":{\"@type\":\"ImageObject\",\"inLanguage\":\"fr-FR\",\"@id\":\"https:\\\/\\\/autointegrate.com\\\/fr\\\/#\\\/schema\\\/logo\\\/image\\\/\",\"url\":\"https:\\\/\\\/autointegrate.com\\\/wp-content\\\/uploads\\\/Auto_Integrate_StickyLogo.png\",\"contentUrl\":\"https:\\\/\\\/autointegrate.com\\\/wp-content\\\/uploads\\\/Auto_Integrate_StickyLogo.png\",\"width\":200,\"height\":48,\"caption\":\"Auto Integrate LLC.\"},\"image\":{\"@id\":\"https:\\\/\\\/autointegrate.com\\\/fr\\\/#\\\/schema\\\/logo\\\/image\\\/\"}}]}<\/script>\n<!-- \/ Yoast SEO plugin. -->","yoast_head_json":{"title":"RGPD - Auto Integrate","robots":{"index":"index","follow":"follow","max-snippet":"max-snippet:-1","max-image-preview":"max-image-preview:large","max-video-preview":"max-video-preview:-1"},"canonical":"https:\/\/autointegrate.com\/fr\/rgpd\/","og_locale":"fr_FR","og_type":"article","og_title":"RGPD - Auto Integrate","og_description":"[vc_row bwd_tbc4vd_show_weekday=\u00a0\u00bb\u00a0\u00bb heading_color=\u00a0\u00bblight\u00a0\u00bb section_type=\u00a0\u00bbfullwidth\u00a0\u00bb bg_type=\u00a0\u00bbimage\u00a0\u00bb bg_image=\u00a0\u00bb123125&Prime; bg_image_type=\u00a0\u00bbhorizontal-parallax-lr\u00a0\u00bb padding_top_multiplier=\u00a0\u00bb2x\u00a0\u00bb columns_gap=\u00a0\u00bbnone\u00a0\u00bb font_color=\u00a0\u00bb#ffffff\u00a0\u00bb el_class=\u00a0\u00bbo2c-no-bottom-padding\u00a0\u00bb el_wrapper_class=\u00a0\u00bbo2c-no-bottom-padding\u00a0\u00bb][vc_column mobile_text_align=\u00a0\u00bbcenter\u00a0\u00bb css=\u00a0\u00bb.vc_custom_1680161197653{padding-right: 15% !important;padding-left: 15% !important;}\u00a0\u00bb][vc_row_inner][vc_column_inner desktop_hide=\u00a0\u00bbhide\u00a0\u00bb tablet_width=\u00a0\u00bbhide\u00a0\u00bb][\/vc_column_inner][\/vc_row_inner][vc_row_inner css=\u00a0\u00bb.vc_custom_1680164624782{padding-top: 7% !important;padding-bottom: 2% !important;}\u00a0\u00bb][vc_column_inner width=\u00a0\u00bb3\/5&Prime;][\/vc_column_inner][vc_column_inner width=\u00a0\u00bb1\/5&Prime;][\/vc_column_inner][vc_column_inner width=\u00a0\u00bb1\/5&Prime;][\/vc_column_inner][\/vc_row_inner][\/vc_column][vc_column el_class=\u00a0\u00bbo2c-no-bottom-padding\u00a0\u00bb el_wrapper_class=\u00a0\u00bbo2c-no-bottom-padding\u00a0\u00bb][\/vc_column][\/vc_row][vc_row bwd_tbc4vd_show_weekday=\u00a0\u00bb\u00a0\u00bb heading_color=\u00a0\u00bblight\u00a0\u00bb bg_type=\u00a0\u00bbcolor\u00a0\u00bb padding_top_multiplier=\u00a0\u00bb2x\u00a0\u00bb padding_bottom_multiplier=\u00a0\u00bb6x\u00a0\u00bb font_color=\u00a0\u00bb#ffffff\u00a0\u00bb bg_color=\u00a0\u00bb#151e3f\u00a0\u00bb][vc_column][vc_column_text el_class=\u00a0\u00bbo2c-hoverwhite\u00a0\u00bb]\u00c0 la date de ce document, Auto Integrate utilise les entreprises suivantes conformes au RGPD en tant que [&hellip;]","og_url":"https:\/\/autointegrate.com\/fr\/rgpd\/","og_site_name":"Auto Integrate","article_modified_time":"2025-06-10T10:29:49+00:00","og_image":[{"width":1200,"height":628,"url":"https:\/\/autointegrate.com\/wp-content\/uploads\/featured_image1-1.jpg","type":"image\/jpeg"}],"twitter_card":"summary_large_image","twitter_misc":{"Dur\u00e9e de lecture estim\u00e9e":"3 minutes"},"schema":{"@context":"https:\/\/schema.org","@graph":[{"@type":"WebPage","@id":"https:\/\/autointegrate.com\/fr\/rgpd\/","url":"https:\/\/autointegrate.com\/fr\/rgpd\/","name":"RGPD - Auto Integrate","isPartOf":{"@id":"https:\/\/autointegrate.com\/fr\/#website"},"datePublished":"2019-08-23T16:16:40+00:00","dateModified":"2025-06-10T10:29:49+00:00","breadcrumb":{"@id":"https:\/\/autointegrate.com\/fr\/rgpd\/#breadcrumb"},"inLanguage":"fr-FR","potentialAction":[{"@type":"ReadAction","target":["https:\/\/autointegrate.com\/fr\/rgpd\/"]}]},{"@type":"BreadcrumbList","@id":"https:\/\/autointegrate.com\/fr\/rgpd\/#breadcrumb","itemListElement":[{"@type":"ListItem","position":1,"name":"Home","item":"https:\/\/autointegrate.com\/fr\/"},{"@type":"ListItem","position":2,"name":"RGPD"}]},{"@type":"WebSite","@id":"https:\/\/autointegrate.com\/fr\/#website","url":"https:\/\/autointegrate.com\/fr\/","name":"Auto Integrate","description":"","publisher":{"@id":"https:\/\/autointegrate.com\/fr\/#organization"},"potentialAction":[{"@type":"SearchAction","target":{"@type":"EntryPoint","urlTemplate":"https:\/\/autointegrate.com\/fr\/?s={search_term_string}"},"query-input":{"@type":"PropertyValueSpecification","valueRequired":true,"valueName":"search_term_string"}}],"inLanguage":"fr-FR"},{"@type":"Organization","@id":"https:\/\/autointegrate.com\/fr\/#organization","name":"Auto Integrate LLC.","url":"https:\/\/autointegrate.com\/fr\/","logo":{"@type":"ImageObject","inLanguage":"fr-FR","@id":"https:\/\/autointegrate.com\/fr\/#\/schema\/logo\/image\/","url":"https:\/\/autointegrate.com\/wp-content\/uploads\/Auto_Integrate_StickyLogo.png","contentUrl":"https:\/\/autointegrate.com\/wp-content\/uploads\/Auto_Integrate_StickyLogo.png","width":200,"height":48,"caption":"Auto Integrate LLC."},"image":{"@id":"https:\/\/autointegrate.com\/fr\/#\/schema\/logo\/image\/"}}]}},"_links":{"self":[{"href":"https:\/\/autointegrate.com\/fr\/wp-json\/wp\/v2\/pages\/165204","targetHints":{"allow":["GET"]}}],"collection":[{"href":"https:\/\/autointegrate.com\/fr\/wp-json\/wp\/v2\/pages"}],"about":[{"href":"https:\/\/autointegrate.com\/fr\/wp-json\/wp\/v2\/types\/page"}],"author":[{"embeddable":true,"href":"https:\/\/autointegrate.com\/fr\/wp-json\/wp\/v2\/users\/3"}],"replies":[{"embeddable":true,"href":"https:\/\/autointegrate.com\/fr\/wp-json\/wp\/v2\/comments?post=165204"}],"version-history":[{"count":2,"href":"https:\/\/autointegrate.com\/fr\/wp-json\/wp\/v2\/pages\/165204\/revisions"}],"predecessor-version":[{"id":165330,"href":"https:\/\/autointegrate.com\/fr\/wp-json\/wp\/v2\/pages\/165204\/revisions\/165330"}],"wp:attachment":[{"href":"https:\/\/autointegrate.com\/fr\/wp-json\/wp\/v2\/media?parent=165204"}],"wp:term":[{"taxonomy":"folder","embeddable":true,"href":"https:\/\/autointegrate.com\/fr\/wp-json\/wp\/v2\/folder?post=165204"}],"curies":[{"name":"wp","href":"https:\/\/api.w.org\/{rel}","templated":true}]}}