{"id":165188,"date":"2020-02-07T08:40:21","date_gmt":"2020-02-07T13:40:21","guid":{"rendered":"https:\/\/autointegrate.com\/identifiant-de-connexion-oublie\/"},"modified":"2025-06-10T05:29:48","modified_gmt":"2025-06-10T10:29:48","slug":"identifiant-de-connexion-oublie","status":"publish","type":"page","link":"https:\/\/autointegrate.com\/fr\/identifiant-de-connexion-oublie\/","title":{"rendered":"Identifiant de connexion oubli\u00e9"},"content":{"rendered":"<div class=\"wpb-content-wrapper\"><p>[vc_row bwd_tbc4vd_show_weekday=\u00a0\u00bb\u00a0\u00bb heading_color=\u00a0\u00bblight\u00a0\u00bb section_type=\u00a0\u00bbfullwidth\u00a0\u00bb bg_type=\u00a0\u00bbimage\u00a0\u00bb bg_image=\u00a0\u00bb123651&Prime; bg_image_type=\u00a0\u00bbhorizontal-parallax-lr\u00a0\u00bb padding_top_multiplier=\u00a0\u00bb2x\u00a0\u00bb columns_gap=\u00a0\u00bbnone\u00a0\u00bb font_color=\u00a0\u00bb#ffffff\u00a0\u00bb el_class=\u00a0\u00bbo2c-no-bottom-padding\u00a0\u00bb el_wrapper_class=\u00a0\u00bbo2c-no-bottom-padding\u00a0\u00bb][vc_column mobile_text_align=\u00a0\u00bbcenter\u00a0\u00bb css=\u00a0\u00bb.vc_custom_1680161197653{padding-right: 15% !important;padding-left: 15% !important;}\u00a0\u00bb][vc_row_inner][vc_column_inner desktop_hide=\u00a0\u00bbhide\u00a0\u00bb tablet_width=\u00a0\u00bbhide\u00a0\u00bb]<div class=\"grve-empty-space grve-height-2x\" style=\"\"><\/div>[\/vc_column_inner][\/vc_row_inner][vc_row_inner css=\u00a0\u00bb.vc_custom_1680164624782{padding-top: 7% !important;padding-bottom: 2% !important;}\u00a0\u00bb][vc_column_inner width=\u00a0\u00bb3\/5&Prime;]<div class=\"grve-empty-space grve-height-2x\" style=\"\"><\/div><h4 class=\"grve-element grve-title grve-align-left grve-animated-item grve-duration-very-fast grve-fade-in-down grve-h4 o2c-title-no-margin\" style=\"\" data-delay=\"100\"><span>COMMENT<\/span><\/h4><h1 class=\"grve-element grve-title grve-align-left grve-animated-item grve-duration-fast grve-fade-in-left grve-h1\" style=\"\" data-delay=\"100\"><span>R\u00c9INITIALISER LES INFORMATIONS DU COMPTE<\/span><\/h1>[\/vc_column_inner][vc_column_inner width=\u00a0\u00bb1\/5&Prime;][\/vc_column_inner][vc_column_inner width=\u00a0\u00bb1\/5&Prime;][\/vc_column_inner][\/vc_row_inner][\/vc_column][vc_column el_class=\u00a0\u00bbo2c-no-bottom-padding\u00a0\u00bb el_wrapper_class=\u00a0\u00bbo2c-no-bottom-padding\u00a0\u00bb]<div class=\"grve-element grve-image grve-align-center\" style=\"margin-bottom: 0px;\">  <div class=\"grve-image-wrapper\"><img loading=\"lazy\" decoding=\"async\" width=\"2700\" height=\"308\" src=\"https:\/\/autointegrate.com\/wp-content\/uploads\/inner-header-slash-2700.png\" class=\"attachment-full size-full\" alt=\"\" srcset=\"https:\/\/autointegrate.com\/wp-content\/uploads\/inner-header-slash-2700.png 1x,https:\/\/autointegrate.com\/wp-content\/uploads\/inner-header-slash-2700.png 2x\" \/>   <\/div><\/div>[\/vc_column][\/vc_row][vc_row bwd_tbc4vd_show_weekday=\u00a0\u00bb\u00a0\u00bb heading_color=\u00a0\u00bblight\u00a0\u00bb bg_type=\u00a0\u00bbcolor\u00a0\u00bb padding_top_multiplier=\u00a0\u00bb2x\u00a0\u00bb padding_bottom_multiplier=\u00a0\u00bb4x\u00a0\u00bb separator_bottom=\u00a0\u00bbtilt-right-separator\u00a0\u00bb separator_bottom_color=\u00a0\u00bb#f7f8f9&Prime; font_color=\u00a0\u00bb#ffffff\u00a0\u00bb bg_color=\u00a0\u00bb#151e3f\u00a0\u00bb][vc_column width=\u00a0\u00bb1\/3&Prime;][vc_row_inner][vc_column_inner tablet_width=\u00a0\u00bbhide\u00a0\u00bb tablet_sm_width=\u00a0\u00bbhide\u00a0\u00bb mobile_width=\u00a0\u00bbhide\u00a0\u00bb]<div class=\"grve-empty-space grve-height-3x\" style=\"\"><\/div>[\/vc_column_inner][\/vc_row_inner]<h4 class=\"grve-element grve-title grve-align-left grve-animated-item grve-duration-very-fast grve-fade-in-down grve-h4 o2c-title-no-margin\" style=\"margin-bottom: 0PXpx;\" data-delay=\"100\"><span>REGARDEZ<\/span><\/h4><h3 class=\"grve-element grve-title grve-align-left grve-animated-item grve-duration-fast grve-fade-in-left grve-h3\" style=\"\" data-delay=\"100\"><span>NOTRE VID\u00c9O<\/span><\/h3><div class=\"grve-empty-space\" style=\"height: 20px;\"><\/div>[vc_column_text text_style=\u00a0\u00bbleader-text\u00a0\u00bb]Apprenez \u00e0 r\u00e9initialiser les informations de votre compte avec cette courte vid\u00e9o, ou contactez-nous si vous avez besoin d\u2019aide.[\/vc_column_text]<div class=\"grve-empty-space grve-height-1x\" style=\"\"><\/div><div class=\"grve-element grve-align-left grve-fluid-button\"><a href=\"https:\/\/autointegrate.com\/fr\/nous-contacter\/\" class=\"grve-btn grve-btn-small grve-shadow-large grve-round grve-bg-white grve-bg-hover-primary-4\" style=\"max-width: 200px;\"><span>NOUS CONTACTER<\/span><\/a><\/div>[\/vc_column][vc_column width=\u00a0\u00bb2\/3&Prime;]<div class=\"grve-element grve-video\" style=\"margin-bottom: 40px;\"><iframe loading=\"lazy\" title=\"Forgotten Username\/Password\" src=\"https:\/\/player.vimeo.com\/video\/386276445?dnt=1&amp;app_id=122963\" width=\"1080\" height=\"608\" frameborder=\"0\" allow=\"autoplay; fullscreen; picture-in-picture; clipboard-write; encrypted-media\"><\/iframe><\/div>[\/vc_column][\/vc_row][vc_row bwd_tbc4vd_show_weekday=\u00a0\u00bb\u00a0\u00bb bg_type=\u00a0\u00bbcolor\u00a0\u00bb padding_top_multiplier=\u00a0\u00bb2x\u00a0\u00bb padding_bottom_multiplier=\u00a0\u00bb\u00a0\u00bb bg_color=\u00a0\u00bb#f7f8f9&Prime;][vc_column text_align=\u00a0\u00bbcenter\u00a0\u00bb][vc_row_inner][vc_column_inner width=\u00a0\u00bb1\/3&Prime;]<div class=\"grve-empty-space grve-height-4x\" style=\"\"><\/div><h4 class=\"grve-element grve-title grve-align-left grve-animated-item grve-duration-very-fast grve-fade-in-down grve-h4 o2c-title-no-margin\" style=\"margin-bottom: 0PXpx;\" data-delay=\"100\"><span>INFORMATIONS<\/span><\/h4><h2 class=\"grve-element grve-title grve-align-left grve-animated-item grve-duration-fast grve-fade-in-up grve-h2\" style=\"\" data-delay=\"100\"><span>OUBLI\u00c9ES<\/span><\/h2>[vc_column_text]<\/p>\n<p style=\"text-align: left;\">Si vous ne parvenez pas \u00e0 vous connecter \u00e0 Auto Integrate et que vous avez d\u00e9j\u00e0 un compte, vous pouvez r\u00e9cup\u00e9rer vos informations \u00e0 l\u2019aide de nos boutons \u00ab\u00a0Forgotten Username\u00a0\u00bb (Nom d\u2019utilisateur oubli\u00e9) et \u00ab\u00a0Forgotten Password\u00a0\u00bb (Mot de passe oubli\u00e9).<\/p>\n<p>[\/vc_column_text][\/vc_column_inner][vc_column_inner width=\u00a0\u00bb2\/3&Prime;]<div class=\"grve-element grve-image grve-align-center\" style=\"\">  <div class=\"grve-image-wrapper\"><img loading=\"lazy\" decoding=\"async\" width=\"943\" height=\"561\" src=\"https:\/\/autointegrate.com\/wp-content\/uploads\/Home-Screenv2.png\" class=\"attachment-full size-full\" alt=\"\" srcset=\"https:\/\/autointegrate.com\/wp-content\/uploads\/Home-Screenv2.png 943w, https:\/\/autointegrate.com\/wp-content\/uploads\/Home-Screenv2-768x457.png 768w\" sizes=\"auto, (max-width: 943px) 100vw, 943px\" \/>   <\/div><\/div>[\/vc_column_inner][\/vc_row_inner]<div class=\"grve-empty-space grve-height-4x\" style=\"\"><\/div>[\/vc_column][\/vc_row][vc_row bwd_tbc4vd_show_weekday=\u00a0\u00bb\u00a0\u00bb bg_type=\u00a0\u00bbcolor\u00a0\u00bb padding_top_multiplier=\u00a0\u00bb\u00a0\u00bb padding_bottom_multiplier=\u00a0\u00bb4x\u00a0\u00bb equal_column_height=\u00a0\u00bbmiddle-content\u00a0\u00bb tablet_portrait_equal_column_height=\u00a0\u00bbfalse\u00a0\u00bb mobile_equal_column_height=\u00a0\u00bbfalse\u00a0\u00bb bg_color=\u00a0\u00bb#f7f8f9&Prime;][vc_column width=\u00a0\u00bb2\/3&Prime; tablet_sm_width=\u00a0\u00bb1&Prime; font_color=\u00a0\u00bb#aeaeae\u00a0\u00bb]<div class=\"grve-element grve-image grve-align-center\" style=\"\">  <div class=\"grve-image-wrapper\"><img loading=\"lazy\" decoding=\"async\" width=\"1009\" height=\"325\" src=\"https:\/\/autointegrate.com\/wp-content\/uploads\/Reset-password-username.png\" class=\"attachment-full size-full\" alt=\"\" srcset=\"https:\/\/autointegrate.com\/wp-content\/uploads\/Reset-password-username.png 1009w, https:\/\/autointegrate.com\/wp-content\/uploads\/Reset-password-username-768x247.png 768w\" sizes=\"auto, (max-width: 1009px) 100vw, 1009px\" \/>   <\/div><\/div>[\/vc_column][vc_column vertical_content_position=\u00a0\u00bbmiddle\u00a0\u00bb width=\u00a0\u00bb1\/3&Prime; tablet_sm_width=\u00a0\u00bb1&Prime;]<h4 class=\"grve-element grve-title grve-align-left grve-animated-item grve-duration-very-fast grve-fade-in-down grve-h4 o2c-title-no-margin\" style=\"margin-bottom: 0PXpx;\" data-delay=\"100\"><span>DEMANDER LES<\/span><\/h4><h2 class=\"grve-element grve-title grve-align-left grve-animated-item grve-duration-fast grve-fade-in-up grve-h2\" style=\"\" data-delay=\"100\"><span>INFORMATIONS DU COMPTE<\/span><\/h2>[vc_column_text]<\/p>\n<p style=\"text-align: left;\">Ensuite, il vous suffit de remplir les champs indiqu\u00e9s et d\u2019appuyer sur \u00ab\u00a0Request Username\u00a0\u00bb (Demander le nom d\u2019utilisateur) ou \u00ab\u00a0Request Password\u00a0\u00bb (Demander le mot de passe).<\/p>\n<p>[\/vc_column_text][\/vc_column][\/vc_row][vc_row bwd_tbc4vd_show_weekday=\u00a0\u00bb\u00a0\u00bb bg_type=\u00a0\u00bbcolor\u00a0\u00bb padding_top_multiplier=\u00a0\u00bb\u00a0\u00bb padding_bottom_multiplier=\u00a0\u00bb4x\u00a0\u00bb equal_column_height=\u00a0\u00bbmiddle-content\u00a0\u00bb tablet_portrait_equal_column_height=\u00a0\u00bbfalse\u00a0\u00bb mobile_equal_column_height=\u00a0\u00bbfalse\u00a0\u00bb bg_color=\u00a0\u00bb#f7f8f9&Prime;][vc_column width=\u00a0\u00bb1\/3&Prime; tablet_sm_width=\u00a0\u00bb1&Prime;]<h4 class=\"grve-element grve-title grve-align-left grve-animated-item grve-duration-very-fast grve-fade-in-down grve-h4 o2c-title-no-margin\" style=\"margin-bottom: 0PXpx;\" data-delay=\"100\"><span>ADRESSE E-MAIL<\/span><\/h4><h2 class=\"grve-element grve-title grve-align-left grve-animated-item grve-duration-fast grve-fade-in-up grve-h2\" style=\"\" data-delay=\"100\"><span>DE L\u2019UTILISATEUR<\/span><\/h2>[vc_column_text]<\/p>\n<p style=\"text-align: left;\">Vous devriez recevoir un e-mail avec un lien pour r\u00e9initialiser le mot de passe\/nom d\u2019utilisateur \u00e0 l\u2019adresse e-mail associ\u00e9e au compte. Si vous ne recevez pas cet e-mail, veuillez attendre que notre repr\u00e9sentant vous contacte et vous envoie d\u2019autres instructions, ou appelez-nous depuis le num\u00e9ro de t\u00e9l\u00e9phone principal de votre garage au (833)-231-6181 et s\u00e9lectionnez l\u2019option\u00a09.<\/p>\n<p>[\/vc_column_text][\/vc_column][vc_column vertical_content_position=\u00a0\u00bbmiddle\u00a0\u00bb width=\u00a0\u00bb2\/3&Prime; tablet_sm_width=\u00a0\u00bb1&Prime;]<div class=\"grve-element grve-image grve-align-center\" style=\"\">  <div class=\"grve-image-wrapper\"><img loading=\"lazy\" decoding=\"async\" width=\"569\" height=\"617\" src=\"https:\/\/autointegrate.com\/wp-content\/uploads\/Password-reset-v2.png\" class=\"attachment-full size-full\" alt=\"\" \/>   <\/div><\/div>[\/vc_column][\/vc_row][vc_row bwd_tbc4vd_show_weekday=\u00a0\u00bb\u00a0\u00bb heading_color=\u00a0\u00bblight\u00a0\u00bb section_type=\u00a0\u00bbfullwidth\u00a0\u00bb bg_type=\u00a0\u00bbimage\u00a0\u00bb bg_image=\u00a0\u00bb123165&Prime; bg_image_type=\u00a0\u00bbhorizontal-parallax-lr\u00a0\u00bb padding_top_multiplier=\u00a0\u00bb2x\u00a0\u00bb columns_gap=\u00a0\u00bbnone\u00a0\u00bb separator_top=\u00a0\u00bbtilt-right-separator\u00a0\u00bb separator_top_color=\u00a0\u00bb#f7f8f9&Prime; font_color=\u00a0\u00bb#ffffff\u00a0\u00bb el_class=\u00a0\u00bbo2c-no-bottom-padding\u00a0\u00bb el_wrapper_class=\u00a0\u00bbo2c-no-bottom-padding\u00a0\u00bb][vc_column mobile_text_align=\u00a0\u00bbcenter\u00a0\u00bb css=\u00a0\u00bb.vc_custom_1680161197653{padding-right: 15% !important;padding-left: 15% !important;}\u00a0\u00bb][vc_row_inner][vc_column_inner desktop_hide=\u00a0\u00bbhide\u00a0\u00bb tablet_width=\u00a0\u00bbhide\u00a0\u00bb tablet_sm_width=\u00a0\u00bbhide\u00a0\u00bb]<div class=\"grve-empty-space grve-height-2x\" style=\"\"><\/div>[\/vc_column_inner][\/vc_row_inner][vc_row_inner css=\u00a0\u00bb.vc_custom_1680164624782{padding-top: 7% !important;padding-bottom: 2% !important;}\u00a0\u00bb][vc_column_inner width=\u00a0\u00bb3\/5&Prime;]<h4 class=\"grve-element grve-title grve-align-left grve-animated-item grve-duration-very-fast grve-fade-in-down grve-h4 o2c-title-no-margin\" style=\"margin-bottom: 0PXpx;\" data-delay=\"100\"><span>BESOIN<\/span><\/h4><h2 class=\"grve-element grve-title grve-align-left grve-animated-item grve-duration-fast grve-fade-in-up grve-h2\" style=\"\" data-delay=\"100\"><span>D\u2019AIDE SUPPL\u00c9MENTAIRE\u00a0?<\/span><\/h2>[vc_column_text text_style=\u00a0\u00bbleader-text\u00a0\u00bb]<\/p>\n<p style=\"text-align: left;\">Utilisez notre Guide de l\u2019utilisateur pour avoir un aper\u00e7u du syst\u00e8me ou contactez notre \u00e9quipe d\u2019assistance<\/p>\n<p>[\/vc_column_text][\/vc_column_inner][vc_column_inner width=\u00a0\u00bb1\/5&Prime; tablet_sm_width=\u00a0\u00bbhide\u00a0\u00bb][\/vc_column_inner][vc_column_inner width=\u00a0\u00bb1\/5&Prime; tablet_sm_width=\u00a0\u00bb2-5&Prime;]<div class=\"grve-empty-space grve-height-1x\" style=\"\"><\/div><div class=\"grve-element grve-align-center grve-fluid-button\"><a href=\"\/wp-content\/uploads\/AI-User-Guide.pdf\" title=\"Guide de l\u2019utilisateur\" class=\"grve-btn grve-btn-small grve-shadow-large grve-round grve-bg-white grve-bg-hover-primary-2\" style=\"max-width: 250px;\"><span>GUIDE DE L\u2019UTILISATEUR<\/span><\/a><\/div>[\/vc_column_inner][\/vc_row_inner][vc_row_inner][vc_column_inner desktop_hide=\u00a0\u00bbhide\u00a0\u00bb tablet_width=\u00a0\u00bbhide\u00a0\u00bb tablet_sm_width=\u00a0\u00bbhide\u00a0\u00bb]<div class=\"grve-empty-space grve-height-2x\" style=\"\"><\/div>[\/vc_column_inner][\/vc_row_inner][\/vc_column][vc_column el_class=\u00a0\u00bbo2c-no-bottom-padding\u00a0\u00bb el_wrapper_class=\u00a0\u00bbo2c-no-bottom-padding\u00a0\u00bb]<div class=\"grve-element grve-image grve-align-center\" style=\"margin-bottom: 0px;\">  <div class=\"grve-image-wrapper\"><img loading=\"lazy\" decoding=\"async\" width=\"2700\" height=\"305\" src=\"https:\/\/autointegrate.com\/wp-content\/uploads\/2700-slash2-end-advert.png\" class=\"attachment-full size-full\" alt=\"\" srcset=\"https:\/\/autointegrate.com\/wp-content\/uploads\/2700-slash2-end-advert.png 2700w, https:\/\/autointegrate.com\/wp-content\/uploads\/2700-slash2-end-advert-768x87.png 768w, https:\/\/autointegrate.com\/wp-content\/uploads\/2700-slash2-end-advert-1536x174.png 1536w, https:\/\/autointegrate.com\/wp-content\/uploads\/2700-slash2-end-advert-1920x217.png 1920w\" sizes=\"auto, (max-width: 2700px) 100vw, 2700px\" \/>   <\/div><\/div>[\/vc_column][\/vc_row]<\/p>\n<\/div>","protected":false},"excerpt":{"rendered":"<p>[vc_row bwd_tbc4vd_show_weekday=\u00a0\u00bb\u00a0\u00bb heading_color=\u00a0\u00bblight\u00a0\u00bb section_type=\u00a0\u00bbfullwidth\u00a0\u00bb bg_type=\u00a0\u00bbimage\u00a0\u00bb bg_image=\u00a0\u00bb123651&Prime; bg_image_type=\u00a0\u00bbhorizontal-parallax-lr\u00a0\u00bb padding_top_multiplier=\u00a0\u00bb2x\u00a0\u00bb columns_gap=\u00a0\u00bbnone\u00a0\u00bb font_color=\u00a0\u00bb#ffffff\u00a0\u00bb el_class=\u00a0\u00bbo2c-no-bottom-padding\u00a0\u00bb el_wrapper_class=\u00a0\u00bbo2c-no-bottom-padding\u00a0\u00bb][vc_column mobile_text_align=\u00a0\u00bbcenter\u00a0\u00bb css=\u00a0\u00bb.vc_custom_1680161197653{padding-right: 15% !important;padding-left: 15% !important;}\u00a0\u00bb][vc_row_inner][vc_column_inner desktop_hide=\u00a0\u00bbhide\u00a0\u00bb tablet_width=\u00a0\u00bbhide\u00a0\u00bb][\/vc_column_inner][\/vc_row_inner][vc_row_inner css=\u00a0\u00bb.vc_custom_1680164624782{padding-top: 7% !important;padding-bottom: 2% !important;}\u00a0\u00bb][vc_column_inner width=\u00a0\u00bb3\/5&Prime;][\/vc_column_inner][vc_column_inner width=\u00a0\u00bb1\/5&Prime;][\/vc_column_inner][vc_column_inner width=\u00a0\u00bb1\/5&Prime;][\/vc_column_inner][\/vc_row_inner][\/vc_column][vc_column el_class=\u00a0\u00bbo2c-no-bottom-padding\u00a0\u00bb el_wrapper_class=\u00a0\u00bbo2c-no-bottom-padding\u00a0\u00bb][\/vc_column][\/vc_row][vc_row bwd_tbc4vd_show_weekday=\u00a0\u00bb\u00a0\u00bb heading_color=\u00a0\u00bblight\u00a0\u00bb bg_type=\u00a0\u00bbcolor\u00a0\u00bb padding_top_multiplier=\u00a0\u00bb2x\u00a0\u00bb padding_bottom_multiplier=\u00a0\u00bb4x\u00a0\u00bb separator_bottom=\u00a0\u00bbtilt-right-separator\u00a0\u00bb separator_bottom_color=\u00a0\u00bb#f7f8f9&Prime; font_color=\u00a0\u00bb#ffffff\u00a0\u00bb bg_color=\u00a0\u00bb#151e3f\u00a0\u00bb][vc_column width=\u00a0\u00bb1\/3&Prime;][vc_row_inner][vc_column_inner tablet_width=\u00a0\u00bbhide\u00a0\u00bb tablet_sm_width=\u00a0\u00bbhide\u00a0\u00bb mobile_width=\u00a0\u00bbhide\u00a0\u00bb][\/vc_column_inner][\/vc_row_inner][vc_column_text text_style=\u00a0\u00bbleader-text\u00a0\u00bb]Apprenez \u00e0 r\u00e9initialiser les informations de votre compte avec cette courte vid\u00e9o, [&hellip;]<\/p>\n","protected":false},"author":6,"featured_media":0,"parent":0,"menu_order":0,"comment_status":"closed","ping_status":"closed","template":"","meta":{"footnotes":""},"folder":[15],"class_list":["post-165188","page","type-page","status-publish","hentry"],"yoast_head":"<!-- This site is optimized with the Yoast SEO plugin v27.5 - https:\/\/yoast.com\/product\/yoast-seo-wordpress\/ -->\n<title>Identifiants oubli\u00e9s | Auto Integrate<\/title>\n<meta name=\"description\" content=\"Guide d\u2019Auto Integrate sur la r\u00e9initialisation de vos identifiants de connexion\" \/>\n<meta name=\"robots\" content=\"index, follow, max-snippet:-1, max-image-preview:large, max-video-preview:-1\" \/>\n<link rel=\"canonical\" href=\"https:\/\/autointegrate.com\/fr\/identifiant-de-connexion-oublie\/\" \/>\n<meta property=\"og:locale\" content=\"fr_FR\" \/>\n<meta property=\"og:type\" content=\"article\" \/>\n<meta property=\"og:title\" content=\"Identifiants oubli\u00e9s | Auto Integrate\" \/>\n<meta property=\"og:description\" content=\"Guide d\u2019Auto Integrate sur la r\u00e9initialisation de vos identifiants de connexion\" \/>\n<meta property=\"og:url\" content=\"https:\/\/autointegrate.com\/fr\/identifiant-de-connexion-oublie\/\" \/>\n<meta property=\"og:site_name\" content=\"Auto Integrate\" \/>\n<meta property=\"article:modified_time\" content=\"2025-06-10T10:29:48+00:00\" \/>\n<meta property=\"og:image\" content=\"https:\/\/autointegrate.com\/wp-content\/uploads\/featured_image1-1.jpg\" \/>\n\t<meta property=\"og:image:width\" content=\"1200\" \/>\n\t<meta property=\"og:image:height\" content=\"628\" \/>\n\t<meta property=\"og:image:type\" content=\"image\/jpeg\" \/>\n<meta name=\"twitter:card\" content=\"summary_large_image\" \/>\n<meta name=\"twitter:label1\" content=\"Dur\u00e9e de lecture estim\u00e9e\" \/>\n\t<meta name=\"twitter:data1\" content=\"6 minutes\" \/>\n<script type=\"application\/ld+json\" class=\"yoast-schema-graph\">{\"@context\":\"https:\\\/\\\/schema.org\",\"@graph\":[{\"@type\":\"WebPage\",\"@id\":\"https:\\\/\\\/autointegrate.com\\\/fr\\\/identifiant-de-connexion-oublie\\\/\",\"url\":\"https:\\\/\\\/autointegrate.com\\\/fr\\\/identifiant-de-connexion-oublie\\\/\",\"name\":\"Identifiants oubli\u00e9s | Auto Integrate\",\"isPartOf\":{\"@id\":\"https:\\\/\\\/autointegrate.com\\\/fr\\\/#website\"},\"datePublished\":\"2020-02-07T13:40:21+00:00\",\"dateModified\":\"2025-06-10T10:29:48+00:00\",\"description\":\"Guide d\u2019Auto Integrate sur la r\u00e9initialisation de vos identifiants de connexion\",\"breadcrumb\":{\"@id\":\"https:\\\/\\\/autointegrate.com\\\/fr\\\/identifiant-de-connexion-oublie\\\/#breadcrumb\"},\"inLanguage\":\"fr-FR\",\"potentialAction\":[{\"@type\":\"ReadAction\",\"target\":[\"https:\\\/\\\/autointegrate.com\\\/fr\\\/identifiant-de-connexion-oublie\\\/\"]}]},{\"@type\":\"BreadcrumbList\",\"@id\":\"https:\\\/\\\/autointegrate.com\\\/fr\\\/identifiant-de-connexion-oublie\\\/#breadcrumb\",\"itemListElement\":[{\"@type\":\"ListItem\",\"position\":1,\"name\":\"Home\",\"item\":\"https:\\\/\\\/autointegrate.com\\\/fr\\\/\"},{\"@type\":\"ListItem\",\"position\":2,\"name\":\"Identifiant de connexion oubli\u00e9\"}]},{\"@type\":\"WebSite\",\"@id\":\"https:\\\/\\\/autointegrate.com\\\/fr\\\/#website\",\"url\":\"https:\\\/\\\/autointegrate.com\\\/fr\\\/\",\"name\":\"Auto Integrate\",\"description\":\"\",\"publisher\":{\"@id\":\"https:\\\/\\\/autointegrate.com\\\/fr\\\/#organization\"},\"potentialAction\":[{\"@type\":\"SearchAction\",\"target\":{\"@type\":\"EntryPoint\",\"urlTemplate\":\"https:\\\/\\\/autointegrate.com\\\/fr\\\/?s={search_term_string}\"},\"query-input\":{\"@type\":\"PropertyValueSpecification\",\"valueRequired\":true,\"valueName\":\"search_term_string\"}}],\"inLanguage\":\"fr-FR\"},{\"@type\":\"Organization\",\"@id\":\"https:\\\/\\\/autointegrate.com\\\/fr\\\/#organization\",\"name\":\"Auto Integrate LLC.\",\"url\":\"https:\\\/\\\/autointegrate.com\\\/fr\\\/\",\"logo\":{\"@type\":\"ImageObject\",\"inLanguage\":\"fr-FR\",\"@id\":\"https:\\\/\\\/autointegrate.com\\\/fr\\\/#\\\/schema\\\/logo\\\/image\\\/\",\"url\":\"https:\\\/\\\/autointegrate.com\\\/wp-content\\\/uploads\\\/Auto_Integrate_StickyLogo.png\",\"contentUrl\":\"https:\\\/\\\/autointegrate.com\\\/wp-content\\\/uploads\\\/Auto_Integrate_StickyLogo.png\",\"width\":200,\"height\":48,\"caption\":\"Auto Integrate LLC.\"},\"image\":{\"@id\":\"https:\\\/\\\/autointegrate.com\\\/fr\\\/#\\\/schema\\\/logo\\\/image\\\/\"}}]}<\/script>\n<!-- \/ Yoast SEO plugin. -->","yoast_head_json":{"title":"Identifiants oubli\u00e9s | Auto Integrate","description":"Guide d\u2019Auto Integrate sur la r\u00e9initialisation de vos identifiants de connexion","robots":{"index":"index","follow":"follow","max-snippet":"max-snippet:-1","max-image-preview":"max-image-preview:large","max-video-preview":"max-video-preview:-1"},"canonical":"https:\/\/autointegrate.com\/fr\/identifiant-de-connexion-oublie\/","og_locale":"fr_FR","og_type":"article","og_title":"Identifiants oubli\u00e9s | Auto Integrate","og_description":"Guide d\u2019Auto Integrate sur la r\u00e9initialisation de vos identifiants de connexion","og_url":"https:\/\/autointegrate.com\/fr\/identifiant-de-connexion-oublie\/","og_site_name":"Auto Integrate","article_modified_time":"2025-06-10T10:29:48+00:00","og_image":[{"width":1200,"height":628,"url":"https:\/\/autointegrate.com\/wp-content\/uploads\/featured_image1-1.jpg","type":"image\/jpeg"}],"twitter_card":"summary_large_image","twitter_misc":{"Dur\u00e9e de lecture estim\u00e9e":"6 minutes"},"schema":{"@context":"https:\/\/schema.org","@graph":[{"@type":"WebPage","@id":"https:\/\/autointegrate.com\/fr\/identifiant-de-connexion-oublie\/","url":"https:\/\/autointegrate.com\/fr\/identifiant-de-connexion-oublie\/","name":"Identifiants oubli\u00e9s | Auto Integrate","isPartOf":{"@id":"https:\/\/autointegrate.com\/fr\/#website"},"datePublished":"2020-02-07T13:40:21+00:00","dateModified":"2025-06-10T10:29:48+00:00","description":"Guide d\u2019Auto Integrate sur la r\u00e9initialisation de vos identifiants de connexion","breadcrumb":{"@id":"https:\/\/autointegrate.com\/fr\/identifiant-de-connexion-oublie\/#breadcrumb"},"inLanguage":"fr-FR","potentialAction":[{"@type":"ReadAction","target":["https:\/\/autointegrate.com\/fr\/identifiant-de-connexion-oublie\/"]}]},{"@type":"BreadcrumbList","@id":"https:\/\/autointegrate.com\/fr\/identifiant-de-connexion-oublie\/#breadcrumb","itemListElement":[{"@type":"ListItem","position":1,"name":"Home","item":"https:\/\/autointegrate.com\/fr\/"},{"@type":"ListItem","position":2,"name":"Identifiant de connexion oubli\u00e9"}]},{"@type":"WebSite","@id":"https:\/\/autointegrate.com\/fr\/#website","url":"https:\/\/autointegrate.com\/fr\/","name":"Auto Integrate","description":"","publisher":{"@id":"https:\/\/autointegrate.com\/fr\/#organization"},"potentialAction":[{"@type":"SearchAction","target":{"@type":"EntryPoint","urlTemplate":"https:\/\/autointegrate.com\/fr\/?s={search_term_string}"},"query-input":{"@type":"PropertyValueSpecification","valueRequired":true,"valueName":"search_term_string"}}],"inLanguage":"fr-FR"},{"@type":"Organization","@id":"https:\/\/autointegrate.com\/fr\/#organization","name":"Auto Integrate LLC.","url":"https:\/\/autointegrate.com\/fr\/","logo":{"@type":"ImageObject","inLanguage":"fr-FR","@id":"https:\/\/autointegrate.com\/fr\/#\/schema\/logo\/image\/","url":"https:\/\/autointegrate.com\/wp-content\/uploads\/Auto_Integrate_StickyLogo.png","contentUrl":"https:\/\/autointegrate.com\/wp-content\/uploads\/Auto_Integrate_StickyLogo.png","width":200,"height":48,"caption":"Auto Integrate LLC."},"image":{"@id":"https:\/\/autointegrate.com\/fr\/#\/schema\/logo\/image\/"}}]}},"_links":{"self":[{"href":"https:\/\/autointegrate.com\/fr\/wp-json\/wp\/v2\/pages\/165188","targetHints":{"allow":["GET"]}}],"collection":[{"href":"https:\/\/autointegrate.com\/fr\/wp-json\/wp\/v2\/pages"}],"about":[{"href":"https:\/\/autointegrate.com\/fr\/wp-json\/wp\/v2\/types\/page"}],"author":[{"embeddable":true,"href":"https:\/\/autointegrate.com\/fr\/wp-json\/wp\/v2\/users\/6"}],"replies":[{"embeddable":true,"href":"https:\/\/autointegrate.com\/fr\/wp-json\/wp\/v2\/comments?post=165188"}],"version-history":[{"count":2,"href":"https:\/\/autointegrate.com\/fr\/wp-json\/wp\/v2\/pages\/165188\/revisions"}],"predecessor-version":[{"id":165326,"href":"https:\/\/autointegrate.com\/fr\/wp-json\/wp\/v2\/pages\/165188\/revisions\/165326"}],"wp:attachment":[{"href":"https:\/\/autointegrate.com\/fr\/wp-json\/wp\/v2\/media?parent=165188"}],"wp:term":[{"taxonomy":"folder","embeddable":true,"href":"https:\/\/autointegrate.com\/fr\/wp-json\/wp\/v2\/folder?post=165188"}],"curies":[{"name":"wp","href":"https:\/\/api.w.org\/{rel}","templated":true}]}}