{"id":165104,"date":"2023-01-09T11:58:50","date_gmt":"2023-01-09T16:58:50","guid":{"rendered":"https:\/\/autointegrate.com\/guide-des-cartes-de-credit-gsa\/"},"modified":"2025-06-10T05:29:45","modified_gmt":"2025-06-10T10:29:45","slug":"guide-des-cartes-de-credit-gsa","status":"publish","type":"page","link":"https:\/\/autointegrate.com\/fr\/guide-des-cartes-de-credit-gsa\/","title":{"rendered":"Guide des cartes de cr\u00e9dit GSA"},"content":{"rendered":"<div class=\"wpb-content-wrapper\"><p>[vc_row bwd_tbc4vd_show_weekday=\u00a0\u00bb\u00a0\u00bb heading_color=\u00a0\u00bblight\u00a0\u00bb section_type=\u00a0\u00bbfullwidth\u00a0\u00bb bg_type=\u00a0\u00bbimage\u00a0\u00bb bg_image=\u00a0\u00bb2341&Prime; bg_image_type=\u00a0\u00bbhorizontal-parallax-lr\u00a0\u00bb padding_top_multiplier=\u00a0\u00bb2x\u00a0\u00bb columns_gap=\u00a0\u00bbnone\u00a0\u00bb font_color=\u00a0\u00bb#ffffff\u00a0\u00bb el_class=\u00a0\u00bbo2c-no-bottom-padding\u00a0\u00bb el_wrapper_class=\u00a0\u00bbo2c-no-bottom-padding\u00a0\u00bb][vc_column mobile_text_align=\u00a0\u00bbcenter\u00a0\u00bb css=\u00a0\u00bb.vc_custom_1680161197653{padding-right: 15% !important;padding-left: 15% !important;}\u00a0\u00bb][vc_row_inner][vc_column_inner desktop_hide=\u00a0\u00bbhide\u00a0\u00bb tablet_width=\u00a0\u00bbhide\u00a0\u00bb]<div class=\"grve-empty-space grve-height-2x\" style=\"\"><\/div>[\/vc_column_inner][\/vc_row_inner][vc_row_inner css=\u00a0\u00bb.vc_custom_1680164624782{padding-top: 7% !important;padding-bottom: 2% !important;}\u00a0\u00bb][vc_column_inner width=\u00a0\u00bb3\/5&Prime;]<div class=\"grve-empty-space grve-height-2x\" style=\"\"><\/div><h4 class=\"grve-element grve-title grve-align-left grve-animated-item grve-duration-very-fast grve-fade-in-down grve-h4 o2c-title-no-margin\" style=\"\" data-delay=\"100\"><span>CARTE DE CR\u00c9DIT GSA<\/span><\/h4><h1 class=\"grve-element grve-title grve-align-left grve-animated-item grve-duration-fast grve-fade-in-left grve-h1\" style=\"\" data-delay=\"100\"><span>GUIDE DE COLLECTE<\/span><\/h1>[\/vc_column_inner][vc_column_inner width=\u00a0\u00bb1\/5&Prime;][\/vc_column_inner][vc_column_inner width=\u00a0\u00bb1\/5&Prime;][\/vc_column_inner][\/vc_row_inner][\/vc_column][vc_column el_class=\u00a0\u00bbo2c-no-bottom-padding\u00a0\u00bb el_wrapper_class=\u00a0\u00bbo2c-no-bottom-padding\u00a0\u00bb]<div class=\"grve-element grve-image grve-align-center\" style=\"margin-bottom: 0px;\">  <div class=\"grve-image-wrapper\"><img loading=\"lazy\" decoding=\"async\" width=\"2700\" height=\"308\" src=\"https:\/\/autointegrate.com\/wp-content\/uploads\/inner-header-slash-2700.png\" class=\"attachment-full size-full\" alt=\"\" srcset=\"https:\/\/autointegrate.com\/wp-content\/uploads\/inner-header-slash-2700.png 1x,https:\/\/autointegrate.com\/wp-content\/uploads\/inner-header-slash-2700.png 2x\" \/>   <\/div><\/div>[\/vc_column][\/vc_row][vc_row bwd_tbc4vd_show_weekday=\u00a0\u00bb\u00a0\u00bb bg_type=\u00a0\u00bbcolor\u00a0\u00bb padding_top_multiplier=\u00a0\u00bb4x\u00a0\u00bb padding_bottom_multiplier=\u00a0\u00bb\u00a0\u00bb separator_top=\u00a0\u00bbtilt-left-separator\u00a0\u00bb separator_top_size=\u00a0\u00bb120px\u00a0\u00bb separator_top_color=\u00a0\u00bb#151e3f\u00a0\u00bb bg_color=\u00a0\u00bb#ffffff\u00a0\u00bb][vc_column text_align=\u00a0\u00bbcenter\u00a0\u00bb][vc_row_inner][vc_column_inner width=\u00a0\u00bb1\/3&Prime;]<div class=\"grve-empty-space grve-height-4x\" style=\"\"><\/div><h4 class=\"grve-element grve-title grve-align-left grve-animated-item grve-duration-very-fast grve-fade-in-down grve-h4 o2c-title-no-margin\" style=\"margin-bottom: 0PXpx;\" data-delay=\"100\"><span>DE PAIEMENT<\/span><\/h4><h2 class=\"grve-element grve-title grve-align-left grve-animated-item grve-duration-fast grve-fade-in-up grve-h2\" style=\"\" data-delay=\"100\"><span>LE PAIEMENT<\/span><\/h2>[vc_column_text]<\/p>\n<p style=\"text-align: left;\">Une fois que vous avez \u00ab\u00a0Work Completed\u00a0\u00bb (Intervention termin\u00e9e) sur la Repair Order (Demande de r\u00e9paration), faites d\u00e9filer jusqu\u2019au bas de la page et cliquez sur le bouton \u00ab\u00a0Credit Card Payment\u00a0\u00bb (Paiement par carte de cr\u00e9dit) en bas \u00e0 droite de la page.<\/p>\n<p>[\/vc_column_text][\/vc_column_inner][vc_column_inner width=\u00a0\u00bb2\/3&Prime;]<div class=\"grve-element grve-image grve-align-center\" style=\"\">  <div class=\"grve-image-wrapper\"><img loading=\"lazy\" decoding=\"async\" width=\"1051\" height=\"1040\" src=\"https:\/\/autointegrate.com\/wp-content\/uploads\/Credit-Card-Payment-higlighted.png\" class=\"attachment-full size-full\" alt=\"\" srcset=\"https:\/\/autointegrate.com\/wp-content\/uploads\/Credit-Card-Payment-higlighted.png 1051w, https:\/\/autointegrate.com\/wp-content\/uploads\/Credit-Card-Payment-higlighted-768x760.png 768w\" sizes=\"auto, (max-width: 1051px) 100vw, 1051px\" \/>   <\/div><\/div>[\/vc_column_inner][\/vc_row_inner]<div class=\"grve-empty-space grve-height-4x\" style=\"\"><\/div>[\/vc_column][\/vc_row][vc_row padding_top_multiplier=\u00a0\u00bb\u00a0\u00bb padding_bottom_multiplier=\u00a0\u00bb4x\u00a0\u00bb equal_column_height=\u00a0\u00bbmiddle-content\u00a0\u00bb tablet_portrait_equal_column_height=\u00a0\u00bbfalse\u00a0\u00bb mobile_equal_column_height=\u00a0\u00bbfalse\u00a0\u00bb][vc_column width=\u00a0\u00bb2\/3&Prime; tablet_sm_width=\u00a0\u00bb1&Prime; css=\u00a0\u00bb.vc_custom_1575307663943{background-color: #ffffff !important;}\u00a0\u00bb font_color=\u00a0\u00bb#aeaeae\u00a0\u00bb]<div class=\"grve-element grve-image grve-align-center\" style=\"\">  <div class=\"grve-image-wrapper\"><img loading=\"lazy\" decoding=\"async\" width=\"1021\" height=\"184\" src=\"https:\/\/autointegrate.com\/wp-content\/uploads\/Accept-payment.png\" class=\"attachment-full size-full\" alt=\"\" srcset=\"https:\/\/autointegrate.com\/wp-content\/uploads\/Accept-payment.png 1021w, https:\/\/autointegrate.com\/wp-content\/uploads\/Accept-payment-768x138.png 768w\" sizes=\"auto, (max-width: 1021px) 100vw, 1021px\" \/>   <\/div><\/div>[\/vc_column][vc_column vertical_content_position=\u00a0\u00bbmiddle\u00a0\u00bb width=\u00a0\u00bb1\/3&Prime; tablet_sm_width=\u00a0\u00bb1&Prime; css=\u00a0\u00bb.vc_custom_1575307703071{background-color: #ffffff !important;}\u00a0\u00bb]<h4 class=\"grve-element grve-title grve-align-left grve-animated-item grve-duration-very-fast grve-fade-in-down grve-h4 o2c-title-no-margin\" style=\"margin-bottom: 0PXpx;\" data-delay=\"100\"><span>CONFIRMER<\/span><\/h4><h2 class=\"grve-element grve-title grve-align-left grve-animated-item grve-duration-fast grve-fade-in-up grve-h2\" style=\"\" data-delay=\"100\"><span>LE PAIEMENT<\/span><\/h2>[vc_column_text]Le syst\u00e8me ouvrira ensuite cette fen\u00eatre contextuelle. Si vous souhaitez maintenant accepter le paiement, cliquez sur \u00ab\u00a0Accept Payment\u00a0\u00bb (Accepter le paiement). Sinon, cliquez sur \u00ab\u00a0Cancel\u00a0\u00bb (Annuler) pour percevoir le paiement plus tard.[\/vc_column_text][\/vc_column][\/vc_row][vc_row bg_type=\u00a0\u00bbcolor\u00a0\u00bb padding_top_multiplier=\u00a0\u00bb2x\u00a0\u00bb padding_bottom_multiplier=\u00a0\u00bb\u00a0\u00bb bg_color=\u00a0\u00bb#ffffff\u00a0\u00bb][vc_column text_align=\u00a0\u00bbcenter\u00a0\u00bb][vc_row_inner][vc_column_inner width=\u00a0\u00bb1\/3&Prime;]<h4 class=\"grve-element grve-title grve-align-left grve-animated-item grve-duration-very-fast grve-fade-in-down grve-h4 o2c-title-no-margin\" style=\"margin-bottom: 0PXpx;\" data-delay=\"100\"><span>\u00c9CRAN<\/span><\/h4><h2 class=\"grve-element grve-title grve-align-left grve-animated-item grve-duration-fast grve-fade-in-up grve-h2\" style=\"\" data-delay=\"100\"><span>CARTE DE CR\u00c9DIT<\/span><\/h2>[vc_column_text]<\/p>\n<p style=\"text-align: left;\">Les donn\u00e9es de la carte de cr\u00e9dit vous seront ensuite pr\u00e9sent\u00e9es\u00a0; veuillez vous assurer d\u2019avoir renseign\u00e9 ces informations avant de refermer la fen\u00eatre contextuelle Credit Card Payment (Paiement par carte de cr\u00e9dit) car elles ne peuvent \u00eatre demand\u00e9es qu\u2019une seule fois.<\/p>\n<p style=\"text-align: left;\">Une fois que vous aurez fini de renseigner ces informations, cliquez sur \u00ab\u00a0Close\u00a0\u00bb (Fermer).<\/p>\n<p>[\/vc_column_text][\/vc_column_inner][vc_column_inner width=\u00a0\u00bb2\/3&Prime;]<div class=\"grve-element grve-image grve-align-center\" style=\"\">  <div class=\"grve-image-wrapper\"><img loading=\"lazy\" decoding=\"async\" width=\"1012\" height=\"426\" src=\"https:\/\/autointegrate.com\/wp-content\/uploads\/Credit-card-popup-inside.png\" class=\"attachment-full size-full\" alt=\"\" srcset=\"https:\/\/autointegrate.com\/wp-content\/uploads\/Credit-card-popup-inside.png 1012w, https:\/\/autointegrate.com\/wp-content\/uploads\/Credit-card-popup-inside-768x323.png 768w\" sizes=\"auto, (max-width: 1012px) 100vw, 1012px\" \/>   <\/div><\/div>[\/vc_column_inner][\/vc_row_inner]<div class=\"grve-empty-space grve-height-4x\" style=\"\"><\/div>[\/vc_column][\/vc_row][vc_row bwd_tbc4vd_show_weekday=\u00a0\u00bb\u00a0\u00bb heading_color=\u00a0\u00bblight\u00a0\u00bb section_type=\u00a0\u00bbfullwidth\u00a0\u00bb bg_type=\u00a0\u00bbimage\u00a0\u00bb bg_image=\u00a0\u00bb122437&Prime; bg_image_type=\u00a0\u00bbhorizontal-parallax-lr\u00a0\u00bb padding_top_multiplier=\u00a0\u00bb2x\u00a0\u00bb columns_gap=\u00a0\u00bbnone\u00a0\u00bb separator_top=\u00a0\u00bbtilt-right-separator\u00a0\u00bb font_color=\u00a0\u00bb#ffffff\u00a0\u00bb el_class=\u00a0\u00bbo2c-no-bottom-padding\u00a0\u00bb el_wrapper_class=\u00a0\u00bbo2c-no-bottom-padding\u00a0\u00bb][vc_column mobile_text_align=\u00a0\u00bbcenter\u00a0\u00bb css=\u00a0\u00bb.vc_custom_1680161197653{padding-right: 15% !important;padding-left: 15% !important;}\u00a0\u00bb][vc_row_inner][vc_column_inner desktop_hide=\u00a0\u00bbhide\u00a0\u00bb tablet_width=\u00a0\u00bbhide\u00a0\u00bb tablet_sm_width=\u00a0\u00bbhide\u00a0\u00bb]<div class=\"grve-empty-space grve-height-2x\" style=\"\"><\/div>[\/vc_column_inner][\/vc_row_inner][vc_row_inner css=\u00a0\u00bb.vc_custom_1680164624782{padding-top: 7% !important;padding-bottom: 2% !important;}\u00a0\u00bb][vc_column_inner width=\u00a0\u00bb3\/5&Prime;]<h4 class=\"grve-element grve-title grve-align-left grve-animated-item grve-duration-very-fast grve-fade-in-down grve-h4 o2c-title-no-margin\" style=\"margin-bottom: 0PXpx;\" data-delay=\"100\"><span>BESOIN<\/span><\/h4><h2 class=\"grve-element grve-title grve-align-left grve-animated-item grve-duration-fast grve-fade-in-up grve-h2\" style=\"\" data-delay=\"100\"><span>D\u2019AIDE SUPPL\u00c9MENTAIRE\u00a0?<\/span><\/h2>[vc_column_text text_style=\u00a0\u00bbleader-text\u00a0\u00bb]<\/p>\n<p style=\"text-align: left;\">Utilisez notre Guide de l\u2019utilisateur pour avoir un aper\u00e7u du syst\u00e8me ou contactez notre \u00e9quipe d\u2019assistance<\/p>\n<p>[\/vc_column_text][\/vc_column_inner][vc_column_inner width=\u00a0\u00bb1\/5&Prime; tablet_sm_width=\u00a0\u00bbhide\u00a0\u00bb][\/vc_column_inner][vc_column_inner width=\u00a0\u00bb1\/5&Prime; tablet_sm_width=\u00a0\u00bb2-5&Prime;]<div class=\"grve-empty-space grve-height-1x\" style=\"\"><\/div><div class=\"grve-element grve-align-left grve-fluid-button\"><a href=\"https:\/\/autointegrate.com\/fr\/nous-contacter\/\" class=\"grve-btn grve-btn-small grve-shadow-large grve-round grve-bg-primary-1 grve-bg-hover-primary-4\" style=\"margin-bottom: 15px;max-width: 100%;\"><span>CONTACTEZ-NOUS<\/span><\/a><\/div><div class=\"grve-element grve-align-center grve-fluid-button\"><a href=\"\/wp-content\/uploads\/AI-User-Guide.pdf\" target=\"_blank\" rel=\"noopener noreferrer\" class=\"grve-btn grve-btn-small grve-shadow-large grve-round grve-bg-white grve-bg-hover-primary-2\" style=\"max-width: 250px;\"><span>GUIDE DE L\u2019UTILISATEUR<\/span><\/a><\/div>[\/vc_column_inner][\/vc_row_inner][vc_row_inner][vc_column_inner desktop_hide=\u00a0\u00bbhide\u00a0\u00bb tablet_width=\u00a0\u00bbhide\u00a0\u00bb tablet_sm_width=\u00a0\u00bbhide\u00a0\u00bb]<div class=\"grve-empty-space grve-height-2x\" style=\"\"><\/div>[\/vc_column_inner][\/vc_row_inner][\/vc_column][vc_column el_class=\u00a0\u00bbo2c-no-bottom-padding\u00a0\u00bb el_wrapper_class=\u00a0\u00bbo2c-no-bottom-padding\u00a0\u00bb]<div class=\"grve-element grve-image grve-align-center\" style=\"margin-bottom: 0px;\">  <div class=\"grve-image-wrapper\"><img loading=\"lazy\" decoding=\"async\" width=\"2700\" height=\"305\" src=\"https:\/\/autointegrate.com\/wp-content\/uploads\/2700-slash2-end-advert.png\" class=\"attachment-full size-full\" alt=\"\" srcset=\"https:\/\/autointegrate.com\/wp-content\/uploads\/2700-slash2-end-advert.png 2700w, https:\/\/autointegrate.com\/wp-content\/uploads\/2700-slash2-end-advert-768x87.png 768w, https:\/\/autointegrate.com\/wp-content\/uploads\/2700-slash2-end-advert-1536x174.png 1536w, https:\/\/autointegrate.com\/wp-content\/uploads\/2700-slash2-end-advert-1920x217.png 1920w\" sizes=\"auto, (max-width: 2700px) 100vw, 2700px\" \/>   <\/div><\/div>[\/vc_column][\/vc_row]<\/p>\n<\/div>","protected":false},"excerpt":{"rendered":"<p>[vc_row bwd_tbc4vd_show_weekday=\u00a0\u00bb\u00a0\u00bb heading_color=\u00a0\u00bblight\u00a0\u00bb section_type=\u00a0\u00bbfullwidth\u00a0\u00bb bg_type=\u00a0\u00bbimage\u00a0\u00bb bg_image=\u00a0\u00bb2341&Prime; bg_image_type=\u00a0\u00bbhorizontal-parallax-lr\u00a0\u00bb padding_top_multiplier=\u00a0\u00bb2x\u00a0\u00bb columns_gap=\u00a0\u00bbnone\u00a0\u00bb font_color=\u00a0\u00bb#ffffff\u00a0\u00bb el_class=\u00a0\u00bbo2c-no-bottom-padding\u00a0\u00bb el_wrapper_class=\u00a0\u00bbo2c-no-bottom-padding\u00a0\u00bb][vc_column mobile_text_align=\u00a0\u00bbcenter\u00a0\u00bb css=\u00a0\u00bb.vc_custom_1680161197653{padding-right: 15% !important;padding-left: 15% !important;}\u00a0\u00bb][vc_row_inner][vc_column_inner desktop_hide=\u00a0\u00bbhide\u00a0\u00bb tablet_width=\u00a0\u00bbhide\u00a0\u00bb][\/vc_column_inner][\/vc_row_inner][vc_row_inner css=\u00a0\u00bb.vc_custom_1680164624782{padding-top: 7% !important;padding-bottom: 2% !important;}\u00a0\u00bb][vc_column_inner width=\u00a0\u00bb3\/5&Prime;][\/vc_column_inner][vc_column_inner width=\u00a0\u00bb1\/5&Prime;][\/vc_column_inner][vc_column_inner width=\u00a0\u00bb1\/5&Prime;][\/vc_column_inner][\/vc_row_inner][\/vc_column][vc_column el_class=\u00a0\u00bbo2c-no-bottom-padding\u00a0\u00bb el_wrapper_class=\u00a0\u00bbo2c-no-bottom-padding\u00a0\u00bb][\/vc_column][\/vc_row][vc_row bwd_tbc4vd_show_weekday=\u00a0\u00bb\u00a0\u00bb bg_type=\u00a0\u00bbcolor\u00a0\u00bb padding_top_multiplier=\u00a0\u00bb4x\u00a0\u00bb padding_bottom_multiplier=\u00a0\u00bb\u00a0\u00bb separator_top=\u00a0\u00bbtilt-left-separator\u00a0\u00bb separator_top_size=\u00a0\u00bb120px\u00a0\u00bb separator_top_color=\u00a0\u00bb#151e3f\u00a0\u00bb bg_color=\u00a0\u00bb#ffffff\u00a0\u00bb][vc_column text_align=\u00a0\u00bbcenter\u00a0\u00bb][vc_row_inner][vc_column_inner width=\u00a0\u00bb1\/3&Prime;][vc_column_text] Une fois que vous avez \u00ab\u00a0Work Completed\u00a0\u00bb (Intervention termin\u00e9e) sur la Repair Order (Demande de [&hellip;]<\/p>\n","protected":false},"author":6,"featured_media":0,"parent":0,"menu_order":0,"comment_status":"closed","ping_status":"closed","template":"","meta":{"footnotes":""},"folder":[],"class_list":["post-165104","page","type-page","status-publish","hentry"],"yoast_head":"<!-- This site is optimized with the Yoast SEO plugin v27.5 - https:\/\/yoast.com\/product\/yoast-seo-wordpress\/ -->\n<title>Guide des cartes de cr\u00e9dit GSA | Auto\u00a0Integrate<\/title>\n<meta name=\"description\" content=\"Un guide simple qui vous explique comment percevoir un paiement effectu\u00e9 par carte de cr\u00e9dit GSA\" \/>\n<meta name=\"robots\" content=\"index, follow, max-snippet:-1, max-image-preview:large, max-video-preview:-1\" \/>\n<link rel=\"canonical\" href=\"https:\/\/autointegrate.com\/fr\/guide-des-cartes-de-credit-gsa\/\" \/>\n<meta property=\"og:locale\" content=\"fr_FR\" \/>\n<meta property=\"og:type\" content=\"article\" \/>\n<meta property=\"og:title\" content=\"Guide des cartes de cr\u00e9dit GSA | Auto\u00a0Integrate\" \/>\n<meta property=\"og:description\" content=\"Un guide simple qui vous explique comment percevoir un paiement effectu\u00e9 par carte de cr\u00e9dit GSA\" \/>\n<meta property=\"og:url\" content=\"https:\/\/autointegrate.com\/fr\/guide-des-cartes-de-credit-gsa\/\" \/>\n<meta property=\"og:site_name\" content=\"Auto Integrate\" \/>\n<meta property=\"article:modified_time\" content=\"2025-06-10T10:29:45+00:00\" \/>\n<meta property=\"og:image\" content=\"https:\/\/autointegrate.com\/wp-content\/uploads\/featured_image1-1.jpg\" \/>\n\t<meta property=\"og:image:width\" content=\"1200\" \/>\n\t<meta property=\"og:image:height\" content=\"628\" \/>\n\t<meta property=\"og:image:type\" content=\"image\/jpeg\" \/>\n<meta name=\"twitter:card\" content=\"summary_large_image\" \/>\n<meta name=\"twitter:label1\" content=\"Dur\u00e9e de lecture estim\u00e9e\" \/>\n\t<meta name=\"twitter:data1\" content=\"5 minutes\" \/>\n<script type=\"application\/ld+json\" class=\"yoast-schema-graph\">{\"@context\":\"https:\\\/\\\/schema.org\",\"@graph\":[{\"@type\":\"WebPage\",\"@id\":\"https:\\\/\\\/autointegrate.com\\\/fr\\\/guide-des-cartes-de-credit-gsa\\\/\",\"url\":\"https:\\\/\\\/autointegrate.com\\\/fr\\\/guide-des-cartes-de-credit-gsa\\\/\",\"name\":\"Guide des cartes de cr\u00e9dit GSA | Auto\u00a0Integrate\",\"isPartOf\":{\"@id\":\"https:\\\/\\\/autointegrate.com\\\/fr\\\/#website\"},\"datePublished\":\"2023-01-09T16:58:50+00:00\",\"dateModified\":\"2025-06-10T10:29:45+00:00\",\"description\":\"Un guide simple qui vous explique comment percevoir un paiement effectu\u00e9 par carte de cr\u00e9dit GSA\",\"breadcrumb\":{\"@id\":\"https:\\\/\\\/autointegrate.com\\\/fr\\\/guide-des-cartes-de-credit-gsa\\\/#breadcrumb\"},\"inLanguage\":\"fr-FR\",\"potentialAction\":[{\"@type\":\"ReadAction\",\"target\":[\"https:\\\/\\\/autointegrate.com\\\/fr\\\/guide-des-cartes-de-credit-gsa\\\/\"]}]},{\"@type\":\"BreadcrumbList\",\"@id\":\"https:\\\/\\\/autointegrate.com\\\/fr\\\/guide-des-cartes-de-credit-gsa\\\/#breadcrumb\",\"itemListElement\":[{\"@type\":\"ListItem\",\"position\":1,\"name\":\"Home\",\"item\":\"https:\\\/\\\/autointegrate.com\\\/fr\\\/\"},{\"@type\":\"ListItem\",\"position\":2,\"name\":\"Guide des cartes de cr\u00e9dit GSA\"}]},{\"@type\":\"WebSite\",\"@id\":\"https:\\\/\\\/autointegrate.com\\\/fr\\\/#website\",\"url\":\"https:\\\/\\\/autointegrate.com\\\/fr\\\/\",\"name\":\"Auto Integrate\",\"description\":\"\",\"publisher\":{\"@id\":\"https:\\\/\\\/autointegrate.com\\\/fr\\\/#organization\"},\"potentialAction\":[{\"@type\":\"SearchAction\",\"target\":{\"@type\":\"EntryPoint\",\"urlTemplate\":\"https:\\\/\\\/autointegrate.com\\\/fr\\\/?s={search_term_string}\"},\"query-input\":{\"@type\":\"PropertyValueSpecification\",\"valueRequired\":true,\"valueName\":\"search_term_string\"}}],\"inLanguage\":\"fr-FR\"},{\"@type\":\"Organization\",\"@id\":\"https:\\\/\\\/autointegrate.com\\\/fr\\\/#organization\",\"name\":\"Auto Integrate LLC.\",\"url\":\"https:\\\/\\\/autointegrate.com\\\/fr\\\/\",\"logo\":{\"@type\":\"ImageObject\",\"inLanguage\":\"fr-FR\",\"@id\":\"https:\\\/\\\/autointegrate.com\\\/fr\\\/#\\\/schema\\\/logo\\\/image\\\/\",\"url\":\"https:\\\/\\\/autointegrate.com\\\/wp-content\\\/uploads\\\/Auto_Integrate_StickyLogo.png\",\"contentUrl\":\"https:\\\/\\\/autointegrate.com\\\/wp-content\\\/uploads\\\/Auto_Integrate_StickyLogo.png\",\"width\":200,\"height\":48,\"caption\":\"Auto Integrate LLC.\"},\"image\":{\"@id\":\"https:\\\/\\\/autointegrate.com\\\/fr\\\/#\\\/schema\\\/logo\\\/image\\\/\"}}]}<\/script>\n<!-- \/ Yoast SEO plugin. -->","yoast_head_json":{"title":"Guide des cartes de cr\u00e9dit GSA | Auto\u00a0Integrate","description":"Un guide simple qui vous explique comment percevoir un paiement effectu\u00e9 par carte de cr\u00e9dit GSA","robots":{"index":"index","follow":"follow","max-snippet":"max-snippet:-1","max-image-preview":"max-image-preview:large","max-video-preview":"max-video-preview:-1"},"canonical":"https:\/\/autointegrate.com\/fr\/guide-des-cartes-de-credit-gsa\/","og_locale":"fr_FR","og_type":"article","og_title":"Guide des cartes de cr\u00e9dit GSA | Auto\u00a0Integrate","og_description":"Un guide simple qui vous explique comment percevoir un paiement effectu\u00e9 par carte de cr\u00e9dit GSA","og_url":"https:\/\/autointegrate.com\/fr\/guide-des-cartes-de-credit-gsa\/","og_site_name":"Auto Integrate","article_modified_time":"2025-06-10T10:29:45+00:00","og_image":[{"width":1200,"height":628,"url":"https:\/\/autointegrate.com\/wp-content\/uploads\/featured_image1-1.jpg","type":"image\/jpeg"}],"twitter_card":"summary_large_image","twitter_misc":{"Dur\u00e9e de lecture estim\u00e9e":"5 minutes"},"schema":{"@context":"https:\/\/schema.org","@graph":[{"@type":"WebPage","@id":"https:\/\/autointegrate.com\/fr\/guide-des-cartes-de-credit-gsa\/","url":"https:\/\/autointegrate.com\/fr\/guide-des-cartes-de-credit-gsa\/","name":"Guide des cartes de cr\u00e9dit GSA | Auto\u00a0Integrate","isPartOf":{"@id":"https:\/\/autointegrate.com\/fr\/#website"},"datePublished":"2023-01-09T16:58:50+00:00","dateModified":"2025-06-10T10:29:45+00:00","description":"Un guide simple qui vous explique comment percevoir un paiement effectu\u00e9 par carte de cr\u00e9dit GSA","breadcrumb":{"@id":"https:\/\/autointegrate.com\/fr\/guide-des-cartes-de-credit-gsa\/#breadcrumb"},"inLanguage":"fr-FR","potentialAction":[{"@type":"ReadAction","target":["https:\/\/autointegrate.com\/fr\/guide-des-cartes-de-credit-gsa\/"]}]},{"@type":"BreadcrumbList","@id":"https:\/\/autointegrate.com\/fr\/guide-des-cartes-de-credit-gsa\/#breadcrumb","itemListElement":[{"@type":"ListItem","position":1,"name":"Home","item":"https:\/\/autointegrate.com\/fr\/"},{"@type":"ListItem","position":2,"name":"Guide des cartes de cr\u00e9dit GSA"}]},{"@type":"WebSite","@id":"https:\/\/autointegrate.com\/fr\/#website","url":"https:\/\/autointegrate.com\/fr\/","name":"Auto Integrate","description":"","publisher":{"@id":"https:\/\/autointegrate.com\/fr\/#organization"},"potentialAction":[{"@type":"SearchAction","target":{"@type":"EntryPoint","urlTemplate":"https:\/\/autointegrate.com\/fr\/?s={search_term_string}"},"query-input":{"@type":"PropertyValueSpecification","valueRequired":true,"valueName":"search_term_string"}}],"inLanguage":"fr-FR"},{"@type":"Organization","@id":"https:\/\/autointegrate.com\/fr\/#organization","name":"Auto Integrate LLC.","url":"https:\/\/autointegrate.com\/fr\/","logo":{"@type":"ImageObject","inLanguage":"fr-FR","@id":"https:\/\/autointegrate.com\/fr\/#\/schema\/logo\/image\/","url":"https:\/\/autointegrate.com\/wp-content\/uploads\/Auto_Integrate_StickyLogo.png","contentUrl":"https:\/\/autointegrate.com\/wp-content\/uploads\/Auto_Integrate_StickyLogo.png","width":200,"height":48,"caption":"Auto Integrate LLC."},"image":{"@id":"https:\/\/autointegrate.com\/fr\/#\/schema\/logo\/image\/"}}]}},"_links":{"self":[{"href":"https:\/\/autointegrate.com\/fr\/wp-json\/wp\/v2\/pages\/165104","targetHints":{"allow":["GET"]}}],"collection":[{"href":"https:\/\/autointegrate.com\/fr\/wp-json\/wp\/v2\/pages"}],"about":[{"href":"https:\/\/autointegrate.com\/fr\/wp-json\/wp\/v2\/types\/page"}],"author":[{"embeddable":true,"href":"https:\/\/autointegrate.com\/fr\/wp-json\/wp\/v2\/users\/6"}],"replies":[{"embeddable":true,"href":"https:\/\/autointegrate.com\/fr\/wp-json\/wp\/v2\/comments?post=165104"}],"version-history":[{"count":2,"href":"https:\/\/autointegrate.com\/fr\/wp-json\/wp\/v2\/pages\/165104\/revisions"}],"predecessor-version":[{"id":165305,"href":"https:\/\/autointegrate.com\/fr\/wp-json\/wp\/v2\/pages\/165104\/revisions\/165305"}],"wp:attachment":[{"href":"https:\/\/autointegrate.com\/fr\/wp-json\/wp\/v2\/media?parent=165104"}],"wp:term":[{"taxonomy":"folder","embeddable":true,"href":"https:\/\/autointegrate.com\/fr\/wp-json\/wp\/v2\/folder?post=165104"}],"curies":[{"name":"wp","href":"https:\/\/api.w.org\/{rel}","templated":true}]}}