{"id":165096,"date":"2023-10-12T05:22:50","date_gmt":"2023-10-12T10:22:50","guid":{"rendered":"https:\/\/autointegrate.com\/recuperer-votre-compte\/"},"modified":"2025-06-10T05:29:45","modified_gmt":"2025-06-10T10:29:45","slug":"recuperer-votre-compte","status":"publish","type":"page","link":"https:\/\/autointegrate.com\/fr\/recuperer-votre-compte\/","title":{"rendered":"R\u00e9cup\u00e9rer votre compte"},"content":{"rendered":"<div class=\"wpb-content-wrapper\"><p>[vc_row bwd_tbc4vd_show_weekday=\u00a0\u00bb\u00a0\u00bb heading_color=\u00a0\u00bblight\u00a0\u00bb section_type=\u00a0\u00bbfullwidth\u00a0\u00bb bg_type=\u00a0\u00bbimage\u00a0\u00bb bg_image=\u00a0\u00bb123361&Prime; bg_image_type=\u00a0\u00bbhorizontal-parallax-lr\u00a0\u00bb padding_top_multiplier=\u00a0\u00bb2x\u00a0\u00bb columns_gap=\u00a0\u00bbnone\u00a0\u00bb font_color=\u00a0\u00bb#ffffff\u00a0\u00bb el_class=\u00a0\u00bbo2c-no-bottom-padding\u00a0\u00bb el_wrapper_class=\u00a0\u00bbo2c-no-bottom-padding\u00a0\u00bb][vc_column mobile_text_align=\u00a0\u00bbcenter\u00a0\u00bb css=\u00a0\u00bb.vc_custom_1680161197653{padding-right: 15% !important;padding-left: 15% !important;}\u00a0\u00bb][vc_row_inner][vc_column_inner desktop_hide=\u00a0\u00bbhide\u00a0\u00bb tablet_width=\u00a0\u00bbhide\u00a0\u00bb]<div class=\"grve-empty-space grve-height-2x\" style=\"\"><\/div>[\/vc_column_inner][\/vc_row_inner][vc_row_inner css=\u00a0\u00bb.vc_custom_1680164624782{padding-top: 7% !important;padding-bottom: 2% !important;}\u00a0\u00bb][vc_column_inner width=\u00a0\u00bb3\/5&Prime;]<div class=\"grve-empty-space grve-height-2x\" style=\"\"><\/div><h4 class=\"grve-element grve-title grve-align-left grve-animated-item grve-duration-very-fast grve-fade-in-down grve-h4 o2c-title-no-margin\" style=\"\" data-delay=\"100\"><span>R\u00c9CUP\u00c9RER VOTRE<\/span><\/h4><h1 class=\"grve-element grve-title grve-align-left grve-animated-item grve-duration-fast grve-fade-in-left grve-h1\" style=\"\" data-delay=\"100\"><span>COMPTE CHEZ NOUS<\/span><\/h1>[\/vc_column_inner][vc_column_inner width=\u00a0\u00bb1\/5&Prime;][\/vc_column_inner][vc_column_inner width=\u00a0\u00bb1\/5&Prime;][\/vc_column_inner][\/vc_row_inner][\/vc_column][vc_column el_class=\u00a0\u00bbo2c-no-bottom-padding\u00a0\u00bb el_wrapper_class=\u00a0\u00bbo2c-no-bottom-padding\u00a0\u00bb]<div class=\"grve-element grve-image grve-align-center\" style=\"margin-bottom: 0px;\">  <div class=\"grve-image-wrapper\"><img loading=\"lazy\" decoding=\"async\" width=\"2700\" height=\"308\" src=\"https:\/\/autointegrate.com\/wp-content\/uploads\/inner-header-slash-2700.png\" class=\"attachment-full size-full\" alt=\"\" srcset=\"https:\/\/autointegrate.com\/wp-content\/uploads\/inner-header-slash-2700.png 1x,https:\/\/autointegrate.com\/wp-content\/uploads\/inner-header-slash-2700.png 2x\" \/>   <\/div><\/div>[\/vc_column][\/vc_row][vc_row bwd_tbc4vd_show_weekday=\u00a0\u00bb\u00a0\u00bb bg_type=\u00a0\u00bbcolor\u00a0\u00bb padding_top_multiplier=\u00a0\u00bb4x\u00a0\u00bb padding_bottom_multiplier=\u00a0\u00bb\u00a0\u00bb separator_top=\u00a0\u00bbtilt-left-separator\u00a0\u00bb separator_top_color=\u00a0\u00bb#151e3f\u00a0\u00bb bg_color=\u00a0\u00bb#ffffff\u00a0\u00bb][vc_column text_align=\u00a0\u00bbcenter\u00a0\u00bb]<h4 class=\"grve-element grve-title grve-align-center grve-h4 o2c-title-no-margin\" style=\"margin-bottom: 0PXpx;\"><span>R\u00c9CUP\u00c9REZ VOTRE COMPTE<\/span><\/h4><h2 class=\"grve-element grve-title grve-align-center grve-h2\" style=\"\"><span>AUTO INTEGRATE<\/span><\/h2><div class=\"grve-empty-space\" style=\"height: 20px;\"><\/div>[vc_row_inner bwd_show_when_type=\u00a0\u00bbdailyshow\u00a0\u00bb bwd_tbc4vd_show_weekday=\u00a0\u00bbmon,tue,wed,thu,fri,sat,sun\u00a0\u00bb bwd_tbc4vc_weekdayrule_mon_start=\u00a0\u00bb08:00&Prime; bwd_tbc4vc_weekdayrule_mon_end=\u00a0\u00bb15:00&Prime; bwd_tbc4vc_weekdayrule_tue_start=\u00a0\u00bb08:00&Prime; bwd_tbc4vc_weekdayrule_tue_end=\u00a0\u00bb15:00&Prime; bwd_tbc4vc_weekdayrule_wed_start=\u00a0\u00bb08:00&Prime; bwd_tbc4vc_weekdayrule_wed_end=\u00a0\u00bb15:00&Prime; bwd_tbc4vc_weekdayrule_thu_start=\u00a0\u00bb08:00&Prime; bwd_tbc4vc_weekdayrule_thu_end=\u00a0\u00bb15:00&Prime; bwd_tbc4vc_weekdayrule_fri_start=\u00a0\u00bb02:00&Prime; bwd_tbc4vc_weekdayrule_fri_end=\u00a0\u00bb03:00&Prime; bwd_tbc4vc_weekdayrule_sat_start=\u00a0\u00bb02:00&Prime; bwd_tbc4vc_weekdayrule_sat_end=\u00a0\u00bb03:00&Prime; bwd_tbc4vc_weekdayrule_sun_start=\u00a0\u00bb02:00&Prime; bwd_tbc4vc_weekdayrule_sun_end=\u00a0\u00bb03:00&Prime;][vc_column_inner width=\u00a0\u00bb1\/6&Prime;][\/vc_column_inner][vc_column_inner width=\u00a0\u00bb2\/3&Prime;][vc_column_text]<\/p>\n<p style=\"text-align: left;\">Veuillez appeler notre \u00e9quipe au\u00a0:<\/p>\n<p style=\"text-align: left;\"><strong>(833)-231-6181, poste 9<\/strong><\/p>\n<p style=\"text-align: left;\"><strong>Veuillez appeler directement depuis le num\u00e9ro de t\u00e9l\u00e9phone principal de votre garage.<\/strong><\/p>\n<p>[\/vc_column_text]<div class=\"grve-empty-space grve-height-1x\" style=\"\"><\/div>[\/vc_column_inner][vc_column_inner width=\u00a0\u00bb1\/6&Prime;][\/vc_column_inner][\/vc_row_inner][vc_row_inner bwd_show_when_type=\u00a0\u00bbdailyhide\u00a0\u00bb bwd_tbc4vd_show_weekday=\u00a0\u00bbmon,tue,wed,thu,fri,sat,sun\u00a0\u00bb bwd_tbc4vc_weekdayrule_mon_start=\u00a0\u00bb08:00&Prime; bwd_tbc4vc_weekdayrule_mon_end=\u00a0\u00bb15:00&Prime; bwd_tbc4vc_weekdayrule_tue_start=\u00a0\u00bb08:00&Prime; bwd_tbc4vc_weekdayrule_tue_end=\u00a0\u00bb15:00&Prime; bwd_tbc4vc_weekdayrule_wed_start=\u00a0\u00bb08:00&Prime; bwd_tbc4vc_weekdayrule_wed_end=\u00a0\u00bb15:00&Prime; bwd_tbc4vc_weekdayrule_thu_start=\u00a0\u00bb08:00&Prime; bwd_tbc4vc_weekdayrule_thu_end=\u00a0\u00bb15:00&Prime; bwd_tbc4vc_weekdayrule_fri_start=\u00a0\u00bb02:00&Prime; bwd_tbc4vc_weekdayrule_fri_end=\u00a0\u00bb03:00&Prime; bwd_tbc4vc_weekdayrule_sat_start=\u00a0\u00bb02:00&Prime; bwd_tbc4vc_weekdayrule_sat_end=\u00a0\u00bb03:00&Prime; bwd_tbc4vc_weekdayrule_sun_start=\u00a0\u00bb02:00&Prime; bwd_tbc4vc_weekdayrule_sun_end=\u00a0\u00bb03:00&Prime;][vc_column_inner width=\u00a0\u00bb1\/6&Prime;][\/vc_column_inner][vc_column_inner width=\u00a0\u00bb2\/3&Prime;][vc_column_text]<\/p>\n<p style=\"text-align: left;\">Veuillez appeler notre \u00e9quipe au num\u00e9ro ci-dessous pendant nos heures d\u2019ouverture\u00a0:<\/p>\n<p style=\"text-align: left;\"><strong>(833)-231-6181, poste 9<\/strong><\/p>\n<p style=\"text-align: left;\"><strong>Veuillez appeler directement depuis le num\u00e9ro de t\u00e9l\u00e9phone principal de votre garage.<\/strong><\/p>\n<p>[\/vc_column_text]<div class=\"grve-empty-space grve-height-1x\" style=\"\"><\/div>[\/vc_column_inner][vc_column_inner width=\u00a0\u00bb1\/6&Prime;][\/vc_column_inner][\/vc_row_inner][\/vc_column][\/vc_row][vc_row bwd_tbc4vd_show_weekday=\u00a0\u00bb\u00a0\u00bb heading_color=\u00a0\u00bblight\u00a0\u00bb section_type=\u00a0\u00bbfullwidth\u00a0\u00bb bg_type=\u00a0\u00bbimage\u00a0\u00bb bg_image=\u00a0\u00bb122437&Prime; bg_image_type=\u00a0\u00bbhorizontal-parallax-lr\u00a0\u00bb padding_top_multiplier=\u00a0\u00bb2x\u00a0\u00bb columns_gap=\u00a0\u00bbnone\u00a0\u00bb separator_top=\u00a0\u00bbtilt-right-separator\u00a0\u00bb font_color=\u00a0\u00bb#ffffff\u00a0\u00bb el_class=\u00a0\u00bbo2c-no-bottom-padding\u00a0\u00bb el_wrapper_class=\u00a0\u00bbo2c-no-bottom-padding\u00a0\u00bb][vc_column mobile_text_align=\u00a0\u00bbcenter\u00a0\u00bb css=\u00a0\u00bb.vc_custom_1680161197653{padding-right: 15% !important;padding-left: 15% !important;}\u00a0\u00bb][vc_row_inner][vc_column_inner desktop_hide=\u00a0\u00bbhide\u00a0\u00bb tablet_width=\u00a0\u00bbhide\u00a0\u00bb tablet_sm_width=\u00a0\u00bbhide\u00a0\u00bb]<div class=\"grve-empty-space grve-height-2x\" style=\"\"><\/div>[\/vc_column_inner][\/vc_row_inner][vc_row_inner css=\u00a0\u00bb.vc_custom_1680164624782{padding-top: 7% !important;padding-bottom: 2% !important;}\u00a0\u00bb][vc_column_inner width=\u00a0\u00bb3\/5&Prime;]<h4 class=\"grve-element grve-title grve-align-left grve-animated-item grve-duration-very-fast grve-fade-in-down grve-h4 o2c-title-no-margin\" style=\"margin-bottom: 0PXpx;\" data-delay=\"100\"><span>VOUS AVEZ<\/span><\/h4><h2 class=\"grve-element grve-title grve-align-left grve-animated-item grve-duration-fast grve-fade-in-up grve-h2\" style=\"\" data-delay=\"100\"><span>UNE DEMANDE OU REQU\u00caTE SP\u00c9CIFIQUE\u00a0?<\/span><\/h2>[vc_column_text text_style=\u00a0\u00bbleader-text\u00a0\u00bb]<\/p>\n<p style=\"text-align: left;\">Contactez nos op\u00e9rateurs pour discuter plus en d\u00e9tail de vos besoins<\/p>\n<p>[\/vc_column_text][\/vc_column_inner][vc_column_inner width=\u00a0\u00bb1\/5&Prime; tablet_sm_width=\u00a0\u00bbhide\u00a0\u00bb][\/vc_column_inner][vc_column_inner width=\u00a0\u00bb1\/5&Prime; tablet_sm_width=\u00a0\u00bb2-5&Prime;]<div class=\"grve-empty-space grve-height-1x\" style=\"\"><\/div><div class=\"grve-element grve-align-center grve-fluid-button\"><a href=\"https:\/\/autointegrate.com\/fr\/nous-contacter\/\" title=\"Nous contacter\" class=\"grve-btn grve-btn-small grve-shadow-large grve-round grve-bg-white grve-bg-hover-primary-2\" style=\"max-width: 250px;\"><span>NOUS CONTACTER<\/span><\/a><\/div>[\/vc_column_inner][\/vc_row_inner][vc_row_inner][vc_column_inner desktop_hide=\u00a0\u00bbhide\u00a0\u00bb tablet_width=\u00a0\u00bbhide\u00a0\u00bb tablet_sm_width=\u00a0\u00bbhide\u00a0\u00bb]<div class=\"grve-empty-space grve-height-2x\" style=\"\"><\/div>[\/vc_column_inner][\/vc_row_inner][\/vc_column][vc_column el_class=\u00a0\u00bbo2c-no-bottom-padding\u00a0\u00bb el_wrapper_class=\u00a0\u00bbo2c-no-bottom-padding\u00a0\u00bb]<div class=\"grve-element grve-image grve-align-center\" style=\"margin-bottom: 0px;\">  <div class=\"grve-image-wrapper\"><img loading=\"lazy\" decoding=\"async\" width=\"2700\" height=\"305\" src=\"https:\/\/autointegrate.com\/wp-content\/uploads\/2700-slash2-end-advert.png\" class=\"attachment-full size-full\" alt=\"\" srcset=\"https:\/\/autointegrate.com\/wp-content\/uploads\/2700-slash2-end-advert.png 2700w, https:\/\/autointegrate.com\/wp-content\/uploads\/2700-slash2-end-advert-768x87.png 768w, https:\/\/autointegrate.com\/wp-content\/uploads\/2700-slash2-end-advert-1536x174.png 1536w, https:\/\/autointegrate.com\/wp-content\/uploads\/2700-slash2-end-advert-1920x217.png 1920w\" sizes=\"auto, (max-width: 2700px) 100vw, 2700px\" \/>   <\/div><\/div>[\/vc_column][\/vc_row]<\/p>\n<\/div>","protected":false},"excerpt":{"rendered":"<p>[vc_row bwd_tbc4vd_show_weekday=\u00a0\u00bb\u00a0\u00bb heading_color=\u00a0\u00bblight\u00a0\u00bb section_type=\u00a0\u00bbfullwidth\u00a0\u00bb bg_type=\u00a0\u00bbimage\u00a0\u00bb bg_image=\u00a0\u00bb123361&Prime; bg_image_type=\u00a0\u00bbhorizontal-parallax-lr\u00a0\u00bb padding_top_multiplier=\u00a0\u00bb2x\u00a0\u00bb columns_gap=\u00a0\u00bbnone\u00a0\u00bb font_color=\u00a0\u00bb#ffffff\u00a0\u00bb el_class=\u00a0\u00bbo2c-no-bottom-padding\u00a0\u00bb el_wrapper_class=\u00a0\u00bbo2c-no-bottom-padding\u00a0\u00bb][vc_column mobile_text_align=\u00a0\u00bbcenter\u00a0\u00bb css=\u00a0\u00bb.vc_custom_1680161197653{padding-right: 15% !important;padding-left: 15% !important;}\u00a0\u00bb][vc_row_inner][vc_column_inner desktop_hide=\u00a0\u00bbhide\u00a0\u00bb tablet_width=\u00a0\u00bbhide\u00a0\u00bb][\/vc_column_inner][\/vc_row_inner][vc_row_inner css=\u00a0\u00bb.vc_custom_1680164624782{padding-top: 7% !important;padding-bottom: 2% !important;}\u00a0\u00bb][vc_column_inner width=\u00a0\u00bb3\/5&Prime;][\/vc_column_inner][vc_column_inner width=\u00a0\u00bb1\/5&Prime;][\/vc_column_inner][vc_column_inner width=\u00a0\u00bb1\/5&Prime;][\/vc_column_inner][\/vc_row_inner][\/vc_column][vc_column el_class=\u00a0\u00bbo2c-no-bottom-padding\u00a0\u00bb el_wrapper_class=\u00a0\u00bbo2c-no-bottom-padding\u00a0\u00bb][\/vc_column][\/vc_row][vc_row bwd_tbc4vd_show_weekday=\u00a0\u00bb\u00a0\u00bb bg_type=\u00a0\u00bbcolor\u00a0\u00bb padding_top_multiplier=\u00a0\u00bb4x\u00a0\u00bb padding_bottom_multiplier=\u00a0\u00bb\u00a0\u00bb separator_top=\u00a0\u00bbtilt-left-separator\u00a0\u00bb separator_top_color=\u00a0\u00bb#151e3f\u00a0\u00bb bg_color=\u00a0\u00bb#ffffff\u00a0\u00bb][vc_column text_align=\u00a0\u00bbcenter\u00a0\u00bb][vc_row_inner bwd_show_when_type=\u00a0\u00bbdailyshow\u00a0\u00bb bwd_tbc4vd_show_weekday=\u00a0\u00bbmon,tue,wed,thu,fri,sat,sun\u00a0\u00bb bwd_tbc4vc_weekdayrule_mon_start=\u00a0\u00bb08:00&Prime; bwd_tbc4vc_weekdayrule_mon_end=\u00a0\u00bb15:00&Prime; bwd_tbc4vc_weekdayrule_tue_start=\u00a0\u00bb08:00&Prime; bwd_tbc4vc_weekdayrule_tue_end=\u00a0\u00bb15:00&Prime; bwd_tbc4vc_weekdayrule_wed_start=\u00a0\u00bb08:00&Prime; bwd_tbc4vc_weekdayrule_wed_end=\u00a0\u00bb15:00&Prime; bwd_tbc4vc_weekdayrule_thu_start=\u00a0\u00bb08:00&Prime; bwd_tbc4vc_weekdayrule_thu_end=\u00a0\u00bb15:00&Prime; bwd_tbc4vc_weekdayrule_fri_start=\u00a0\u00bb02:00&Prime; bwd_tbc4vc_weekdayrule_fri_end=\u00a0\u00bb03:00&Prime; bwd_tbc4vc_weekdayrule_sat_start=\u00a0\u00bb02:00&Prime; bwd_tbc4vc_weekdayrule_sat_end=\u00a0\u00bb03:00&Prime; bwd_tbc4vc_weekdayrule_sun_start=\u00a0\u00bb02:00&Prime; bwd_tbc4vc_weekdayrule_sun_end=\u00a0\u00bb03:00&Prime;][vc_column_inner width=\u00a0\u00bb1\/6&Prime;][\/vc_column_inner][vc_column_inner [&hellip;]<\/p>\n","protected":false},"author":4,"featured_media":0,"parent":0,"menu_order":0,"comment_status":"closed","ping_status":"closed","template":"","meta":{"footnotes":""},"folder":[],"class_list":["post-165096","page","type-page","status-publish","hentry"],"yoast_head":"<!-- This site is optimized with the Yoast SEO plugin v27.4 - https:\/\/yoast.com\/product\/yoast-seo-wordpress\/ -->\n<title>Page d\u2019inscription \u00e0 Auto Integrate | Auto\u00a0Integrate<\/title>\n<meta name=\"description\" content=\"Ici, vous pourrez ouvrir un compte sur le syst\u00e8me Auto Integrate. Veuillez fournir autant de d\u00e9tails que possible afin que nous puissions configurer votre\u00a0compte.\" \/>\n<meta name=\"robots\" content=\"index, follow, max-snippet:-1, max-image-preview:large, max-video-preview:-1\" \/>\n<link rel=\"canonical\" href=\"https:\/\/autointegrate.com\/fr\/recuperer-votre-compte\/\" \/>\n<meta property=\"og:locale\" content=\"fr_FR\" \/>\n<meta property=\"og:type\" content=\"article\" \/>\n<meta property=\"og:title\" content=\"Page d\u2019inscription \u00e0 Auto Integrate | Auto\u00a0Integrate\" \/>\n<meta property=\"og:description\" content=\"Ici, vous pourrez ouvrir un compte sur le syst\u00e8me Auto Integrate. Veuillez fournir autant de d\u00e9tails que possible afin que nous puissions configurer votre\u00a0compte.\" \/>\n<meta property=\"og:url\" content=\"https:\/\/autointegrate.com\/fr\/recuperer-votre-compte\/\" \/>\n<meta property=\"og:site_name\" content=\"Auto Integrate\" \/>\n<meta property=\"article:modified_time\" content=\"2025-06-10T10:29:45+00:00\" \/>\n<meta property=\"og:image\" content=\"https:\/\/autointegrate.com\/wp-content\/uploads\/featured_image1-1.jpg\" \/>\n\t<meta property=\"og:image:width\" content=\"1200\" \/>\n\t<meta property=\"og:image:height\" content=\"628\" \/>\n\t<meta property=\"og:image:type\" content=\"image\/jpeg\" \/>\n<meta name=\"twitter:card\" content=\"summary_large_image\" \/>\n<meta name=\"twitter:label1\" content=\"Dur\u00e9e de lecture estim\u00e9e\" \/>\n\t<meta name=\"twitter:data1\" content=\"5 minutes\" \/>\n<script type=\"application\/ld+json\" class=\"yoast-schema-graph\">{\"@context\":\"https:\\\/\\\/schema.org\",\"@graph\":[{\"@type\":\"WebPage\",\"@id\":\"https:\\\/\\\/autointegrate.com\\\/fr\\\/recuperer-votre-compte\\\/\",\"url\":\"https:\\\/\\\/autointegrate.com\\\/fr\\\/recuperer-votre-compte\\\/\",\"name\":\"Page d\u2019inscription \u00e0 Auto Integrate | Auto\u00a0Integrate\",\"isPartOf\":{\"@id\":\"https:\\\/\\\/autointegrate.com\\\/fr\\\/#website\"},\"datePublished\":\"2023-10-12T10:22:50+00:00\",\"dateModified\":\"2025-06-10T10:29:45+00:00\",\"description\":\"Ici, vous pourrez ouvrir un compte sur le syst\u00e8me Auto Integrate. Veuillez fournir autant de d\u00e9tails que possible afin que nous puissions configurer votre\u00a0compte.\",\"breadcrumb\":{\"@id\":\"https:\\\/\\\/autointegrate.com\\\/fr\\\/recuperer-votre-compte\\\/#breadcrumb\"},\"inLanguage\":\"fr-FR\",\"potentialAction\":[{\"@type\":\"ReadAction\",\"target\":[\"https:\\\/\\\/autointegrate.com\\\/fr\\\/recuperer-votre-compte\\\/\"]}]},{\"@type\":\"BreadcrumbList\",\"@id\":\"https:\\\/\\\/autointegrate.com\\\/fr\\\/recuperer-votre-compte\\\/#breadcrumb\",\"itemListElement\":[{\"@type\":\"ListItem\",\"position\":1,\"name\":\"Home\",\"item\":\"https:\\\/\\\/autointegrate.com\\\/fr\\\/\"},{\"@type\":\"ListItem\",\"position\":2,\"name\":\"R\u00e9cup\u00e9rer votre compte\"}]},{\"@type\":\"WebSite\",\"@id\":\"https:\\\/\\\/autointegrate.com\\\/fr\\\/#website\",\"url\":\"https:\\\/\\\/autointegrate.com\\\/fr\\\/\",\"name\":\"Auto Integrate\",\"description\":\"\",\"publisher\":{\"@id\":\"https:\\\/\\\/autointegrate.com\\\/fr\\\/#organization\"},\"potentialAction\":[{\"@type\":\"SearchAction\",\"target\":{\"@type\":\"EntryPoint\",\"urlTemplate\":\"https:\\\/\\\/autointegrate.com\\\/fr\\\/?s={search_term_string}\"},\"query-input\":{\"@type\":\"PropertyValueSpecification\",\"valueRequired\":true,\"valueName\":\"search_term_string\"}}],\"inLanguage\":\"fr-FR\"},{\"@type\":\"Organization\",\"@id\":\"https:\\\/\\\/autointegrate.com\\\/fr\\\/#organization\",\"name\":\"Auto Integrate LLC.\",\"url\":\"https:\\\/\\\/autointegrate.com\\\/fr\\\/\",\"logo\":{\"@type\":\"ImageObject\",\"inLanguage\":\"fr-FR\",\"@id\":\"https:\\\/\\\/autointegrate.com\\\/fr\\\/#\\\/schema\\\/logo\\\/image\\\/\",\"url\":\"https:\\\/\\\/autointegrate.com\\\/wp-content\\\/uploads\\\/Auto_Integrate_StickyLogo.png\",\"contentUrl\":\"https:\\\/\\\/autointegrate.com\\\/wp-content\\\/uploads\\\/Auto_Integrate_StickyLogo.png\",\"width\":200,\"height\":48,\"caption\":\"Auto Integrate LLC.\"},\"image\":{\"@id\":\"https:\\\/\\\/autointegrate.com\\\/fr\\\/#\\\/schema\\\/logo\\\/image\\\/\"}}]}<\/script>\n<!-- \/ Yoast SEO plugin. -->","yoast_head_json":{"title":"Page d\u2019inscription \u00e0 Auto Integrate | Auto\u00a0Integrate","description":"Ici, vous pourrez ouvrir un compte sur le syst\u00e8me Auto Integrate. Veuillez fournir autant de d\u00e9tails que possible afin que nous puissions configurer votre\u00a0compte.","robots":{"index":"index","follow":"follow","max-snippet":"max-snippet:-1","max-image-preview":"max-image-preview:large","max-video-preview":"max-video-preview:-1"},"canonical":"https:\/\/autointegrate.com\/fr\/recuperer-votre-compte\/","og_locale":"fr_FR","og_type":"article","og_title":"Page d\u2019inscription \u00e0 Auto Integrate | Auto\u00a0Integrate","og_description":"Ici, vous pourrez ouvrir un compte sur le syst\u00e8me Auto Integrate. Veuillez fournir autant de d\u00e9tails que possible afin que nous puissions configurer votre\u00a0compte.","og_url":"https:\/\/autointegrate.com\/fr\/recuperer-votre-compte\/","og_site_name":"Auto Integrate","article_modified_time":"2025-06-10T10:29:45+00:00","og_image":[{"width":1200,"height":628,"url":"https:\/\/autointegrate.com\/wp-content\/uploads\/featured_image1-1.jpg","type":"image\/jpeg"}],"twitter_card":"summary_large_image","twitter_misc":{"Dur\u00e9e de lecture estim\u00e9e":"5 minutes"},"schema":{"@context":"https:\/\/schema.org","@graph":[{"@type":"WebPage","@id":"https:\/\/autointegrate.com\/fr\/recuperer-votre-compte\/","url":"https:\/\/autointegrate.com\/fr\/recuperer-votre-compte\/","name":"Page d\u2019inscription \u00e0 Auto Integrate | Auto\u00a0Integrate","isPartOf":{"@id":"https:\/\/autointegrate.com\/fr\/#website"},"datePublished":"2023-10-12T10:22:50+00:00","dateModified":"2025-06-10T10:29:45+00:00","description":"Ici, vous pourrez ouvrir un compte sur le syst\u00e8me Auto Integrate. Veuillez fournir autant de d\u00e9tails que possible afin que nous puissions configurer votre\u00a0compte.","breadcrumb":{"@id":"https:\/\/autointegrate.com\/fr\/recuperer-votre-compte\/#breadcrumb"},"inLanguage":"fr-FR","potentialAction":[{"@type":"ReadAction","target":["https:\/\/autointegrate.com\/fr\/recuperer-votre-compte\/"]}]},{"@type":"BreadcrumbList","@id":"https:\/\/autointegrate.com\/fr\/recuperer-votre-compte\/#breadcrumb","itemListElement":[{"@type":"ListItem","position":1,"name":"Home","item":"https:\/\/autointegrate.com\/fr\/"},{"@type":"ListItem","position":2,"name":"R\u00e9cup\u00e9rer votre compte"}]},{"@type":"WebSite","@id":"https:\/\/autointegrate.com\/fr\/#website","url":"https:\/\/autointegrate.com\/fr\/","name":"Auto Integrate","description":"","publisher":{"@id":"https:\/\/autointegrate.com\/fr\/#organization"},"potentialAction":[{"@type":"SearchAction","target":{"@type":"EntryPoint","urlTemplate":"https:\/\/autointegrate.com\/fr\/?s={search_term_string}"},"query-input":{"@type":"PropertyValueSpecification","valueRequired":true,"valueName":"search_term_string"}}],"inLanguage":"fr-FR"},{"@type":"Organization","@id":"https:\/\/autointegrate.com\/fr\/#organization","name":"Auto Integrate LLC.","url":"https:\/\/autointegrate.com\/fr\/","logo":{"@type":"ImageObject","inLanguage":"fr-FR","@id":"https:\/\/autointegrate.com\/fr\/#\/schema\/logo\/image\/","url":"https:\/\/autointegrate.com\/wp-content\/uploads\/Auto_Integrate_StickyLogo.png","contentUrl":"https:\/\/autointegrate.com\/wp-content\/uploads\/Auto_Integrate_StickyLogo.png","width":200,"height":48,"caption":"Auto Integrate LLC."},"image":{"@id":"https:\/\/autointegrate.com\/fr\/#\/schema\/logo\/image\/"}}]}},"_links":{"self":[{"href":"https:\/\/autointegrate.com\/fr\/wp-json\/wp\/v2\/pages\/165096","targetHints":{"allow":["GET"]}}],"collection":[{"href":"https:\/\/autointegrate.com\/fr\/wp-json\/wp\/v2\/pages"}],"about":[{"href":"https:\/\/autointegrate.com\/fr\/wp-json\/wp\/v2\/types\/page"}],"author":[{"embeddable":true,"href":"https:\/\/autointegrate.com\/fr\/wp-json\/wp\/v2\/users\/4"}],"replies":[{"embeddable":true,"href":"https:\/\/autointegrate.com\/fr\/wp-json\/wp\/v2\/comments?post=165096"}],"version-history":[{"count":2,"href":"https:\/\/autointegrate.com\/fr\/wp-json\/wp\/v2\/pages\/165096\/revisions"}],"predecessor-version":[{"id":165303,"href":"https:\/\/autointegrate.com\/fr\/wp-json\/wp\/v2\/pages\/165096\/revisions\/165303"}],"wp:attachment":[{"href":"https:\/\/autointegrate.com\/fr\/wp-json\/wp\/v2\/media?parent=165096"}],"wp:term":[{"taxonomy":"folder","embeddable":true,"href":"https:\/\/autointegrate.com\/fr\/wp-json\/wp\/v2\/folder?post=165096"}],"curies":[{"name":"wp","href":"https:\/\/api.w.org\/{rel}","templated":true}]}}