{"id":165066,"date":"2024-07-08T05:26:09","date_gmt":"2024-07-08T10:26:09","guid":{"rendered":"https:\/\/autointegrate.com\/contenu-du-guide-de-lutilisateur-auto-integrate\/"},"modified":"2025-09-05T04:24:35","modified_gmt":"2025-09-05T09:24:35","slug":"contenu-du-guide-de-lutilisateur-auto-integrate","status":"publish","type":"page","link":"https:\/\/autointegrate.com\/fr\/contenu-du-guide-de-lutilisateur-auto-integrate\/","title":{"rendered":"Contenu du guide d&rsquo;utilisation d&rsquo;Auto Integrate"},"content":{"rendered":"<div class=\"wpb-content-wrapper\"><p>[vc_row bwd_tbc4vd_show_weekday=\u00a0\u00bb\u00a0\u00bb heading_color=\u00a0\u00bblight\u00a0\u00bb section_type=\u00a0\u00bbfullwidth\u00a0\u00bb bg_type=\u00a0\u00bbimage\u00a0\u00bb bg_image=\u00a0\u00bb123369&Prime; bg_image_type=\u00a0\u00bbhorizontal-parallax-lr\u00a0\u00bb padding_top_multiplier=\u00a0\u00bb2x\u00a0\u00bb columns_gap=\u00a0\u00bbnone\u00a0\u00bb font_color=\u00a0\u00bb#ffffff\u00a0\u00bb el_class=\u00a0\u00bbo2c-no-bottom-padding\u00a0\u00bb el_wrapper_class=\u00a0\u00bbo2c-no-bottom-padding\u00a0\u00bb][vc_column mobile_text_align=\u00a0\u00bbcenter\u00a0\u00bb css=\u00a0\u00bb.vc_custom_1680161197653{padding-right: 15% !important;padding-left: 15% !important;}\u00a0\u00bb][vc_row_inner][vc_column_inner desktop_hide=\u00a0\u00bbhide\u00a0\u00bb tablet_width=\u00a0\u00bbhide\u00a0\u00bb]<div class=\"grve-empty-space grve-height-2x\" style=\"\"><\/div>[\/vc_column_inner][\/vc_row_inner][vc_row_inner css=\u00a0\u00bb.vc_custom_1680164624782{padding-top: 7% !important;padding-bottom: 2% !important;}\u00a0\u00bb][vc_column_inner width=\u00a0\u00bb3\/5&Prime;]<div class=\"grve-empty-space grve-height-2x\" style=\"\"><\/div><h4 class=\"grve-element grve-title grve-align-left grve-animated-item grve-duration-very-fast grve-fade-in-down grve-h4 o2c-title-no-margin\" style=\"\" data-delay=\"100\"><span>INTERACTIF<\/span><\/h4><h1 class=\"grve-element grve-title grve-align-left grve-animated-item grve-duration-fast grve-fade-in-left grve-h1\" style=\"\" data-delay=\"100\"><span>GUIDE DE L&rsquo;UTILISATEUR<\/span><\/h1>[\/vc_column_inner][vc_column_inner width=\u00a0\u00bb1\/5&Prime;][\/vc_column_inner][vc_column_inner width=\u00a0\u00bb1\/5&Prime;][\/vc_column_inner][\/vc_row_inner][\/vc_column][vc_column el_class=\u00a0\u00bbo2c-no-bottom-padding\u00a0\u00bb el_wrapper_class=\u00a0\u00bbo2c-no-bottom-padding\u00a0\u00bb]<div class=\"grve-element grve-image grve-align-center\" style=\"margin-bottom: 0px;\">  <div class=\"grve-image-wrapper\"><img loading=\"lazy\" decoding=\"async\" width=\"2700\" height=\"308\" src=\"https:\/\/autointegrate.com\/wp-content\/uploads\/inner-header-slash-2700.png\" class=\"attachment-full size-full\" alt=\"\" srcset=\"https:\/\/autointegrate.com\/wp-content\/uploads\/inner-header-slash-2700.png 1x,https:\/\/autointegrate.com\/wp-content\/uploads\/inner-header-slash-2700.png 2x\" \/>   <\/div><\/div>[\/vc_column][\/vc_row][vc_row bwd_tbc4vd_show_weekday=\u00a0\u00bb\u00a0\u00bb heading_color=\u00a0\u00bblight\u00a0\u00bb bg_type=\u00a0\u00bbcolor\u00a0\u00bb padding_top_multiplier=\u00a0\u00bb2x\u00a0\u00bb padding_bottom_multiplier=\u00a0\u00bb2x\u00a0\u00bb font_color=\u00a0\u00bb#ffffff\u00a0\u00bb bg_color=\u00a0\u00bb#151e3f\u00a0\u00bb][vc_column width=\u00a0\u00bb2\/3&Prime;]<h4 class=\"grve-element grve-title grve-align-left grve-animated-item grve-duration-very-fast grve-fade-in-down grve-h4 o2c-title-no-margin\" style=\"margin-bottom: 0PXpx;\" data-delay=\"100\"><span>CONTENU<\/span><\/h4><h2 class=\"grve-element grve-title grve-align-left grve-animated-item grve-duration-fast grve-fade-in-up grve-h2\" style=\"\" data-delay=\"100\"><span>PAGE<\/span><\/h2><div class=\"grve-empty-space\" style=\"height: 20px;\"><\/div>[vc_row_inner][vc_column_inner][vc_column_text css=\u00a0\u00bb\u00a0\u00bb]<\/p>\n<div class=\"grve-row-inner grve-bookmark\">\n<div class=\"grve-column-inner wpb_column grve-column-2-3\">\n<div class=\"grve-column-wrapper-inner\">\n<div class=\"grve-element grve-text\">\n<p>S\u00e9lectionnez l\u2019une des cat\u00e9gories ci-dessous pour commencer.<\/p><\/div>\n<\/div>\n<\/div>\n<\/div>\n<p>[\/vc_column_text][\/vc_column_inner][\/vc_row_inner][\/vc_column][vc_column width=\u00a0\u00bb1\/3&Prime;][vc_row_inner][vc_column_inner tablet_width=\u00a0\u00bb1&Prime; tablet_sm_width=\u00a0\u00bb1&Prime; mobile_width=\u00a0\u00bbhide\u00a0\u00bb]<div class=\"grve-empty-space grve-height-2x\" style=\"\"><\/div>[\/vc_column_inner][\/vc_row_inner][\/vc_column][vc_column][vc_row_inner][vc_column_inner tablet_width=\u00a0\u00bb1&Prime; tablet_sm_width=\u00a0\u00bb1&Prime; mobile_width=\u00a0\u00bbhide\u00a0\u00bb]<div class=\"grve-empty-space grve-height-2x\" style=\"\"><\/div>[\/vc_column_inner][\/vc_row_inner][vc_row_inner][vc_column_inner width=\u00a0\u00bb1\/4&Prime; tablet_width=\u00a0\u00bb1-2&Prime; tablet_sm_width=\u00a0\u00bb1-2&Prime;]<div class=\"grve-element grve-box-icon grve-extra-large grve-top-icon grve-align-center grve-advanced-hover\" style=\"\"><a href=\"https:\/\/autointegrate.com\/fr\/comment-sinscrire\/\" title=\"Comment s&#039;inscrire\"><div class=\"grve-wrapper-icon grve-no-shape\" style=\"\"><i class=\"grve-text-primary-1 fas fa-envelope\"><\/i><\/div><div class=\"grve-box-content\"><div class=\"grve-box-title-wrapper\"><h3 class=\"grve-box-title grve-h3\">Comment s&#039;inscrire<\/h3><\/div><\/div><\/a><\/div>[\/vc_column_inner][vc_column_inner width=\u00a0\u00bb1\/4&Prime; tablet_width=\u00a0\u00bb1-2&Prime; tablet_sm_width=\u00a0\u00bb1-2&Prime;]<div class=\"grve-element grve-box-icon grve-extra-large grve-top-icon grve-align-center\" style=\"\"><a href=\"https:\/\/autointegrate.com\/fr\/demandes-de-reparation-creer\/\"><div class=\"grve-wrapper-icon grve-no-shape\" style=\"\"><i class=\"grve-text-primary-1 fas fa-tools\"><\/i><\/div><div class=\"grve-box-content\"><div class=\"grve-box-title-wrapper\"><h3 class=\"grve-box-title grve-h3\">Ordres de r\u00e9paration<\/h3><\/div><\/div><\/a><\/div>[\/vc_column_inner][vc_column_inner width=\u00a0\u00bb1\/4&Prime;]<div class=\"grve-element grve-box-icon grve-extra-large grve-top-icon grve-align-center\" style=\"\"><a href=\"https:\/\/autointegrate.com\/fr\/profil-du-garage\/\" title=\"Profil de la boutique\"><div class=\"grve-wrapper-icon grve-no-shape\" style=\"\"><i class=\"grve-text-primary-1 fas fa-store-alt\"><\/i><\/div><div class=\"grve-box-content\"><div class=\"grve-box-title-wrapper\"><h3 class=\"grve-box-title grve-h3\">Administrateur de la boutique<\/h3><\/div><\/div><\/a><\/div>[\/vc_column_inner][vc_column_inner width=\u00a0\u00bb1\/4&Prime;]<div class=\"grve-element grve-box-icon grve-extra-large grve-top-icon grve-align-center\" style=\"\"><a href=\"https:\/\/autointegrate.com\/fr\/utilisateurs\/\" title=\"Utilisateurs\"><div class=\"grve-wrapper-icon grve-no-shape\" style=\"\"><i class=\"grve-text-primary-1 fas fa-user-friends\"><\/i><\/div><div class=\"grve-box-content\"><div class=\"grve-box-title-wrapper\"><h3 class=\"grve-box-title grve-h3\">Utilisateurs<\/h3><\/div><\/div><\/a><\/div>[\/vc_column_inner][\/vc_row_inner]<div class=\"grve-empty-space grve-height-2x\" style=\"\"><\/div>[vc_row_inner][vc_column_inner width=\u00a0\u00bb1\/4&Prime; tablet_width=\u00a0\u00bb1-2&Prime; tablet_sm_width=\u00a0\u00bb1-2&Prime;]<div class=\"grve-element grve-box-icon grve-extra-large grve-top-icon grve-align-center grve-advanced-hover\" style=\"\"><a href=\"https:\/\/autointegrate.com\/fr\/comment-sinscrire-2\/\" title=\"Identifiants de la soci\u00e9t\u00e9 de flotte\"><div class=\"grve-wrapper-icon grve-no-shape\" style=\"\"><i class=\"grve-text-primary-1 fas fa-car\"><\/i><\/div><div class=\"grve-box-content\"><div class=\"grve-box-title-wrapper\"><h3 class=\"grve-box-title grve-h3\">Identifiants de la soci\u00e9t\u00e9 de flotte<\/h3><\/div><\/div><\/a><\/div>[\/vc_column_inner][\/vc_row_inner][vc_row_inner][vc_column_inner desktop_hide=\u00a0\u00bbhide\u00a0\u00bb tablet_width=\u00a0\u00bb1&Prime; tablet_sm_width=\u00a0\u00bb1&Prime; mobile_width=\u00a0\u00bb1&Prime;]<div class=\"grve-empty-space grve-height-4x\" style=\"\"><\/div>[\/vc_column_inner][\/vc_row_inner][\/vc_column][\/vc_row][vc_row bwd_tbc4vd_show_weekday=\u00a0\u00bb\u00a0\u00bb heading_color=\u00a0\u00bblight\u00a0\u00bb section_type=\u00a0\u00bbfullwidth\u00a0\u00bb bg_type=\u00a0\u00bbimage\u00a0\u00bb bg_image=\u00a0\u00bb123161&Prime; bg_image_type=\u00a0\u00bbhorizontal-parallax-lr\u00a0\u00bb padding_top_multiplier=\u00a0\u00bb2x\u00a0\u00bb columns_gap=\u00a0\u00bbnone\u00a0\u00bb separator_top=\u00a0\u00bbtilt-right-separator\u00a0\u00bb separator_top_color=\u00a0\u00bb#151e3f\u00a0\u00bb font_color=\u00a0\u00bb#ffffff\u00a0\u00bb el_class=\u00a0\u00bbo2c-no-bottom-padding\u00a0\u00bb el_wrapper_class=\u00a0\u00bbo2c-no-bottom-padding\u00a0\u00bb][vc_column mobile_text_align=\u00a0\u00bbcenter\u00a0\u00bb css=\u00a0\u00bb.vc_custom_1680161197653{padding-right: 15% !important;padding-left: 15% !important;}\u00a0\u00bb][vc_row_inner][vc_column_inner desktop_hide=\u00a0\u00bbhide\u00a0\u00bb tablet_width=\u00a0\u00bbhide\u00a0\u00bb tablet_sm_width=\u00a0\u00bbhide\u00a0\u00bb]<div class=\"grve-empty-space grve-height-2x\" style=\"\"><\/div>[\/vc_column_inner][\/vc_row_inner][vc_row_inner css=\u00a0\u00bb.vc_custom_1680164624782{padding-top: 7% !important;padding-bottom: 2% !important;}\u00a0\u00bb][vc_column_inner width=\u00a0\u00bb3\/5&Prime;]<h4 class=\"grve-element grve-title grve-align-left grve-animated-item grve-duration-very-fast grve-fade-in-down grve-h4 o2c-title-no-margin\" style=\"margin-bottom: 0PXpx;\" data-delay=\"100\"><span>BESOIN<\/span><\/h4><h2 class=\"grve-element grve-title grve-align-left grve-animated-item grve-duration-fast grve-fade-in-up grve-h2\" style=\"\" data-delay=\"100\"><span>PLUS D&rsquo;AIDE ?<\/span><\/h2>[vc_column_text text_style=\u00a0\u00bbleader-text\u00a0\u00bb]<\/p>\n<p style=\"text-align: left;\">Utilisez notre guide d&rsquo;utilisation pour avoir un aper\u00e7u du syst\u00e8me ou contactez notre \u00e9quipe d&rsquo;assistance<\/p>\n<p>[\/vc_column_text][\/vc_column_inner][vc_column_inner width=\u00a0\u00bb1\/5&Prime; tablet_sm_width=\u00a0\u00bbhide\u00a0\u00bb][\/vc_column_inner][vc_column_inner width=\u00a0\u00bb1\/5&Prime; tablet_sm_width=\u00a0\u00bb2-5&Prime;]<div class=\"grve-empty-space grve-height-1x\" style=\"\"><\/div><div class=\"grve-element grve-align-center grve-fluid-button\"><a href=\"https:\/\/autointegrate.com\/fr\/nous-contacter\/\" title=\"Contactez-nous\" class=\"grve-btn grve-btn-small grve-shadow-large grve-round grve-bg-white grve-bg-hover-primary-2\" style=\"max-width: 250px;\"><span>PARLEZ-NOUS<\/span><\/a><\/div>[\/vc_column_inner][\/vc_row_inner][vc_row_inner][vc_column_inner desktop_hide=\u00a0\u00bbhide\u00a0\u00bb tablet_width=\u00a0\u00bbhide\u00a0\u00bb tablet_sm_width=\u00a0\u00bbhide\u00a0\u00bb]<div class=\"grve-empty-space grve-height-2x\" style=\"\"><\/div>[\/vc_column_inner][\/vc_row_inner][\/vc_column][vc_column el_class=\u00a0\u00bbo2c-no-bottom-padding\u00a0\u00bb el_wrapper_class=\u00a0\u00bbo2c-no-bottom-padding\u00a0\u00bb]<div class=\"grve-element grve-image grve-align-center\" style=\"margin-bottom: 0px;\">  <div class=\"grve-image-wrapper\"><img loading=\"lazy\" decoding=\"async\" width=\"2700\" height=\"305\" src=\"https:\/\/autointegrate.com\/wp-content\/uploads\/2700-slash2-end-advert.png\" class=\"attachment-full size-full\" alt=\"\" srcset=\"https:\/\/autointegrate.com\/wp-content\/uploads\/2700-slash2-end-advert.png 2700w, https:\/\/autointegrate.com\/wp-content\/uploads\/2700-slash2-end-advert-768x87.png 768w, https:\/\/autointegrate.com\/wp-content\/uploads\/2700-slash2-end-advert-1536x174.png 1536w, https:\/\/autointegrate.com\/wp-content\/uploads\/2700-slash2-end-advert-1920x217.png 1920w\" sizes=\"auto, (max-width: 2700px) 100vw, 2700px\" \/>   <\/div><\/div>[\/vc_column][\/vc_row]<\/p>\n<\/div>","protected":false},"excerpt":{"rendered":"<p>[vc_row bwd_tbc4vd_show_weekday=\u00a0\u00bb\u00a0\u00bb heading_color=\u00a0\u00bblight\u00a0\u00bb section_type=\u00a0\u00bbfullwidth\u00a0\u00bb bg_type=\u00a0\u00bbimage\u00a0\u00bb bg_image=\u00a0\u00bb123369&Prime; bg_image_type=\u00a0\u00bbhorizontal-parallax-lr\u00a0\u00bb padding_top_multiplier=\u00a0\u00bb2x\u00a0\u00bb columns_gap=\u00a0\u00bbnone\u00a0\u00bb font_color=\u00a0\u00bb#ffffff\u00a0\u00bb el_class=\u00a0\u00bbo2c-no-bottom-padding\u00a0\u00bb el_wrapper_class=\u00a0\u00bbo2c-no-bottom-padding\u00a0\u00bb][vc_column mobile_text_align=\u00a0\u00bbcenter\u00a0\u00bb css=\u00a0\u00bb.vc_custom_1680161197653{padding-right: 15% !important;padding-left: 15% !important;}\u00a0\u00bb][vc_row_inner][vc_column_inner desktop_hide=\u00a0\u00bbhide\u00a0\u00bb tablet_width=\u00a0\u00bbhide\u00a0\u00bb][\/vc_column_inner][\/vc_row_inner][vc_row_inner css=\u00a0\u00bb.vc_custom_1680164624782{padding-top: 7% !important;padding-bottom: 2% !important;}\u00a0\u00bb][vc_column_inner width=\u00a0\u00bb3\/5&Prime;][\/vc_column_inner][vc_column_inner width=\u00a0\u00bb1\/5&Prime;][\/vc_column_inner][vc_column_inner width=\u00a0\u00bb1\/5&Prime;][\/vc_column_inner][\/vc_row_inner][\/vc_column][vc_column el_class=\u00a0\u00bbo2c-no-bottom-padding\u00a0\u00bb el_wrapper_class=\u00a0\u00bbo2c-no-bottom-padding\u00a0\u00bb][\/vc_column][\/vc_row][vc_row bwd_tbc4vd_show_weekday=\u00a0\u00bb\u00a0\u00bb heading_color=\u00a0\u00bblight\u00a0\u00bb bg_type=\u00a0\u00bbcolor\u00a0\u00bb padding_top_multiplier=\u00a0\u00bb2x\u00a0\u00bb padding_bottom_multiplier=\u00a0\u00bb2x\u00a0\u00bb font_color=\u00a0\u00bb#ffffff\u00a0\u00bb bg_color=\u00a0\u00bb#151e3f\u00a0\u00bb][vc_column width=\u00a0\u00bb2\/3&Prime;][vc_row_inner][vc_column_inner][vc_column_text css=\u00a0\u00bb\u00a0\u00bb] S\u00e9lectionnez l\u2019une des cat\u00e9gories ci-dessous pour commencer. [\/vc_column_text][\/vc_column_inner][\/vc_row_inner][\/vc_column][vc_column width=\u00a0\u00bb1\/3&Prime;][vc_row_inner][vc_column_inner tablet_width=\u00a0\u00bb1&Prime; tablet_sm_width=\u00a0\u00bb1&Prime; mobile_width=\u00a0\u00bbhide\u00a0\u00bb][\/vc_column_inner][\/vc_row_inner][\/vc_column][vc_column][vc_row_inner][vc_column_inner tablet_width=\u00a0\u00bb1&Prime; tablet_sm_width=\u00a0\u00bb1&Prime; mobile_width=\u00a0\u00bbhide\u00a0\u00bb][\/vc_column_inner][\/vc_row_inner][vc_row_inner][vc_column_inner width=\u00a0\u00bb1\/4&Prime; [&hellip;]<\/p>\n","protected":false},"author":6,"featured_media":0,"parent":0,"menu_order":0,"comment_status":"closed","ping_status":"open","template":"","meta":{"footnotes":""},"folder":[239],"class_list":["post-165066","page","type-page","status-publish","hentry"],"yoast_head":"<!-- This site is optimized with the Yoast SEO plugin v27.5 - https:\/\/yoast.com\/product\/yoast-seo-wordpress\/ -->\n<title>Guide de l&#039;utilisateur | Int\u00e9gration automatique<\/title>\n<meta name=\"description\" content=\"Pour les questions fr\u00e9quemment pos\u00e9es et l&#039;assistance dans les domaines cl\u00e9s de l&#039;application.\" \/>\n<meta name=\"robots\" content=\"index, follow, max-snippet:-1, max-image-preview:large, max-video-preview:-1\" \/>\n<link rel=\"canonical\" href=\"https:\/\/autointegrate.com\/fr\/contenu-du-guide-de-lutilisateur-auto-integrate\/\" \/>\n<meta property=\"og:locale\" content=\"fr_FR\" \/>\n<meta property=\"og:type\" content=\"article\" \/>\n<meta property=\"og:title\" content=\"Guide de l&#039;utilisateur | Int\u00e9gration automatique\" \/>\n<meta property=\"og:description\" content=\"Pour les questions fr\u00e9quemment pos\u00e9es et l&#039;assistance dans les domaines cl\u00e9s de l&#039;application.\" \/>\n<meta property=\"og:url\" content=\"https:\/\/autointegrate.com\/fr\/contenu-du-guide-de-lutilisateur-auto-integrate\/\" \/>\n<meta property=\"og:site_name\" content=\"Auto Integrate\" \/>\n<meta property=\"article:modified_time\" content=\"2025-09-05T09:24:35+00:00\" \/>\n<meta property=\"og:image\" content=\"https:\/\/autointegrate.com\/wp-content\/uploads\/featured_image1-1.jpg\" \/>\n\t<meta property=\"og:image:width\" content=\"1200\" \/>\n\t<meta property=\"og:image:height\" content=\"628\" \/>\n\t<meta property=\"og:image:type\" content=\"image\/jpeg\" \/>\n<meta name=\"twitter:card\" content=\"summary_large_image\" \/>\n<meta name=\"twitter:label1\" content=\"Dur\u00e9e de lecture estim\u00e9e\" \/>\n\t<meta name=\"twitter:data1\" content=\"5 minutes\" \/>\n<script type=\"application\/ld+json\" class=\"yoast-schema-graph\">{\"@context\":\"https:\\\/\\\/schema.org\",\"@graph\":[{\"@type\":\"WebPage\",\"@id\":\"https:\\\/\\\/autointegrate.com\\\/fr\\\/contenu-du-guide-de-lutilisateur-auto-integrate\\\/\",\"url\":\"https:\\\/\\\/autointegrate.com\\\/fr\\\/contenu-du-guide-de-lutilisateur-auto-integrate\\\/\",\"name\":\"Guide de l'utilisateur | Int\u00e9gration automatique\",\"isPartOf\":{\"@id\":\"https:\\\/\\\/autointegrate.com\\\/fr\\\/#website\"},\"datePublished\":\"2024-07-08T10:26:09+00:00\",\"dateModified\":\"2025-09-05T09:24:35+00:00\",\"description\":\"Pour les questions fr\u00e9quemment pos\u00e9es et l'assistance dans les domaines cl\u00e9s de l'application.\",\"breadcrumb\":{\"@id\":\"https:\\\/\\\/autointegrate.com\\\/fr\\\/contenu-du-guide-de-lutilisateur-auto-integrate\\\/#breadcrumb\"},\"inLanguage\":\"fr-FR\",\"potentialAction\":[{\"@type\":\"ReadAction\",\"target\":[\"https:\\\/\\\/autointegrate.com\\\/fr\\\/contenu-du-guide-de-lutilisateur-auto-integrate\\\/\"]}]},{\"@type\":\"BreadcrumbList\",\"@id\":\"https:\\\/\\\/autointegrate.com\\\/fr\\\/contenu-du-guide-de-lutilisateur-auto-integrate\\\/#breadcrumb\",\"itemListElement\":[{\"@type\":\"ListItem\",\"position\":1,\"name\":\"Home\",\"item\":\"https:\\\/\\\/autointegrate.com\\\/fr\\\/\"},{\"@type\":\"ListItem\",\"position\":2,\"name\":\"Contenu du guide d&rsquo;utilisation d&rsquo;Auto Integrate\"}]},{\"@type\":\"WebSite\",\"@id\":\"https:\\\/\\\/autointegrate.com\\\/fr\\\/#website\",\"url\":\"https:\\\/\\\/autointegrate.com\\\/fr\\\/\",\"name\":\"Auto Integrate\",\"description\":\"\",\"publisher\":{\"@id\":\"https:\\\/\\\/autointegrate.com\\\/fr\\\/#organization\"},\"potentialAction\":[{\"@type\":\"SearchAction\",\"target\":{\"@type\":\"EntryPoint\",\"urlTemplate\":\"https:\\\/\\\/autointegrate.com\\\/fr\\\/?s={search_term_string}\"},\"query-input\":{\"@type\":\"PropertyValueSpecification\",\"valueRequired\":true,\"valueName\":\"search_term_string\"}}],\"inLanguage\":\"fr-FR\"},{\"@type\":\"Organization\",\"@id\":\"https:\\\/\\\/autointegrate.com\\\/fr\\\/#organization\",\"name\":\"Auto Integrate LLC.\",\"url\":\"https:\\\/\\\/autointegrate.com\\\/fr\\\/\",\"logo\":{\"@type\":\"ImageObject\",\"inLanguage\":\"fr-FR\",\"@id\":\"https:\\\/\\\/autointegrate.com\\\/fr\\\/#\\\/schema\\\/logo\\\/image\\\/\",\"url\":\"https:\\\/\\\/autointegrate.com\\\/wp-content\\\/uploads\\\/Auto_Integrate_StickyLogo.png\",\"contentUrl\":\"https:\\\/\\\/autointegrate.com\\\/wp-content\\\/uploads\\\/Auto_Integrate_StickyLogo.png\",\"width\":200,\"height\":48,\"caption\":\"Auto Integrate LLC.\"},\"image\":{\"@id\":\"https:\\\/\\\/autointegrate.com\\\/fr\\\/#\\\/schema\\\/logo\\\/image\\\/\"}}]}<\/script>\n<!-- \/ Yoast SEO plugin. -->","yoast_head_json":{"title":"Guide de l'utilisateur | Int\u00e9gration automatique","description":"Pour les questions fr\u00e9quemment pos\u00e9es et l'assistance dans les domaines cl\u00e9s de l'application.","robots":{"index":"index","follow":"follow","max-snippet":"max-snippet:-1","max-image-preview":"max-image-preview:large","max-video-preview":"max-video-preview:-1"},"canonical":"https:\/\/autointegrate.com\/fr\/contenu-du-guide-de-lutilisateur-auto-integrate\/","og_locale":"fr_FR","og_type":"article","og_title":"Guide de l'utilisateur | Int\u00e9gration automatique","og_description":"Pour les questions fr\u00e9quemment pos\u00e9es et l'assistance dans les domaines cl\u00e9s de l'application.","og_url":"https:\/\/autointegrate.com\/fr\/contenu-du-guide-de-lutilisateur-auto-integrate\/","og_site_name":"Auto Integrate","article_modified_time":"2025-09-05T09:24:35+00:00","og_image":[{"width":1200,"height":628,"url":"https:\/\/autointegrate.com\/wp-content\/uploads\/featured_image1-1.jpg","type":"image\/jpeg"}],"twitter_card":"summary_large_image","twitter_misc":{"Dur\u00e9e de lecture estim\u00e9e":"5 minutes"},"schema":{"@context":"https:\/\/schema.org","@graph":[{"@type":"WebPage","@id":"https:\/\/autointegrate.com\/fr\/contenu-du-guide-de-lutilisateur-auto-integrate\/","url":"https:\/\/autointegrate.com\/fr\/contenu-du-guide-de-lutilisateur-auto-integrate\/","name":"Guide de l'utilisateur | Int\u00e9gration automatique","isPartOf":{"@id":"https:\/\/autointegrate.com\/fr\/#website"},"datePublished":"2024-07-08T10:26:09+00:00","dateModified":"2025-09-05T09:24:35+00:00","description":"Pour les questions fr\u00e9quemment pos\u00e9es et l'assistance dans les domaines cl\u00e9s de l'application.","breadcrumb":{"@id":"https:\/\/autointegrate.com\/fr\/contenu-du-guide-de-lutilisateur-auto-integrate\/#breadcrumb"},"inLanguage":"fr-FR","potentialAction":[{"@type":"ReadAction","target":["https:\/\/autointegrate.com\/fr\/contenu-du-guide-de-lutilisateur-auto-integrate\/"]}]},{"@type":"BreadcrumbList","@id":"https:\/\/autointegrate.com\/fr\/contenu-du-guide-de-lutilisateur-auto-integrate\/#breadcrumb","itemListElement":[{"@type":"ListItem","position":1,"name":"Home","item":"https:\/\/autointegrate.com\/fr\/"},{"@type":"ListItem","position":2,"name":"Contenu du guide d&rsquo;utilisation d&rsquo;Auto Integrate"}]},{"@type":"WebSite","@id":"https:\/\/autointegrate.com\/fr\/#website","url":"https:\/\/autointegrate.com\/fr\/","name":"Auto Integrate","description":"","publisher":{"@id":"https:\/\/autointegrate.com\/fr\/#organization"},"potentialAction":[{"@type":"SearchAction","target":{"@type":"EntryPoint","urlTemplate":"https:\/\/autointegrate.com\/fr\/?s={search_term_string}"},"query-input":{"@type":"PropertyValueSpecification","valueRequired":true,"valueName":"search_term_string"}}],"inLanguage":"fr-FR"},{"@type":"Organization","@id":"https:\/\/autointegrate.com\/fr\/#organization","name":"Auto Integrate LLC.","url":"https:\/\/autointegrate.com\/fr\/","logo":{"@type":"ImageObject","inLanguage":"fr-FR","@id":"https:\/\/autointegrate.com\/fr\/#\/schema\/logo\/image\/","url":"https:\/\/autointegrate.com\/wp-content\/uploads\/Auto_Integrate_StickyLogo.png","contentUrl":"https:\/\/autointegrate.com\/wp-content\/uploads\/Auto_Integrate_StickyLogo.png","width":200,"height":48,"caption":"Auto Integrate LLC."},"image":{"@id":"https:\/\/autointegrate.com\/fr\/#\/schema\/logo\/image\/"}}]}},"_links":{"self":[{"href":"https:\/\/autointegrate.com\/fr\/wp-json\/wp\/v2\/pages\/165066","targetHints":{"allow":["GET"]}}],"collection":[{"href":"https:\/\/autointegrate.com\/fr\/wp-json\/wp\/v2\/pages"}],"about":[{"href":"https:\/\/autointegrate.com\/fr\/wp-json\/wp\/v2\/types\/page"}],"author":[{"embeddable":true,"href":"https:\/\/autointegrate.com\/fr\/wp-json\/wp\/v2\/users\/6"}],"replies":[{"embeddable":true,"href":"https:\/\/autointegrate.com\/fr\/wp-json\/wp\/v2\/comments?post=165066"}],"version-history":[{"count":7,"href":"https:\/\/autointegrate.com\/fr\/wp-json\/wp\/v2\/pages\/165066\/revisions"}],"predecessor-version":[{"id":169665,"href":"https:\/\/autointegrate.com\/fr\/wp-json\/wp\/v2\/pages\/165066\/revisions\/169665"}],"wp:attachment":[{"href":"https:\/\/autointegrate.com\/fr\/wp-json\/wp\/v2\/media?parent=165066"}],"wp:term":[{"taxonomy":"folder","embeddable":true,"href":"https:\/\/autointegrate.com\/fr\/wp-json\/wp\/v2\/folder?post=165066"}],"curies":[{"name":"wp","href":"https:\/\/api.w.org\/{rel}","templated":true}]}}