{"id":165052,"date":"2024-07-22T06:07:38","date_gmt":"2024-07-22T11:07:38","guid":{"rendered":"https:\/\/autointegrate.com\/demandes-de-reparation-modifier\/"},"modified":"2025-06-10T05:29:44","modified_gmt":"2025-06-10T10:29:44","slug":"demandes-de-reparation-modifier","status":"publish","type":"page","link":"https:\/\/autointegrate.com\/fr\/demandes-de-reparation-modifier\/","title":{"rendered":"Demandes de r\u00e9paration\u00a0&#8211; Modifier"},"content":{"rendered":"<div class=\"wpb-content-wrapper\"><p>[vc_row heading_color=\u00a0\u00bblight\u00a0\u00bb bg_type=\u00a0\u00bbimage\u00a0\u00bb bg_image=\u00a0\u00bb2341&Prime; bg_image_size=\u00a0\u00bbfull\u00a0\u00bb padding_top_multiplier=\u00a0\u00bb\u00a0\u00bb padding_bottom_multiplier=\u00a0\u00bb\u00a0\u00bb columns_gap=\u00a0\u00bb20&Prime; equal_column_height=\u00a0\u00bbequal-column\u00a0\u00bb separator_bottom=\u00a0\u00bbcurve-left-separator\u00a0\u00bb separator_bottom_size=\u00a0\u00bb120px\u00a0\u00bb font_color=\u00a0\u00bb#ffffff\u00a0\u00bb][vc_column width=\u00a0\u00bb7\/12&Prime; tablet_width=\u00a0\u00bb3-4&Prime; tablet_sm_width=\u00a0\u00bb11-12&Prime;]<div class=\"grve-empty-space\" style=\"height: 180px;\"><\/div><h4 class=\"grve-element grve-title grve-align-left grve-animated-item grve-duration-very-fast grve-fade-in-down grve-h4 o2c-title-no-margin\" style=\"\" data-delay=\"100\"><span>DEMANDES<\/span><\/h4><h1 class=\"grve-element grve-title grve-align-left grve-animated-item grve-duration-fast grve-fade-in-left grve-h1\" style=\"\" data-delay=\"100\"><span>DE R\u00c9PARATION<\/span><\/h1><div class=\"grve-empty-space\" style=\"height: 140px;\"><\/div>[\/vc_column][vc_column vertical_content_position=\u00a0\u00bbbottom\u00a0\u00bb column_custom_position=\u00a0\u00bbyes\u00a0\u00bb width=\u00a0\u00bb5\/12&Prime; tablet_width=\u00a0\u00bb1-4&Prime; tablet_sm_width=\u00a0\u00bb1-12&Prime; mobile_width=\u00a0\u00bbhide\u00a0\u00bb][\/vc_column][\/vc_row][vc_row bwd_tbc4vd_show_weekday=\u00a0\u00bb\u00a0\u00bb section_id=\u00a0\u00bbRegisterContents\u00a0\u00bb][vc_column][vc_column_text css=\u00a0\u00bb\u00a0\u00bb]<span style=\"font-size: 18pt;\"><strong>Dans cet\u00a0article\u00a0:<\/strong><\/span>[\/vc_column_text]<div class=\"grve-empty-space grve-height-1x\" style=\"\"><\/div>[vc_column_text css=\u00a0\u00bb\u00a0\u00bb]<\/p>\n<ul>\n<li><a href=\"https:\/\/autointegrate.com\/repair-orders-create\/#ROM\">Gestionnaire des demandes de r\u00e9paration (ROM)<\/a><\/li>\n<li><a href=\"https:\/\/autointegrate.com\/repair-orders-create\/#CreateRO\">Cr\u00e9er une demande de r\u00e9paration<\/a><\/li>\n<li><a href=\"https:\/\/autointegrate.com\/repair-orders-create\/#AddingItemsPM\">Ajout d&rsquo;\u00e9l\u00e9ments<\/a>\n<ul>\n<li><a href=\"https:\/\/autointegrate.com\/repair-orders-create\/#AddingItemsPM\">Entretien pr\u00e9ventif<\/a><\/li>\n<li><a href=\"https:\/\/autointegrate.com\/repair-orders-create\/#AddingItemsGeneral\">R\u00e9parations g\u00e9n\u00e9rales<\/a><\/li>\n<li><a href=\"https:\/\/autointegrate.com\/repair-orders-create\/#AddingRepairPackage\">Forfaits de r\u00e9paration<\/a><\/li>\n<li><a href=\"https:\/\/autointegrate.com\/repair-orders-create\/#AddingQuickRepair\">R\u00e9paration rapide<\/a><\/li>\n<li><a href=\"https:\/\/autointegrate.com\/repair-orders-create\/#AddingTires\">Pneus<\/a><\/li>\n<li><a href=\"https:\/\/autointegrate.com\/repair-orders-create\/#AddingCatalog\">Catalogue national<\/a><\/li>\n<\/ul>\n<\/li>\n<li><a href=\"https:\/\/autointegrate.com\/repair-orders-create\/#SubmitForAuth\">Soumettre pour autorisation<\/a><\/li>\n<li><a href=\"https:\/\/autointegrate.com\/fr\/demandes-de-reparation-modifier\/#ROComplete\">Cl\u00f4turer une demande de r\u00e9paration<\/a>\n<ul>\n<li><a href=\"https:\/\/autointegrate.com\/fr\/demandes-de-reparation-modifier\/#ROComplete\">Finalisation<\/a><\/li>\n<li><a href=\"https:\/\/autointegrate.com\/fr\/demandes-de-reparation-modifier\/#ROCancel\">Annulation\u00a0<\/a><\/li>\n<\/ul>\n<\/li>\n<li><a href=\"https:\/\/autointegrate.com\/fr\/demandes-de-reparation-modifier\/#ROStatus\">Statuts de la demande de r\u00e9paration<\/a><\/li>\n<li><a href=\"https:\/\/autointegrate.com\/fr\/demandes-de-reparation-modifier\/#ROIcons\">Ic\u00f4nes de demande de r\u00e9paration<\/a>\n<ul>\n<li><a href=\"https:\/\/autointegrate.com\/fr\/demandes-de-reparation-modifier\/#ROIcons\">Statuts<\/a><\/li>\n<li><a href=\"https:\/\/autointegrate.com\/fr\/demandes-de-reparation-modifier\/#ROHeaderIcons\">Boutons d\u2019en-t\u00eate<\/a><\/li>\n<\/ul>\n<\/li>\n<\/ul>\n<p>[\/vc_column_text]<div class=\"grve-empty-space grve-height-1x\" style=\"\"><\/div>[\/vc_column][\/vc_row][vc_row bwd_tbc4vd_show_weekday=\u00a0\u00bb\u00a0\u00bb section_id=\u00a0\u00bbROComplete\u00a0\u00bb][vc_column][vc_column_text css=\u00a0\u00bb\u00a0\u00bb]<span style=\"font-size: 24pt;\"><strong>Cl\u00f4turer une demande de r\u00e9paration\u00a0&#8211; Finalisation<\/strong><\/span>[\/vc_column_text]<div class=\"grve-empty-space grve-height-1x\" style=\"\"><\/div>[vc_column_text css=\u00a0\u00bb\u00a0\u00bb]<\/p>\n<p class=\"AIBodyText\"><span lang=\"EN-US\">Une fois le travail termin\u00e9 sur le v\u00e9hicule, cliquez sur le bouton \u00ab\u00a0Work Complete\u00a0\u00bb (Intervention termin\u00e9e) (en bas de la page d\u2019informations sur la demande de r\u00e9paration) pour demander le paiement.<\/span><\/p>\n<p>[\/vc_column_text]<div class=\"grve-empty-space grve-height-1x\" style=\"\"><\/div><div class=\"grve-element grve-image grve-align-center\" style=\"\">  <div class=\"grve-image-wrapper\"><img loading=\"lazy\" decoding=\"async\" width=\"783\" height=\"114\" src=\"https:\/\/autointegrate.com\/wp-content\/uploads\/Work-Complete.png\" class=\"attachment-full size-full\" alt=\"\" srcset=\"https:\/\/autointegrate.com\/wp-content\/uploads\/Work-Complete.png 783w, https:\/\/autointegrate.com\/wp-content\/uploads\/Work-Complete-768x112.png 768w\" sizes=\"auto, (max-width: 783px) 100vw, 783px\" \/>   <\/div><\/div><div class=\"grve-empty-space grve-height-1x\" style=\"\"><\/div>[vc_column_text css=\u00a0\u00bb\u00a0\u00bb]<\/p>\n<p class=\"AIBodyText\"><span lang=\"EN-US\">Ensuite, renseignez les informations dans la fen\u00eatre contextuelle suivante pour terminer la demande de r\u00e9paration. Une fois que vous serez satisfait des informations saisies, cliquez sur le bouton \u00ab\u00a0Work Complete\u00a0\u00bb (Intervention termin\u00e9e) surlign\u00e9 en vert.<\/span><\/p>\n<p>[\/vc_column_text]<div class=\"grve-empty-space grve-height-1x\" style=\"\"><\/div><div class=\"grve-element grve-image grve-align-center\" style=\"\">  <div class=\"grve-image-wrapper\"><img loading=\"lazy\" decoding=\"async\" width=\"759\" height=\"338\" src=\"https:\/\/autointegrate.com\/wp-content\/uploads\/Work-Complete-popup.png\" class=\"attachment-full size-full\" alt=\"\" \/>   <\/div><\/div><div class=\"grve-empty-space grve-height-1x\" style=\"\"><\/div>[\/vc_column][\/vc_row][vc_row bwd_tbc4vd_show_weekday=\u00a0\u00bb\u00a0\u00bb section_id=\u00a0\u00bbROCancel\u00a0\u00bb][vc_column][vc_column_text css=\u00a0\u00bb\u00a0\u00bb]<span style=\"font-size: 24pt;\"><strong>Cl\u00f4turer une demande de r\u00e9paration\u00a0&#8211; Annulation<\/strong><\/span>[\/vc_column_text]<div class=\"grve-empty-space grve-height-1x\" style=\"\"><\/div>[vc_column_text css=\u00a0\u00bb\u00a0\u00bb]<\/p>\n<p class=\"AIBodyText\"><span lang=\"EN-US\">Vous pouvez annuler une demande de r\u00e9paration en saisissant la demande de r\u00e9paration \u00e0 annuler, en faisant d\u00e9filer la page vers le bas et en cliquant sur \u00ab\u00a0Cancel Repair Order\u00a0\u00bb (Annuler la demande de r\u00e9paration)<\/span><\/p>\n<p>[\/vc_column_text]<div class=\"grve-empty-space grve-height-1x\" style=\"\"><\/div><div class=\"grve-element grve-image grve-align-center\" style=\"\">  <div class=\"grve-image-wrapper\"><img loading=\"lazy\" decoding=\"async\" width=\"785\" height=\"127\" src=\"https:\/\/autointegrate.com\/wp-content\/uploads\/Cancel.png\" class=\"attachment-full size-full\" alt=\"\" srcset=\"https:\/\/autointegrate.com\/wp-content\/uploads\/Cancel.png 785w, https:\/\/autointegrate.com\/wp-content\/uploads\/Cancel-768x124.png 768w\" sizes=\"auto, (max-width: 785px) 100vw, 785px\" \/>   <\/div><\/div><div class=\"grve-empty-space grve-height-1x\" style=\"\"><\/div>[vc_column_text css=\u00a0\u00bb\u00a0\u00bb]<\/p>\n<p class=\"AIBodyText\"><span lang=\"EN-US\">Ensuite, renseignez les informations dans la fen\u00eatre contextuelle suivante pour annuler la demande de r\u00e9paration. Une fois que vous serez satisfait des informations saisies, cliquez sur le bouton \u00ab\u00a0Confirm\u00a0\u00bb (Confirmer) surlign\u00e9 en rouge.<\/span><\/p>\n<p>[\/vc_column_text]<div class=\"grve-empty-space grve-height-1x\" style=\"\"><\/div><div class=\"grve-element grve-image grve-align-center\" style=\"\">  <div class=\"grve-image-wrapper\"><img loading=\"lazy\" decoding=\"async\" width=\"756\" height=\"221\" src=\"https:\/\/autointegrate.com\/wp-content\/uploads\/Cancel-popup.png\" class=\"attachment-full size-full\" alt=\"\" \/>   <\/div><\/div><div class=\"grve-empty-space grve-height-1x\" style=\"\"><\/div>[\/vc_column][\/vc_row][vc_row bwd_tbc4vd_show_weekday=\u00a0\u00bb\u00a0\u00bb section_id=\u00a0\u00bbROStatus\u00a0\u00bb][vc_column][vc_column_text css=\u00a0\u00bb\u00a0\u00bb]<span style=\"font-size: 24pt;\"><strong>Statuts de la demande de r\u00e9paration<\/strong><\/span>[\/vc_column_text]<div class=\"grve-empty-space grve-height-1x\" style=\"\"><\/div>[vc_column_text css=\u00a0\u00bb\u00a0\u00bb]Une fois la demande de r\u00e9paration soumise au gestionnaire de flotte, vous verrez l\u2019un des messages suivants.<\/p>\n<p class=\"AIBodyText\"><span lang=\"EN-US\">\u00ab\u00a0Auto Approved\u00a0\u00bb (Approbation automatique) s\u2019affichera instantan\u00e9ment si la demande de r\u00e9paration r\u00e9pond aux crit\u00e8res requis et le syst\u00e8me \u00e9mettra une approbation instantan\u00e9e.<\/span><\/p>\n<p>[\/vc_column_text]<div class=\"grve-empty-space grve-height-1x\" style=\"\"><\/div><div class=\"grve-element grve-image grve-align-center\" style=\"\">  <div class=\"grve-image-wrapper\"><img loading=\"lazy\" decoding=\"async\" width=\"779\" height=\"113\" src=\"https:\/\/autointegrate.com\/wp-content\/uploads\/Auto-Approved-V2.png\" class=\"attachment-full size-full\" alt=\"\" srcset=\"https:\/\/autointegrate.com\/wp-content\/uploads\/Auto-Approved-V2.png 779w, https:\/\/autointegrate.com\/wp-content\/uploads\/Auto-Approved-V2-768x111.png 768w\" sizes=\"auto, (max-width: 779px) 100vw, 779px\" \/>   <\/div><\/div><div class=\"grve-empty-space grve-height-1x\" style=\"\"><\/div>[vc_column_text css=\u00a0\u00bb\u00a0\u00bb]Si l&rsquo;ordre de r\u00e9paration requiert l&rsquo;approbation du gestionnaire de flotte, le message \u00ab\u00a0Awaiting Fleet Approval\u00a0\u00bb (En attente d&rsquo;approbation du gestionnaire de flotte) s&rsquo;affiche. Certaines flottes disposent du traceur activ\u00e9 ci-dessous indiquant l\u2019\u00e9tape \u00e0 laquelle se trouve actuellement la demande de r\u00e9paration.[\/vc_column_text]<div class=\"grve-empty-space grve-height-1x\" style=\"\"><\/div><div class=\"grve-element grve-image grve-align-center\" style=\"\">  <div class=\"grve-image-wrapper\"><img loading=\"lazy\" decoding=\"async\" width=\"778\" height=\"275\" src=\"https:\/\/autointegrate.com\/wp-content\/uploads\/Awaiting-fleet-approval-.png\" class=\"attachment-full size-full\" alt=\"\" srcset=\"https:\/\/autointegrate.com\/wp-content\/uploads\/Awaiting-fleet-approval-.png 778w, https:\/\/autointegrate.com\/wp-content\/uploads\/Awaiting-fleet-approval--768x271.png 768w\" sizes=\"auto, (max-width: 778px) 100vw, 778px\" \/>   <\/div><\/div><div class=\"grve-empty-space grve-height-1x\" style=\"\"><\/div>[vc_column_text css=\u00a0\u00bb\u00a0\u00bb]<\/p>\n<p class=\"AIBodyText\"><span lang=\"EN-US\">Une fois que le gestionnaire de flotte aura approuv\u00e9 la demande de r\u00e9paration, le statut passera \u00e0 \u00ab\u00a0Approved\u00a0\u00bb (Approuv\u00e9). Vous pouvez maintenant commencer \u00e0 travailler sur ce v\u00e9hicule.<\/span><\/p>\n<p>[\/vc_column_text]<div class=\"grve-empty-space grve-height-1x\" style=\"\"><\/div><div class=\"grve-element grve-image grve-align-center\" style=\"\">  <div class=\"grve-image-wrapper\"><img loading=\"lazy\" decoding=\"async\" width=\"780\" height=\"113\" src=\"https:\/\/autointegrate.com\/wp-content\/uploads\/Approved-V2.png\" class=\"attachment-full size-full\" alt=\"\" srcset=\"https:\/\/autointegrate.com\/wp-content\/uploads\/Approved-V2.png 780w, https:\/\/autointegrate.com\/wp-content\/uploads\/Approved-V2-768x111.png 768w\" sizes=\"auto, (max-width: 780px) 100vw, 780px\" \/>   <\/div><\/div><div class=\"grve-empty-space grve-height-1x\" style=\"\"><\/div>[\/vc_column][\/vc_row][vc_row bwd_tbc4vd_show_weekday=\u00a0\u00bb\u00a0\u00bb section_id=\u00a0\u00bbROIcons\u00a0\u00bb][vc_column][vc_column_text css=\u00a0\u00bb\u00a0\u00bb]<span style=\"font-size: 24pt;\"><strong>Ic\u00f4nes de demande de r\u00e9paration\u00a0&#8211; Statuts<\/strong><\/span>[\/vc_column_text]<div class=\"grve-empty-space grve-height-1x\" style=\"\"><\/div><div class=\"grve-element grve-image grve-align-center\" style=\"\">  <div class=\"grve-image-wrapper\"><img loading=\"lazy\" decoding=\"async\" width=\"771\" height=\"1096\" src=\"https:\/\/autointegrate.com\/wp-content\/uploads\/Status-Lookup-v3.png\" class=\"attachment-full size-full\" alt=\"\" srcset=\"https:\/\/autointegrate.com\/wp-content\/uploads\/Status-Lookup-v3.png 771w, https:\/\/autointegrate.com\/wp-content\/uploads\/Status-Lookup-v3-768x1092.png 768w\" sizes=\"auto, (max-width: 771px) 100vw, 771px\" \/>   <\/div><\/div><div class=\"grve-empty-space grve-height-1x\" style=\"\"><\/div>[\/vc_column][\/vc_row][vc_row bwd_tbc4vd_show_weekday=\u00a0\u00bb\u00a0\u00bb section_id=\u00a0\u00bbROHeaderIcons\u00a0\u00bb][vc_column][vc_column_text css=\u00a0\u00bb\u00a0\u00bb]<span style=\"font-size: 24pt;\"><strong>Ic\u00f4nes de demande de r\u00e9paration\u00a0&#8211; Boutons d&rsquo;en-t\u00eate<\/strong><\/span>[\/vc_column_text]<div class=\"grve-empty-space grve-height-1x\" style=\"\"><\/div><div class=\"grve-element grve-image grve-align-center\" style=\"\">  <div class=\"grve-image-wrapper\"><img loading=\"lazy\" decoding=\"async\" width=\"803\" height=\"590\" src=\"https:\/\/autointegrate.com\/wp-content\/uploads\/Header-Buttons-V5-1.png\" class=\"attachment-full size-full\" alt=\"\" srcset=\"https:\/\/autointegrate.com\/wp-content\/uploads\/Header-Buttons-V5-1.png 803w, https:\/\/autointegrate.com\/wp-content\/uploads\/Header-Buttons-V5-1-768x564.png 768w\" sizes=\"auto, (max-width: 803px) 100vw, 803px\" \/>   <\/div><\/div><div class=\"grve-empty-space grve-height-1x\" style=\"\"><\/div>[\/vc_column][\/vc_row][vc_row bwd_tbc4vd_show_weekday=\u00a0\u00bb\u00a0\u00bb section_id=\u00a0\u00bbAddingCatalog\u00a0\u00bb][vc_column width=\u00a0\u00bb1\/5&Prime;]<div class=\"grve-element grve-single-icon grve-align-left grve-medium\" style=\"\"><a href=\"https:\/\/autointegrate.com\/fr\/demandes-de-reparation-modifier\/#RegisterContents\" title=\"Retour en haut de page\">  <div class=\"grve-wrapper-icon grve-no-shape\" style=\"\"><i class=\"fas fa-undo-alt grve-text-primary-1\"><\/i><\/div><\/a><\/div>[\/vc_column][vc_column width=\u00a0\u00bb1\/5&Prime;][\/vc_column][vc_column width=\u00a0\u00bb1\/5&Prime;]<div class=\"grve-element grve-single-icon grve-align-center grve-medium\" style=\"\"><a href=\"https:\/\/autointegrate.com\/user-guide\/\" title=\"Accueil\">  <div class=\"grve-wrapper-icon grve-no-shape\" style=\"\"><i class=\"fas fa-home grve-text-primary-1\"><\/i><\/div><\/a><\/div>[\/vc_column][vc_column width=\u00a0\u00bb1\/5&Prime;][\/vc_column][vc_column width=\u00a0\u00bb1\/5&Prime;]<div class=\"grve-element grve-single-icon grve-align-right grve-medium\" style=\"\"><a href=\"https:\/\/autointegrate.com\/repair-orders-create\/\">  <div class=\"grve-wrapper-icon grve-no-shape\" style=\"\"><i class=\"fas fa-arrow-left grve-text-primary-1\"><\/i><\/div><\/a><\/div>[\/vc_column][\/vc_row]<\/p>\n<\/div>","protected":false},"excerpt":{"rendered":"<p>[vc_row heading_color=\u00a0\u00bblight\u00a0\u00bb bg_type=\u00a0\u00bbimage\u00a0\u00bb bg_image=\u00a0\u00bb2341&Prime; bg_image_size=\u00a0\u00bbfull\u00a0\u00bb padding_top_multiplier=\u00a0\u00bb\u00a0\u00bb padding_bottom_multiplier=\u00a0\u00bb\u00a0\u00bb columns_gap=\u00a0\u00bb20&Prime; equal_column_height=\u00a0\u00bbequal-column\u00a0\u00bb separator_bottom=\u00a0\u00bbcurve-left-separator\u00a0\u00bb separator_bottom_size=\u00a0\u00bb120px\u00a0\u00bb font_color=\u00a0\u00bb#ffffff\u00a0\u00bb][vc_column width=\u00a0\u00bb7\/12&Prime; tablet_width=\u00a0\u00bb3-4&Prime; tablet_sm_width=\u00a0\u00bb11-12&Prime;][\/vc_column][vc_column vertical_content_position=\u00a0\u00bbbottom\u00a0\u00bb column_custom_position=\u00a0\u00bbyes\u00a0\u00bb width=\u00a0\u00bb5\/12&Prime; tablet_width=\u00a0\u00bb1-4&Prime; tablet_sm_width=\u00a0\u00bb1-12&Prime; mobile_width=\u00a0\u00bbhide\u00a0\u00bb][\/vc_column][\/vc_row][vc_row bwd_tbc4vd_show_weekday=\u00a0\u00bb\u00a0\u00bb section_id=\u00a0\u00bbRegisterContents\u00a0\u00bb][vc_column][vc_column_text css=\u00a0\u00bb\u00a0\u00bb]Dans cet\u00a0article\u00a0:[\/vc_column_text][vc_column_text css=\u00a0\u00bb\u00a0\u00bb] Gestionnaire des demandes de r\u00e9paration (ROM) Cr\u00e9er une demande de r\u00e9paration Ajout d&rsquo;\u00e9l\u00e9ments Entretien pr\u00e9ventif R\u00e9parations g\u00e9n\u00e9rales Forfaits de r\u00e9paration R\u00e9paration rapide Pneus Catalogue national Soumettre pour autorisation Cl\u00f4turer [&hellip;]<\/p>\n","protected":false},"author":6,"featured_media":0,"parent":0,"menu_order":0,"comment_status":"closed","ping_status":"closed","template":"","meta":{"footnotes":""},"folder":[239],"class_list":["post-165052","page","type-page","status-publish","hentry"],"yoast_head":"<!-- This site is optimized with the Yoast SEO plugin v27.5 - https:\/\/yoast.com\/product\/yoast-seo-wordpress\/ -->\n<title>Demandes de r\u00e9paration | Auto\u00a0Integrate<\/title>\n<meta name=\"description\" content=\"Guide sur les demandes de r\u00e9paration, y compris la cr\u00e9ation, la modification et la cl\u00f4ture\" \/>\n<meta name=\"robots\" content=\"index, follow, max-snippet:-1, max-image-preview:large, max-video-preview:-1\" \/>\n<link rel=\"canonical\" href=\"https:\/\/autointegrate.com\/fr\/demandes-de-reparation-modifier\/\" \/>\n<meta property=\"og:locale\" content=\"fr_FR\" \/>\n<meta property=\"og:type\" content=\"article\" \/>\n<meta property=\"og:title\" content=\"Demandes de r\u00e9paration | Auto\u00a0Integrate\" \/>\n<meta property=\"og:description\" content=\"Guide sur les demandes de r\u00e9paration, y compris la cr\u00e9ation, la modification et la cl\u00f4ture\" \/>\n<meta property=\"og:url\" content=\"https:\/\/autointegrate.com\/fr\/demandes-de-reparation-modifier\/\" \/>\n<meta property=\"og:site_name\" content=\"Auto Integrate\" \/>\n<meta property=\"article:modified_time\" content=\"2025-06-10T10:29:44+00:00\" \/>\n<meta property=\"og:image\" content=\"https:\/\/autointegrate.com\/wp-content\/uploads\/featured_image1-1.jpg\" \/>\n\t<meta property=\"og:image:width\" content=\"1200\" \/>\n\t<meta property=\"og:image:height\" content=\"628\" \/>\n\t<meta property=\"og:image:type\" content=\"image\/jpeg\" \/>\n<meta name=\"twitter:card\" content=\"summary_large_image\" \/>\n<meta name=\"twitter:label1\" content=\"Dur\u00e9e de lecture estim\u00e9e\" \/>\n\t<meta name=\"twitter:data1\" content=\"5 minutes\" \/>\n<script type=\"application\/ld+json\" class=\"yoast-schema-graph\">{\"@context\":\"https:\\\/\\\/schema.org\",\"@graph\":[{\"@type\":\"WebPage\",\"@id\":\"https:\\\/\\\/autointegrate.com\\\/fr\\\/demandes-de-reparation-modifier\\\/\",\"url\":\"https:\\\/\\\/autointegrate.com\\\/fr\\\/demandes-de-reparation-modifier\\\/\",\"name\":\"Demandes de r\u00e9paration | Auto\u00a0Integrate\",\"isPartOf\":{\"@id\":\"https:\\\/\\\/autointegrate.com\\\/fr\\\/#website\"},\"datePublished\":\"2024-07-22T11:07:38+00:00\",\"dateModified\":\"2025-06-10T10:29:44+00:00\",\"description\":\"Guide sur les demandes de r\u00e9paration, y compris la cr\u00e9ation, la modification et la cl\u00f4ture\",\"breadcrumb\":{\"@id\":\"https:\\\/\\\/autointegrate.com\\\/fr\\\/demandes-de-reparation-modifier\\\/#breadcrumb\"},\"inLanguage\":\"fr-FR\",\"potentialAction\":[{\"@type\":\"ReadAction\",\"target\":[\"https:\\\/\\\/autointegrate.com\\\/fr\\\/demandes-de-reparation-modifier\\\/\"]}]},{\"@type\":\"BreadcrumbList\",\"@id\":\"https:\\\/\\\/autointegrate.com\\\/fr\\\/demandes-de-reparation-modifier\\\/#breadcrumb\",\"itemListElement\":[{\"@type\":\"ListItem\",\"position\":1,\"name\":\"Home\",\"item\":\"https:\\\/\\\/autointegrate.com\\\/fr\\\/\"},{\"@type\":\"ListItem\",\"position\":2,\"name\":\"Demandes de r\u00e9paration\u00a0&#8211; Modifier\"}]},{\"@type\":\"WebSite\",\"@id\":\"https:\\\/\\\/autointegrate.com\\\/fr\\\/#website\",\"url\":\"https:\\\/\\\/autointegrate.com\\\/fr\\\/\",\"name\":\"Auto Integrate\",\"description\":\"\",\"publisher\":{\"@id\":\"https:\\\/\\\/autointegrate.com\\\/fr\\\/#organization\"},\"potentialAction\":[{\"@type\":\"SearchAction\",\"target\":{\"@type\":\"EntryPoint\",\"urlTemplate\":\"https:\\\/\\\/autointegrate.com\\\/fr\\\/?s={search_term_string}\"},\"query-input\":{\"@type\":\"PropertyValueSpecification\",\"valueRequired\":true,\"valueName\":\"search_term_string\"}}],\"inLanguage\":\"fr-FR\"},{\"@type\":\"Organization\",\"@id\":\"https:\\\/\\\/autointegrate.com\\\/fr\\\/#organization\",\"name\":\"Auto Integrate LLC.\",\"url\":\"https:\\\/\\\/autointegrate.com\\\/fr\\\/\",\"logo\":{\"@type\":\"ImageObject\",\"inLanguage\":\"fr-FR\",\"@id\":\"https:\\\/\\\/autointegrate.com\\\/fr\\\/#\\\/schema\\\/logo\\\/image\\\/\",\"url\":\"https:\\\/\\\/autointegrate.com\\\/wp-content\\\/uploads\\\/Auto_Integrate_StickyLogo.png\",\"contentUrl\":\"https:\\\/\\\/autointegrate.com\\\/wp-content\\\/uploads\\\/Auto_Integrate_StickyLogo.png\",\"width\":200,\"height\":48,\"caption\":\"Auto Integrate LLC.\"},\"image\":{\"@id\":\"https:\\\/\\\/autointegrate.com\\\/fr\\\/#\\\/schema\\\/logo\\\/image\\\/\"}}]}<\/script>\n<!-- \/ Yoast SEO plugin. -->","yoast_head_json":{"title":"Demandes de r\u00e9paration | Auto\u00a0Integrate","description":"Guide sur les demandes de r\u00e9paration, y compris la cr\u00e9ation, la modification et la cl\u00f4ture","robots":{"index":"index","follow":"follow","max-snippet":"max-snippet:-1","max-image-preview":"max-image-preview:large","max-video-preview":"max-video-preview:-1"},"canonical":"https:\/\/autointegrate.com\/fr\/demandes-de-reparation-modifier\/","og_locale":"fr_FR","og_type":"article","og_title":"Demandes de r\u00e9paration | Auto\u00a0Integrate","og_description":"Guide sur les demandes de r\u00e9paration, y compris la cr\u00e9ation, la modification et la cl\u00f4ture","og_url":"https:\/\/autointegrate.com\/fr\/demandes-de-reparation-modifier\/","og_site_name":"Auto Integrate","article_modified_time":"2025-06-10T10:29:44+00:00","og_image":[{"width":1200,"height":628,"url":"https:\/\/autointegrate.com\/wp-content\/uploads\/featured_image1-1.jpg","type":"image\/jpeg"}],"twitter_card":"summary_large_image","twitter_misc":{"Dur\u00e9e de lecture estim\u00e9e":"5 minutes"},"schema":{"@context":"https:\/\/schema.org","@graph":[{"@type":"WebPage","@id":"https:\/\/autointegrate.com\/fr\/demandes-de-reparation-modifier\/","url":"https:\/\/autointegrate.com\/fr\/demandes-de-reparation-modifier\/","name":"Demandes de r\u00e9paration | Auto\u00a0Integrate","isPartOf":{"@id":"https:\/\/autointegrate.com\/fr\/#website"},"datePublished":"2024-07-22T11:07:38+00:00","dateModified":"2025-06-10T10:29:44+00:00","description":"Guide sur les demandes de r\u00e9paration, y compris la cr\u00e9ation, la modification et la cl\u00f4ture","breadcrumb":{"@id":"https:\/\/autointegrate.com\/fr\/demandes-de-reparation-modifier\/#breadcrumb"},"inLanguage":"fr-FR","potentialAction":[{"@type":"ReadAction","target":["https:\/\/autointegrate.com\/fr\/demandes-de-reparation-modifier\/"]}]},{"@type":"BreadcrumbList","@id":"https:\/\/autointegrate.com\/fr\/demandes-de-reparation-modifier\/#breadcrumb","itemListElement":[{"@type":"ListItem","position":1,"name":"Home","item":"https:\/\/autointegrate.com\/fr\/"},{"@type":"ListItem","position":2,"name":"Demandes de r\u00e9paration\u00a0&#8211; Modifier"}]},{"@type":"WebSite","@id":"https:\/\/autointegrate.com\/fr\/#website","url":"https:\/\/autointegrate.com\/fr\/","name":"Auto Integrate","description":"","publisher":{"@id":"https:\/\/autointegrate.com\/fr\/#organization"},"potentialAction":[{"@type":"SearchAction","target":{"@type":"EntryPoint","urlTemplate":"https:\/\/autointegrate.com\/fr\/?s={search_term_string}"},"query-input":{"@type":"PropertyValueSpecification","valueRequired":true,"valueName":"search_term_string"}}],"inLanguage":"fr-FR"},{"@type":"Organization","@id":"https:\/\/autointegrate.com\/fr\/#organization","name":"Auto Integrate LLC.","url":"https:\/\/autointegrate.com\/fr\/","logo":{"@type":"ImageObject","inLanguage":"fr-FR","@id":"https:\/\/autointegrate.com\/fr\/#\/schema\/logo\/image\/","url":"https:\/\/autointegrate.com\/wp-content\/uploads\/Auto_Integrate_StickyLogo.png","contentUrl":"https:\/\/autointegrate.com\/wp-content\/uploads\/Auto_Integrate_StickyLogo.png","width":200,"height":48,"caption":"Auto Integrate LLC."},"image":{"@id":"https:\/\/autointegrate.com\/fr\/#\/schema\/logo\/image\/"}}]}},"_links":{"self":[{"href":"https:\/\/autointegrate.com\/fr\/wp-json\/wp\/v2\/pages\/165052","targetHints":{"allow":["GET"]}}],"collection":[{"href":"https:\/\/autointegrate.com\/fr\/wp-json\/wp\/v2\/pages"}],"about":[{"href":"https:\/\/autointegrate.com\/fr\/wp-json\/wp\/v2\/types\/page"}],"author":[{"embeddable":true,"href":"https:\/\/autointegrate.com\/fr\/wp-json\/wp\/v2\/users\/6"}],"replies":[{"embeddable":true,"href":"https:\/\/autointegrate.com\/fr\/wp-json\/wp\/v2\/comments?post=165052"}],"version-history":[{"count":2,"href":"https:\/\/autointegrate.com\/fr\/wp-json\/wp\/v2\/pages\/165052\/revisions"}],"predecessor-version":[{"id":165059,"href":"https:\/\/autointegrate.com\/fr\/wp-json\/wp\/v2\/pages\/165052\/revisions\/165059"}],"wp:attachment":[{"href":"https:\/\/autointegrate.com\/fr\/wp-json\/wp\/v2\/media?parent=165052"}],"wp:term":[{"taxonomy":"folder","embeddable":true,"href":"https:\/\/autointegrate.com\/fr\/wp-json\/wp\/v2\/folder?post=165052"}],"curies":[{"name":"wp","href":"https:\/\/api.w.org\/{rel}","templated":true}]}}