{"id":165043,"date":"2024-12-02T05:30:33","date_gmt":"2024-12-02T10:30:33","guid":{"rendered":"https:\/\/autointegrate.com\/utilisateurs\/"},"modified":"2025-06-10T05:29:44","modified_gmt":"2025-06-10T10:29:44","slug":"utilisateurs","status":"publish","type":"page","link":"https:\/\/autointegrate.com\/fr\/utilisateurs\/","title":{"rendered":"Utilisateurs"},"content":{"rendered":"<div class=\"wpb-content-wrapper\"><p>[vc_row heading_color=\u00a0\u00bblight\u00a0\u00bb bg_type=\u00a0\u00bbimage\u00a0\u00bb bg_image=\u00a0\u00bb2341&Prime; bg_image_size=\u00a0\u00bbfull\u00a0\u00bb padding_top_multiplier=\u00a0\u00bb\u00a0\u00bb padding_bottom_multiplier=\u00a0\u00bb\u00a0\u00bb columns_gap=\u00a0\u00bb20&Prime; equal_column_height=\u00a0\u00bbequal-column\u00a0\u00bb separator_bottom=\u00a0\u00bbcurve-left-separator\u00a0\u00bb separator_bottom_size=\u00a0\u00bb120px\u00a0\u00bb font_color=\u00a0\u00bb#ffffff\u00a0\u00bb][vc_column width=\u00a0\u00bb7\/12&Prime; tablet_width=\u00a0\u00bb3-4&Prime; tablet_sm_width=\u00a0\u00bb11-12&Prime;]<div class=\"grve-empty-space\" style=\"height: 180px;\"><\/div><h4 class=\"grve-element grve-title grve-align-left grve-animated-item grve-duration-very-fast grve-fade-in-down grve-h4 o2c-title-no-margin\" style=\"\" data-delay=\"100\"><span>UTILISATEURS<\/span><\/h4><div class=\"grve-empty-space\" style=\"height: 140px;\"><\/div>[\/vc_column][vc_column vertical_content_position=\u00a0\u00bbbottom\u00a0\u00bb column_custom_position=\u00a0\u00bbyes\u00a0\u00bb width=\u00a0\u00bb5\/12&Prime; tablet_width=\u00a0\u00bb1-4&Prime; tablet_sm_width=\u00a0\u00bb1-12&Prime; mobile_width=\u00a0\u00bbhide\u00a0\u00bb][\/vc_column][\/vc_row][vc_row bwd_tbc4vd_show_weekday=\u00a0\u00bb\u00a0\u00bb section_id=\u00a0\u00bbRegisterContents\u00a0\u00bb][vc_column][vc_column_text css=\u00a0\u00bb\u00a0\u00bb]<span style=\"font-size: 18pt;\"><strong>Dans cet\u00a0article\u00a0:<\/strong><\/span>[\/vc_column_text]<div class=\"grve-empty-space grve-height-1x\" style=\"\"><\/div>[vc_column_text css=\u00a0\u00bb\u00a0\u00bb]<\/p>\n<ul>\n<li><a href=\"https:\/\/autointegrate.com\/fr\/utilisateurs\/#Overview\">Pr\u00e9sentation<\/a><\/li>\n<li><a href=\"https:\/\/autointegrate.com\/fr\/utilisateurs\/#AddUser\">Ajouter un nouvel utilisateur<\/a><\/li>\n<li><a href=\"https:\/\/autointegrate.com\/fr\/utilisateurs\/#Edit\">Modifier un utilisateur<\/a><\/li>\n<\/ul>\n<p>[\/vc_column_text]<div class=\"grve-empty-space grve-height-1x\" style=\"\"><\/div>[\/vc_column][\/vc_row][vc_row bwd_tbc4vd_show_weekday=\u00a0\u00bb\u00a0\u00bb section_id=\u00a0\u00bbOverview\u00a0\u00bb][vc_column][vc_column_text css=\u00a0\u00bb\u00a0\u00bb]<span style=\"font-size: 24pt;\"><strong>Pr\u00e9sentation<\/strong><\/span>[\/vc_column_text]<div class=\"grve-empty-space grve-height-1x\" style=\"\"><\/div>[vc_column_text css=\u00a0\u00bb\u00a0\u00bb]Pour ajouter et modifier des utilisateurs, vous aurez besoin du r\u00f4le \u00ab\u00a0Shop Admin\u00a0\u00bb (Administrateur du garage). Si vous n\u2019arrivez pas \u00e0 voir la page des utilisateurs et que vous voulez ajouter des utilisateurs, contactez l\u2019administrateur de votre garage qui pourra ajouter ce r\u00f4le \u00e0 votre compte.<\/p>\n<p>Pour acc\u00e9der \u00e0 la page des utilisateurs, cliquez sur \u00ab\u00a0Administration (Administration) &gt; Users (Utilisateurs)\u00a0\u00bb.[\/vc_column_text]<div class=\"grve-empty-space grve-height-1x\" style=\"\"><\/div><div class=\"grve-element grve-image grve-align-center\" style=\"\">  <div class=\"grve-image-wrapper\"><img loading=\"lazy\" decoding=\"async\" width=\"1194\" height=\"191\" src=\"https:\/\/autointegrate.com\/wp-content\/uploads\/Users-highlighted.png\" class=\"attachment-full size-full\" alt=\"\" srcset=\"https:\/\/autointegrate.com\/wp-content\/uploads\/Users-highlighted.png 1194w, https:\/\/autointegrate.com\/wp-content\/uploads\/Users-highlighted-768x123.png 768w\" sizes=\"auto, (max-width: 1194px) 100vw, 1194px\" \/>   <\/div><\/div><div class=\"grve-empty-space grve-height-1x\" style=\"\"><\/div>[vc_column_text css=\u00a0\u00bb\u00a0\u00bb]Vous pouvez afficher tous les utilisateurs de votre garage \u00e0 cet endroit. Vous pouvez envoyer un e-mail pour rappeler le nom d\u2019un utilisateur, r\u00e9initialiser un mot de passe ou envoyer le guide de l\u2019utilisateur via l\u2019adresse e-mail associ\u00e9e au compte en cliquant sur le bouton correspondant \u00e0 c\u00f4t\u00e9 du compte.[\/vc_column_text]<div class=\"grve-empty-space grve-height-1x\" style=\"\"><\/div><div class=\"grve-element grve-image grve-align-center\" style=\"\">  <div class=\"grve-image-wrapper\"><img loading=\"lazy\" decoding=\"async\" width=\"1201\" height=\"134\" src=\"https:\/\/autointegrate.com\/wp-content\/uploads\/PW-username-guide.png\" class=\"attachment-full size-full\" alt=\"\" srcset=\"https:\/\/autointegrate.com\/wp-content\/uploads\/PW-username-guide.png 1201w, https:\/\/autointegrate.com\/wp-content\/uploads\/PW-username-guide-768x86.png 768w\" sizes=\"auto, (max-width: 1201px) 100vw, 1201px\" \/>   <\/div><\/div><div class=\"grve-empty-space grve-height-1x\" style=\"\"><\/div>[\/vc_column][\/vc_row][vc_row bwd_tbc4vd_show_weekday=\u00a0\u00bb\u00a0\u00bb section_id=\u00a0\u00bbAddUser\u00a0\u00bb][vc_column][vc_column_text css=\u00a0\u00bb\u00a0\u00bb]<span style=\"font-size: 24pt;\"><strong>Ajouter un nouvel utilisateur<\/strong><\/span>[\/vc_column_text]<div class=\"grve-empty-space grve-height-1x\" style=\"\"><\/div>[vc_column_text css=\u00a0\u00bb\u00a0\u00bb]<\/p>\n<p class=\"AIBodyText\"><span lang=\"EN-US\">Pour ajouter un nouvel utilisateur, commencez par cliquer sur le bouton \u00ab\u00a0Add User\u00a0\u00bb (Ajouter un utilisateur).<\/span><\/p>\n<p>[\/vc_column_text]<div class=\"grve-empty-space grve-height-1x\" style=\"\"><\/div><div class=\"grve-element grve-image grve-align-center\" style=\"\">  <div class=\"grve-image-wrapper\"><img loading=\"lazy\" decoding=\"async\" width=\"1192\" height=\"224\" src=\"https:\/\/autointegrate.com\/wp-content\/uploads\/Add-User.png\" class=\"attachment-full size-full\" alt=\"\" srcset=\"https:\/\/autointegrate.com\/wp-content\/uploads\/Add-User.png 1192w, https:\/\/autointegrate.com\/wp-content\/uploads\/Add-User-768x144.png 768w\" sizes=\"auto, (max-width: 1192px) 100vw, 1192px\" \/>   <\/div><\/div><div class=\"grve-empty-space grve-height-1x\" style=\"\"><\/div>[vc_column_text css=\u00a0\u00bb\u00a0\u00bb]<\/p>\n<p class=\"AIBodyText\"><span lang=\"EN-US\">Vous pouvez alors commencer \u00e0 ajouter des informations au compte. Assurez-vous de renseigner des informations exactes et \u00e0 jour, car vous les utiliserez pour contacter l\u2019utilisateur.\u00a0<\/span><\/p>\n<p>Une fois satisfait des informations saisies, cliquez sur l\u2019onglet \u00ab\u00a0Roles\u00a0\u00bb (R\u00f4les) pour ajouter des autorisations et finaliser la configuration du compte.[\/vc_column_text]<div class=\"grve-empty-space grve-height-1x\" style=\"\"><\/div><div class=\"grve-element grve-image grve-align-center\" style=\"\">  <div class=\"grve-image-wrapper\"><img loading=\"lazy\" decoding=\"async\" width=\"1157\" height=\"363\" src=\"https:\/\/autointegrate.com\/wp-content\/uploads\/Roles.png\" class=\"attachment-full size-full\" alt=\"\" srcset=\"https:\/\/autointegrate.com\/wp-content\/uploads\/Roles.png 1157w, https:\/\/autointegrate.com\/wp-content\/uploads\/Roles-768x241.png 768w\" sizes=\"auto, (max-width: 1157px) 100vw, 1157px\" \/>   <\/div><\/div><div class=\"grve-empty-space grve-height-1x\" style=\"\"><\/div>[vc_column_text css=\u00a0\u00bb\u00a0\u00bb]<\/p>\n<p class=\"AIBodyText\">Pour ajouter des r\u00f4les au compte, cliquez sur le bouton \u00ab\u00a0Add Roles\u00a0\u00bb (Ajouter des r\u00f4les) et s\u00e9lectionnez les autorisations que vous souhaitez ajouter.<\/p>\n<ul>\n<li>Conseiller en services\u00a0: cr\u00e9er, modifier et soumettre des demandes de r\u00e9paration<\/li>\n<li>Administration du garage\u00a0: ajouter et modifier des utilisateurs, modifier les informations sur le garage<\/li>\n<\/ul>\n<p>Si l\u2019utilisateur a besoin d\u2019acc\u00e9der \u00e0 tous les r\u00f4les, cochez simplement les deux r\u00f4les avant de cliquer sur \u00ab\u00a0Add Selected\u00a0\u00bb (Ajouter la s\u00e9lection).[\/vc_column_text]<div class=\"grve-empty-space grve-height-1x\" style=\"\"><\/div><div class=\"grve-element grve-image grve-align-center\" style=\"\">  <div class=\"grve-image-wrapper\"><img loading=\"lazy\" decoding=\"async\" width=\"1176\" height=\"319\" src=\"https:\/\/autointegrate.com\/wp-content\/uploads\/Add-roles.png\" class=\"attachment-full size-full\" alt=\"\" srcset=\"https:\/\/autointegrate.com\/wp-content\/uploads\/Add-roles.png 1176w, https:\/\/autointegrate.com\/wp-content\/uploads\/Add-roles-768x208.png 768w\" sizes=\"auto, (max-width: 1176px) 100vw, 1176px\" \/>   <\/div><\/div><div class=\"grve-empty-space grve-height-1x\" style=\"\"><\/div>[vc_column_text css=\u00a0\u00bb\u00a0\u00bb]<\/p>\n<p class=\"AIBodyText\">Enfin, cliquez sur \u00ab\u00a0Save\u00a0\u00bb (Sauvegarder) pour ajouter le nouvel utilisateur.<\/p>\n<p>[\/vc_column_text]<div class=\"grve-empty-space grve-height-1x\" style=\"\"><\/div><div class=\"grve-element grve-image grve-align-center\" style=\"\">  <div class=\"grve-image-wrapper\"><img loading=\"lazy\" decoding=\"async\" width=\"1188\" height=\"379\" src=\"https:\/\/autointegrate.com\/wp-content\/uploads\/New-user-setup.png\" class=\"attachment-full size-full\" alt=\"\" srcset=\"https:\/\/autointegrate.com\/wp-content\/uploads\/New-user-setup.png 1188w, https:\/\/autointegrate.com\/wp-content\/uploads\/New-user-setup-768x245.png 768w\" sizes=\"auto, (max-width: 1188px) 100vw, 1188px\" \/>   <\/div><\/div><div class=\"grve-empty-space grve-height-1x\" style=\"\"><\/div>[\/vc_column][\/vc_row][vc_row bwd_tbc4vd_show_weekday=\u00a0\u00bb\u00a0\u00bb section_id=\u00a0\u00bbEdit\u00a0\u00bb][vc_column][vc_column_text css=\u00a0\u00bb\u00a0\u00bb]<span style=\"font-size: 24pt;\"><strong>Modifier des utilisateurs<\/strong><\/span>[\/vc_column_text]<div class=\"grve-empty-space grve-height-1x\" style=\"\"><\/div>[vc_column_text css=\u00a0\u00bb\u00a0\u00bb]<\/p>\n<p class=\"AIBodyText\"><span lang=\"EN-US\">Pour modifier un utilisateur existant, cliquez sur l\u2019ic\u00f4ne en forme de crayon \u00e0 droite de l\u2019utilisateur concern\u00e9.<\/span><\/p>\n<p>[\/vc_column_text]<div class=\"grve-empty-space grve-height-1x\" style=\"\"><\/div><div class=\"grve-element grve-image grve-align-center\" style=\"\">  <div class=\"grve-image-wrapper\"><img loading=\"lazy\" decoding=\"async\" width=\"1195\" height=\"136\" src=\"https:\/\/autointegrate.com\/wp-content\/uploads\/Edit-User.png\" class=\"attachment-full size-full\" alt=\"\" srcset=\"https:\/\/autointegrate.com\/wp-content\/uploads\/Edit-User.png 1195w, https:\/\/autointegrate.com\/wp-content\/uploads\/Edit-User-768x87.png 768w\" sizes=\"auto, (max-width: 1195px) 100vw, 1195px\" \/>   <\/div><\/div><div class=\"grve-empty-space grve-height-1x\" style=\"\"><\/div>[vc_column_text css=\u00a0\u00bb\u00a0\u00bb]<\/p>\n<p class=\"AIBodyText\"><span lang=\"EN-US\">\u00c0 partir de l\u00e0, vous pouvez modifier l\u2019utilisateur si n\u00e9cessaire, y compris ajouter ou supprimer des r\u00f4les au compte.<\/span><\/p>\n<p>Si vous souhaitez SUPPRIMER un utilisateur de votre garage, d\u00e9cochez la case \u00ab\u00a0Active\u00a0\u00bb (Actif). Cela d\u00e9sactivera le compte jusqu\u2019\u00e0 ce qu\u2019il soit r\u00e9activ\u00e9.<\/p>\n<p>Une fois termin\u00e9, cliquez sur \u00ab\u00a0Save\u00a0\u00bb (Sauvegarder) pour sauvegarder les modifications apport\u00e9es au compte.[\/vc_column_text]<div class=\"grve-empty-space grve-height-1x\" style=\"\"><\/div><div class=\"grve-element grve-image grve-align-center\" style=\"\">  <div class=\"grve-image-wrapper\"><img loading=\"lazy\" decoding=\"async\" width=\"1161\" height=\"408\" src=\"https:\/\/autointegrate.com\/wp-content\/uploads\/Save-User.png\" class=\"attachment-full size-full\" alt=\"\" srcset=\"https:\/\/autointegrate.com\/wp-content\/uploads\/Save-User.png 1161w, https:\/\/autointegrate.com\/wp-content\/uploads\/Save-User-768x270.png 768w\" sizes=\"auto, (max-width: 1161px) 100vw, 1161px\" \/>   <\/div><\/div><div class=\"grve-empty-space grve-height-1x\" style=\"\"><\/div>[\/vc_column][\/vc_row][vc_row bwd_tbc4vd_show_weekday=\u00a0\u00bb\u00a0\u00bb section_id=\u00a0\u00bbAddingCatalog\u00a0\u00bb][vc_column width=\u00a0\u00bb1\/5&Prime;]<div class=\"grve-element grve-single-icon grve-align-left grve-medium\" style=\"\"><a href=\"https:\/\/autointegrate.com\/fr\/utilisateurs\/#Overview\" title=\"Retour en haut de page\">  <div class=\"grve-wrapper-icon grve-no-shape\" style=\"\"><i class=\"fas fa-undo-alt grve-text-primary-1\"><\/i><\/div><\/a><\/div>[\/vc_column][vc_column width=\u00a0\u00bb1\/5&Prime;][\/vc_column][vc_column width=\u00a0\u00bb1\/5&Prime;]<div class=\"grve-element grve-single-icon grve-align-center grve-medium\" style=\"\"><a href=\"https:\/\/autointegrate.com\/user-guide\/\" title=\"Demandes de r\u00e9paration\">  <div class=\"grve-wrapper-icon grve-no-shape\" style=\"\"><i class=\"fas fa-home grve-text-primary-1\"><\/i><\/div><\/a><\/div>[\/vc_column][vc_column width=\u00a0\u00bb1\/5&Prime;][\/vc_column][\/vc_row]<\/p>\n<\/div>","protected":false},"excerpt":{"rendered":"<p>[vc_row heading_color=\u00a0\u00bblight\u00a0\u00bb bg_type=\u00a0\u00bbimage\u00a0\u00bb bg_image=\u00a0\u00bb2341&Prime; bg_image_size=\u00a0\u00bbfull\u00a0\u00bb padding_top_multiplier=\u00a0\u00bb\u00a0\u00bb padding_bottom_multiplier=\u00a0\u00bb\u00a0\u00bb columns_gap=\u00a0\u00bb20&Prime; equal_column_height=\u00a0\u00bbequal-column\u00a0\u00bb separator_bottom=\u00a0\u00bbcurve-left-separator\u00a0\u00bb separator_bottom_size=\u00a0\u00bb120px\u00a0\u00bb font_color=\u00a0\u00bb#ffffff\u00a0\u00bb][vc_column width=\u00a0\u00bb7\/12&Prime; tablet_width=\u00a0\u00bb3-4&Prime; tablet_sm_width=\u00a0\u00bb11-12&Prime;][\/vc_column][vc_column vertical_content_position=\u00a0\u00bbbottom\u00a0\u00bb column_custom_position=\u00a0\u00bbyes\u00a0\u00bb width=\u00a0\u00bb5\/12&Prime; tablet_width=\u00a0\u00bb1-4&Prime; tablet_sm_width=\u00a0\u00bb1-12&Prime; mobile_width=\u00a0\u00bbhide\u00a0\u00bb][\/vc_column][\/vc_row][vc_row bwd_tbc4vd_show_weekday=\u00a0\u00bb\u00a0\u00bb section_id=\u00a0\u00bbRegisterContents\u00a0\u00bb][vc_column][vc_column_text css=\u00a0\u00bb\u00a0\u00bb]Dans cet\u00a0article\u00a0:[\/vc_column_text][vc_column_text css=\u00a0\u00bb\u00a0\u00bb] Pr\u00e9sentation Ajouter un nouvel utilisateur Modifier un utilisateur [\/vc_column_text][\/vc_column][\/vc_row][vc_row bwd_tbc4vd_show_weekday=\u00a0\u00bb\u00a0\u00bb section_id=\u00a0\u00bbOverview\u00a0\u00bb][vc_column][vc_column_text css=\u00a0\u00bb\u00a0\u00bb]Pr\u00e9sentation[\/vc_column_text][vc_column_text css=\u00a0\u00bb\u00a0\u00bb]Pour ajouter et modifier des utilisateurs, vous aurez besoin du r\u00f4le \u00ab\u00a0Shop Admin\u00a0\u00bb (Administrateur du garage). Si [&hellip;]<\/p>\n","protected":false},"author":6,"featured_media":0,"parent":0,"menu_order":0,"comment_status":"closed","ping_status":"closed","template":"","meta":{"footnotes":""},"folder":[239],"class_list":["post-165043","page","type-page","status-publish","hentry"],"yoast_head":"<!-- This site is optimized with the Yoast SEO plugin v27.4 - https:\/\/yoast.com\/product\/yoast-seo-wordpress\/ -->\n<title>Administration des utilisateurs | Auto\u00a0Integrate<\/title>\n<meta name=\"description\" content=\"Guide sur l\u2019administration des utilisateurs\" \/>\n<meta name=\"robots\" content=\"index, follow, max-snippet:-1, max-image-preview:large, max-video-preview:-1\" \/>\n<link rel=\"canonical\" href=\"https:\/\/autointegrate.com\/fr\/utilisateurs\/\" \/>\n<meta property=\"og:locale\" content=\"fr_FR\" \/>\n<meta property=\"og:type\" content=\"article\" \/>\n<meta property=\"og:title\" content=\"Administration des utilisateurs | Auto\u00a0Integrate\" \/>\n<meta property=\"og:description\" content=\"Guide sur l\u2019administration des utilisateurs\" \/>\n<meta property=\"og:url\" content=\"https:\/\/autointegrate.com\/fr\/utilisateurs\/\" \/>\n<meta property=\"og:site_name\" content=\"Auto Integrate\" \/>\n<meta property=\"article:modified_time\" content=\"2025-06-10T10:29:44+00:00\" \/>\n<meta property=\"og:image\" content=\"https:\/\/autointegrate.com\/wp-content\/uploads\/featured_image1-1.jpg\" \/>\n\t<meta property=\"og:image:width\" content=\"1200\" \/>\n\t<meta property=\"og:image:height\" content=\"628\" \/>\n\t<meta property=\"og:image:type\" content=\"image\/jpeg\" \/>\n<meta name=\"twitter:card\" content=\"summary_large_image\" \/>\n<meta name=\"twitter:label1\" content=\"Dur\u00e9e de lecture estim\u00e9e\" \/>\n\t<meta name=\"twitter:data1\" content=\"4 minutes\" \/>\n<script type=\"application\/ld+json\" class=\"yoast-schema-graph\">{\"@context\":\"https:\\\/\\\/schema.org\",\"@graph\":[{\"@type\":\"WebPage\",\"@id\":\"https:\\\/\\\/autointegrate.com\\\/fr\\\/utilisateurs\\\/\",\"url\":\"https:\\\/\\\/autointegrate.com\\\/fr\\\/utilisateurs\\\/\",\"name\":\"Administration des utilisateurs | Auto\u00a0Integrate\",\"isPartOf\":{\"@id\":\"https:\\\/\\\/autointegrate.com\\\/fr\\\/#website\"},\"datePublished\":\"2024-12-02T10:30:33+00:00\",\"dateModified\":\"2025-06-10T10:29:44+00:00\",\"description\":\"Guide sur l\u2019administration des utilisateurs\",\"breadcrumb\":{\"@id\":\"https:\\\/\\\/autointegrate.com\\\/fr\\\/utilisateurs\\\/#breadcrumb\"},\"inLanguage\":\"fr-FR\",\"potentialAction\":[{\"@type\":\"ReadAction\",\"target\":[\"https:\\\/\\\/autointegrate.com\\\/fr\\\/utilisateurs\\\/\"]}]},{\"@type\":\"BreadcrumbList\",\"@id\":\"https:\\\/\\\/autointegrate.com\\\/fr\\\/utilisateurs\\\/#breadcrumb\",\"itemListElement\":[{\"@type\":\"ListItem\",\"position\":1,\"name\":\"Home\",\"item\":\"https:\\\/\\\/autointegrate.com\\\/fr\\\/\"},{\"@type\":\"ListItem\",\"position\":2,\"name\":\"Utilisateurs\"}]},{\"@type\":\"WebSite\",\"@id\":\"https:\\\/\\\/autointegrate.com\\\/fr\\\/#website\",\"url\":\"https:\\\/\\\/autointegrate.com\\\/fr\\\/\",\"name\":\"Auto Integrate\",\"description\":\"\",\"publisher\":{\"@id\":\"https:\\\/\\\/autointegrate.com\\\/fr\\\/#organization\"},\"potentialAction\":[{\"@type\":\"SearchAction\",\"target\":{\"@type\":\"EntryPoint\",\"urlTemplate\":\"https:\\\/\\\/autointegrate.com\\\/fr\\\/?s={search_term_string}\"},\"query-input\":{\"@type\":\"PropertyValueSpecification\",\"valueRequired\":true,\"valueName\":\"search_term_string\"}}],\"inLanguage\":\"fr-FR\"},{\"@type\":\"Organization\",\"@id\":\"https:\\\/\\\/autointegrate.com\\\/fr\\\/#organization\",\"name\":\"Auto Integrate LLC.\",\"url\":\"https:\\\/\\\/autointegrate.com\\\/fr\\\/\",\"logo\":{\"@type\":\"ImageObject\",\"inLanguage\":\"fr-FR\",\"@id\":\"https:\\\/\\\/autointegrate.com\\\/fr\\\/#\\\/schema\\\/logo\\\/image\\\/\",\"url\":\"https:\\\/\\\/autointegrate.com\\\/wp-content\\\/uploads\\\/Auto_Integrate_StickyLogo.png\",\"contentUrl\":\"https:\\\/\\\/autointegrate.com\\\/wp-content\\\/uploads\\\/Auto_Integrate_StickyLogo.png\",\"width\":200,\"height\":48,\"caption\":\"Auto Integrate LLC.\"},\"image\":{\"@id\":\"https:\\\/\\\/autointegrate.com\\\/fr\\\/#\\\/schema\\\/logo\\\/image\\\/\"}}]}<\/script>\n<!-- \/ Yoast SEO plugin. -->","yoast_head_json":{"title":"Administration des utilisateurs | Auto\u00a0Integrate","description":"Guide sur l\u2019administration des utilisateurs","robots":{"index":"index","follow":"follow","max-snippet":"max-snippet:-1","max-image-preview":"max-image-preview:large","max-video-preview":"max-video-preview:-1"},"canonical":"https:\/\/autointegrate.com\/fr\/utilisateurs\/","og_locale":"fr_FR","og_type":"article","og_title":"Administration des utilisateurs | Auto\u00a0Integrate","og_description":"Guide sur l\u2019administration des utilisateurs","og_url":"https:\/\/autointegrate.com\/fr\/utilisateurs\/","og_site_name":"Auto Integrate","article_modified_time":"2025-06-10T10:29:44+00:00","og_image":[{"width":1200,"height":628,"url":"https:\/\/autointegrate.com\/wp-content\/uploads\/featured_image1-1.jpg","type":"image\/jpeg"}],"twitter_card":"summary_large_image","twitter_misc":{"Dur\u00e9e de lecture estim\u00e9e":"4 minutes"},"schema":{"@context":"https:\/\/schema.org","@graph":[{"@type":"WebPage","@id":"https:\/\/autointegrate.com\/fr\/utilisateurs\/","url":"https:\/\/autointegrate.com\/fr\/utilisateurs\/","name":"Administration des utilisateurs | Auto\u00a0Integrate","isPartOf":{"@id":"https:\/\/autointegrate.com\/fr\/#website"},"datePublished":"2024-12-02T10:30:33+00:00","dateModified":"2025-06-10T10:29:44+00:00","description":"Guide sur l\u2019administration des utilisateurs","breadcrumb":{"@id":"https:\/\/autointegrate.com\/fr\/utilisateurs\/#breadcrumb"},"inLanguage":"fr-FR","potentialAction":[{"@type":"ReadAction","target":["https:\/\/autointegrate.com\/fr\/utilisateurs\/"]}]},{"@type":"BreadcrumbList","@id":"https:\/\/autointegrate.com\/fr\/utilisateurs\/#breadcrumb","itemListElement":[{"@type":"ListItem","position":1,"name":"Home","item":"https:\/\/autointegrate.com\/fr\/"},{"@type":"ListItem","position":2,"name":"Utilisateurs"}]},{"@type":"WebSite","@id":"https:\/\/autointegrate.com\/fr\/#website","url":"https:\/\/autointegrate.com\/fr\/","name":"Auto Integrate","description":"","publisher":{"@id":"https:\/\/autointegrate.com\/fr\/#organization"},"potentialAction":[{"@type":"SearchAction","target":{"@type":"EntryPoint","urlTemplate":"https:\/\/autointegrate.com\/fr\/?s={search_term_string}"},"query-input":{"@type":"PropertyValueSpecification","valueRequired":true,"valueName":"search_term_string"}}],"inLanguage":"fr-FR"},{"@type":"Organization","@id":"https:\/\/autointegrate.com\/fr\/#organization","name":"Auto Integrate LLC.","url":"https:\/\/autointegrate.com\/fr\/","logo":{"@type":"ImageObject","inLanguage":"fr-FR","@id":"https:\/\/autointegrate.com\/fr\/#\/schema\/logo\/image\/","url":"https:\/\/autointegrate.com\/wp-content\/uploads\/Auto_Integrate_StickyLogo.png","contentUrl":"https:\/\/autointegrate.com\/wp-content\/uploads\/Auto_Integrate_StickyLogo.png","width":200,"height":48,"caption":"Auto Integrate LLC."},"image":{"@id":"https:\/\/autointegrate.com\/fr\/#\/schema\/logo\/image\/"}}]}},"_links":{"self":[{"href":"https:\/\/autointegrate.com\/fr\/wp-json\/wp\/v2\/pages\/165043","targetHints":{"allow":["GET"]}}],"collection":[{"href":"https:\/\/autointegrate.com\/fr\/wp-json\/wp\/v2\/pages"}],"about":[{"href":"https:\/\/autointegrate.com\/fr\/wp-json\/wp\/v2\/types\/page"}],"author":[{"embeddable":true,"href":"https:\/\/autointegrate.com\/fr\/wp-json\/wp\/v2\/users\/6"}],"replies":[{"embeddable":true,"href":"https:\/\/autointegrate.com\/fr\/wp-json\/wp\/v2\/comments?post=165043"}],"version-history":[{"count":2,"href":"https:\/\/autointegrate.com\/fr\/wp-json\/wp\/v2\/pages\/165043\/revisions"}],"predecessor-version":[{"id":165050,"href":"https:\/\/autointegrate.com\/fr\/wp-json\/wp\/v2\/pages\/165043\/revisions\/165050"}],"wp:attachment":[{"href":"https:\/\/autointegrate.com\/fr\/wp-json\/wp\/v2\/media?parent=165043"}],"wp:term":[{"taxonomy":"folder","embeddable":true,"href":"https:\/\/autointegrate.com\/fr\/wp-json\/wp\/v2\/folder?post=165043"}],"curies":[{"name":"wp","href":"https:\/\/api.w.org\/{rel}","templated":true}]}}